{"id":49066,"date":"2024-10-09T16:43:40","date_gmt":"2024-10-09T14:43:40","guid":{"rendered":"https:\/\/muscleforge.nl\/product\/pit-bull-athletic-hilltop-hooded-nylon-jacket-royal-blue\/"},"modified":"2025-06-02T00:06:47","modified_gmt":"2025-06-01T22:06:47","slug":"pit-bull-athletic-hilltop-hooded-nylon-jacket-royal-blue","status":"publish","type":"product","link":"https:\/\/muscleforge.nl\/pl\/produkt\/pit-bull-athletic-hilltop-hooded-nylon-jacket-royal-blue\/","title":{"rendered":"PIT BULL Athletic Hilltop Hooded Nylon Jacket ROYAL BLUE"},"content":{"rendered":"<div class=\" product-block product-block--title product-block--first \">\n<h1 class=\"product_name\">ATHLETIC HILLTOP JACKET<\/h1>\n<p>&nbsp;<\/p>\n<\/div>\n<div class=\" product-block product-block--description \">\n<div class=\"description\">\n<p>Kurtka przej\u015bciowa m\u0119ska z kolekcji firmy PIT BULL WEST COAST \u2013 Athletic Hilltop<\/p>\n<p>&#8211; klasyczny uniwersalny sportowy fason<br \/>\n&#8211; wykonana z wysokiej jako\u015bci \u015bredniej grubo\u015bci tkaniny nylonowej<br \/>\n&#8211; tkanina zachowuje swoje w\u0142a\u015bciwo\u015bci wiatroszczelne i wodoszczelne, przy r\u00f3wnoczesnym podniesieniu komfortu cieplnego<br \/>\n&#8211; podszyta lekk\u0105 poliestrow\u0105 siateczk\u0105, kt\u00f3ra dodatkowo wspiera system cyrkulacji powietrza<br \/>\n&#8211; otwory wentylacyjne pod pachami<br \/>\n&#8211; zintegrowany kaptur z regulacj\u0105 sznurkiem<br \/>\n&#8211; wysoka st\u00f3jka chroni\u0105ca przed wiatrem oraz zimnem<br \/>\n&#8211; w kapturze umieszczono dodatkow\u0105 warstw\u0119 podszewki typu mesh<br \/>\n&#8211; du\u017cy pionowy nadruk na plecach PITBULL 1989<br \/>\n&#8211; silikonowa naszywka z logo marki Pit Bull umieszczona na lewym r\u0119kawie<br \/>\n&#8211; nadrukowany napis Pitbull na piersi<br \/>\n&#8211; dwie wszyte boczne kieszenie zapinane na zamki<br \/>\n&#8211; praktyczna wewn\u0119trzna kiesze\u0144 zapinana na rzep<br \/>\n&#8211; mocne szerokie \u015bci\u0105gacze na r\u0119kawach i u do\u0142u kurtki<br \/>\n&#8211; raglanowe r\u0119kawy<br \/>\n&#8211; wszystkie suwaki posiadaj\u0105 zawieszki z logo marki u\u0142atwiaj\u0105ce rozpinanie<br \/>\n&#8211; kontrastowe wyko\u0144czenie bogate w detale<br \/>\n&#8211; sk\u0142ad materia\u0142u: na zewn\u0105trz \u2013 100% nylon \/ podszewka \u2013 100% poliester<\/p>\n<\/div>\n<p><img loading=\"lazy\" decoding=\"async\" class=\"alignnone wp-image-41823 size-full\" src=\"https:\/\/muscleforge.nl\/wp-content\/uploads\/2023\/11\/2022-10-31-5.png\" alt=\"\" width=\"527\" height=\"584\" srcset=\"https:\/\/muscleforge.nl\/wp-content\/uploads\/2023\/11\/2022-10-31-5.png 527w, https:\/\/muscleforge.nl\/wp-content\/uploads\/2023\/11\/2022-10-31-5-271x300.png 271w\" sizes=\"auto, (max-width: 527px) 100vw, 527px\" \/><\/p>\n<p><img loading=\"lazy\" decoding=\"async\" class=\"alignnone wp-image-41826 size-full\" src=\"https:\/\/muscleforge.nl\/wp-content\/uploads\/2023\/11\/PIT-BULL-Athletic-Hilltop-Hood-Nylon-Jacket-ALL-BLACK-CAMO9.jpg\" alt=\"\" width=\"599\" height=\"286\" srcset=\"https:\/\/muscleforge.nl\/wp-content\/uploads\/2023\/11\/PIT-BULL-Athletic-Hilltop-Hood-Nylon-Jacket-ALL-BLACK-CAMO9.jpg 599w, https:\/\/muscleforge.nl\/wp-content\/uploads\/2023\/11\/PIT-BULL-Athletic-Hilltop-Hood-Nylon-Jacket-ALL-BLACK-CAMO9-300x143.jpg 300w, https:\/\/muscleforge.nl\/wp-content\/uploads\/2023\/11\/PIT-BULL-Athletic-Hilltop-Hood-Nylon-Jacket-ALL-BLACK-CAMO9-580x277.jpg 580w\" sizes=\"auto, (max-width: 599px) 100vw, 599px\" \/><\/p>\n<\/div>\n","protected":false},"excerpt":{"rendered":"<p>ATHLETIC HILLTOP JACKET &nbsp; Kurtka przej\u015bciowa m\u0119ska z kolekcji firmy PIT BULL WEST COAST \u2013 Athletic Hilltop &#8211; klasyczny uniwersalny sportowy fason &#8211; wykonana z wysokiej jako\u015bci \u015bredniej grubo\u015bci tkaniny nylonowej &#8211; tkanina zachowuje swoje w\u0142a\u015bciwo\u015bci wiatroszczelne i wodoszczelne, przy r\u00f3wnoczesnym podniesieniu komfortu cieplnego &#8211; podszyta lekk\u0105 poliestrow\u0105 siateczk\u0105, kt\u00f3ra dodatkowo wspiera system cyrkulacji powietrza&#8230;<\/p>\n","protected":false},"featured_media":49060,"comment_status":"open","ping_status":"closed","template":"","meta":[],"product_brand":[],"product_cat":[798,799,804,805],"product_tag":[],"class_list":{"0":"post-49066","1":"product","2":"type-product","3":"status-publish","4":"has-post-thumbnail","6":"product_cat-odziez","7":"product_cat-dla-mezczyzn","8":"product_cat-kurtki","9":"product_cat-kurtki-letnie","11":"first","12":"outofstock","13":"taxable","14":"shipping-taxable","15":"product-type-variable"},"_links":{"self":[{"href":"https:\/\/muscleforge.nl\/pl\/wp-json\/wp\/v2\/product\/49066","targetHints":{"allow":["GET"]}}],"collection":[{"href":"https:\/\/muscleforge.nl\/pl\/wp-json\/wp\/v2\/product"}],"about":[{"href":"https:\/\/muscleforge.nl\/pl\/wp-json\/wp\/v2\/types\/product"}],"replies":[{"embeddable":true,"href":"https:\/\/muscleforge.nl\/pl\/wp-json\/wp\/v2\/comments?post=49066"}],"wp:featuredmedia":[{"embeddable":true,"href":"https:\/\/muscleforge.nl\/pl\/wp-json\/wp\/v2\/media\/49060"}],"wp:attachment":[{"href":"https:\/\/muscleforge.nl\/pl\/wp-json\/wp\/v2\/media?parent=49066"}],"wp:term":[{"taxonomy":"product_brand","embeddable":true,"href":"https:\/\/muscleforge.nl\/pl\/wp-json\/wp\/v2\/product_brand?post=49066"},{"taxonomy":"product_cat","embeddable":true,"href":"https:\/\/muscleforge.nl\/pl\/wp-json\/wp\/v2\/product_cat?post=49066"},{"taxonomy":"product_tag","embeddable":true,"href":"https:\/\/muscleforge.nl\/pl\/wp-json\/wp\/v2\/product_tag?post=49066"}],"curies":[{"name":"wp","href":"https:\/\/api.w.org\/{rel}","templated":true}]}}