{"id":49136,"date":"2024-10-10T14:14:42","date_gmt":"2024-10-10T12:14:42","guid":{"rendered":"https:\/\/muscleforge.nl\/product\/pit-bull-crewneck-street-king-black\/"},"modified":"2025-06-02T00:06:46","modified_gmt":"2025-06-01T22:06:46","slug":"pit-bull-crewneck-street-king-black","status":"publish","type":"product","link":"https:\/\/muscleforge.nl\/pl\/produkt\/pit-bull-crewneck-street-king-black\/","title":{"rendered":"PIT BULL CREWNECK STREET KING BLACK"},"content":{"rendered":"<h1>PIT BULL CREWNECK STREET KING<\/h1>\n<p>Bluza m\u0119ska z kolekcji firmy PITBULL \u2013 Street King<\/p>\n<p>SERIA REGULAR<\/p>\n<p>&#8211; klasyczny regularny fason typu crewneck z okr\u0105g\u0142ym dekoltem<br \/>\n&#8211; wykonana z grubej wysokogatunkowej dzianiny Terry Brushed Fleece o gramaturze 400 g\/m2<br \/>\n&#8211; tkanina na zewn\u0105trz posiada bardzo drobny splot, a od wewn\u0119trznej strony jest szczotkowana i przyjemna w dotyku<br \/>\n&#8211; dzi\u0119ki zastosowaniu syntetycznych w\u0142\u00f3kien bluza zachowuje sw\u00f3j fason po wielu praniach<br \/>\n&#8211; wzmocnione mocne \u017cebrowane \u015bci\u0105gacze na r\u0119kawach oraz u do\u0142u bluzy<br \/>\n&#8211; \u017cebrowany ko\u0142nierz<br \/>\n&#8211; od wewn\u0119trznej strony ko\u0142nierza mi\u0119kka lam\u00f3wka chroni\u0105ca przed otarciami<br \/>\n&#8211; du\u017cy efektowny nadruk na plecach<br \/>\n&#8211; nadruk PitBull na klatce piersiowej<br \/>\n&#8211; nadruki wykonane s\u0105 specjalistyczn\u0105 technologi\u0105 sitodruku przez co s\u0105 bardzo trwa\u0142e i odporne na \u015bcieranie<br \/>\n&#8211; po prawej stronie bluzy wszyta \u017cakardowa metka Pitbull<br \/>\n&#8211; na lewym r\u0119kawie nad \u015bci\u0105gaczem wyszywane logo marki<br \/>\n&#8211; do po\u0142\u0105czenia tkanin zastosowano szwy typu Autolap kt\u00f3re s\u0105 p\u0142askie i odporne na rozerwania<br \/>\n&#8211; sk\u0142ad materia\u0142u: 60% bawe\u0142na \/ 40% poliester<\/p>\n<p>&nbsp;<\/p>\n<p><img loading=\"lazy\" decoding=\"async\" class=\"alignnone wp-image-49125 size-full\" src=\"https:\/\/muscleforge.nl\/wp-content\/uploads\/2024\/10\/Crewneck1.png\" alt=\"\" width=\"858\" height=\"665\" srcset=\"https:\/\/muscleforge.nl\/wp-content\/uploads\/2024\/10\/Crewneck1.png 858w, https:\/\/muscleforge.nl\/wp-content\/uploads\/2024\/10\/Crewneck1-300x233.png 300w, https:\/\/muscleforge.nl\/wp-content\/uploads\/2024\/10\/Crewneck1-768x595.png 768w, https:\/\/muscleforge.nl\/wp-content\/uploads\/2024\/10\/Crewneck1-580x450.png 580w, https:\/\/muscleforge.nl\/wp-content\/uploads\/2024\/10\/Crewneck1-600x465.png 600w\" sizes=\"auto, (max-width: 858px) 100vw, 858px\" \/><\/p>\n<p>&nbsp;<\/p>\n<p><img loading=\"lazy\" decoding=\"async\" class=\"alignnone wp-image-49128 size-full\" src=\"https:\/\/muscleforge.nl\/wp-content\/uploads\/2024\/10\/PIT-BULL-CREWNECK-STREET-KING-BLACK9.jpg\" alt=\"\" width=\"606\" height=\"286\" srcset=\"https:\/\/muscleforge.nl\/wp-content\/uploads\/2024\/10\/PIT-BULL-CREWNECK-STREET-KING-BLACK9.jpg 606w, https:\/\/muscleforge.nl\/wp-content\/uploads\/2024\/10\/PIT-BULL-CREWNECK-STREET-KING-BLACK9-300x142.jpg 300w, https:\/\/muscleforge.nl\/wp-content\/uploads\/2024\/10\/PIT-BULL-CREWNECK-STREET-KING-BLACK9-580x274.jpg 580w, https:\/\/muscleforge.nl\/wp-content\/uploads\/2024\/10\/PIT-BULL-CREWNECK-STREET-KING-BLACK9-600x283.jpg 600w\" sizes=\"auto, (max-width: 606px) 100vw, 606px\" \/><\/p>\n","protected":false},"excerpt":{"rendered":"<p>PIT BULL CREWNECK STREET KING Bluza m\u0119ska z kolekcji firmy PITBULL \u2013 Street King SERIA REGULAR &#8211; klasyczny regularny fason typu crewneck z okr\u0105g\u0142ym dekoltem &#8211; wykonana z grubej wysokogatunkowej dzianiny Terry Brushed Fleece o gramaturze 400 g\/m2 &#8211; tkanina na zewn\u0105trz posiada bardzo drobny splot, a od wewn\u0119trznej strony jest szczotkowana i przyjemna w&#8230;<\/p>\n","protected":false},"featured_media":49121,"comment_status":"open","ping_status":"closed","template":"","meta":[],"product_brand":[],"product_cat":[798,799,800,814,890],"product_tag":[],"class_list":{"0":"post-49136","1":"product","2":"type-product","3":"status-publish","4":"has-post-thumbnail","6":"product_cat-odziez","7":"product_cat-dla-mezczyzn","8":"product_cat-promocja","9":"product_cat-bez-kaptura","10":"product_cat-bluzy-pl-3","12":"first","13":"instock","14":"sale","15":"taxable","16":"shipping-taxable","17":"purchasable","18":"product-type-variable"},"_links":{"self":[{"href":"https:\/\/muscleforge.nl\/pl\/wp-json\/wp\/v2\/product\/49136","targetHints":{"allow":["GET"]}}],"collection":[{"href":"https:\/\/muscleforge.nl\/pl\/wp-json\/wp\/v2\/product"}],"about":[{"href":"https:\/\/muscleforge.nl\/pl\/wp-json\/wp\/v2\/types\/product"}],"replies":[{"embeddable":true,"href":"https:\/\/muscleforge.nl\/pl\/wp-json\/wp\/v2\/comments?post=49136"}],"wp:featuredmedia":[{"embeddable":true,"href":"https:\/\/muscleforge.nl\/pl\/wp-json\/wp\/v2\/media\/49121"}],"wp:attachment":[{"href":"https:\/\/muscleforge.nl\/pl\/wp-json\/wp\/v2\/media?parent=49136"}],"wp:term":[{"taxonomy":"product_brand","embeddable":true,"href":"https:\/\/muscleforge.nl\/pl\/wp-json\/wp\/v2\/product_brand?post=49136"},{"taxonomy":"product_cat","embeddable":true,"href":"https:\/\/muscleforge.nl\/pl\/wp-json\/wp\/v2\/product_cat?post=49136"},{"taxonomy":"product_tag","embeddable":true,"href":"https:\/\/muscleforge.nl\/pl\/wp-json\/wp\/v2\/product_tag?post=49136"}],"curies":[{"name":"wp","href":"https:\/\/api.w.org\/{rel}","templated":true}]}}