{"id":49258,"date":"2024-10-10T16:58:00","date_gmt":"2024-10-10T14:58:00","guid":{"rendered":"https:\/\/muscleforge.nl\/product\/pit-bull-t-shirt-san-diego-dog-black\/"},"modified":"2025-06-02T00:06:45","modified_gmt":"2025-06-01T22:06:45","slug":"pit-bull-t-shirt-san-diego-dog-black","status":"publish","type":"product","link":"https:\/\/muscleforge.nl\/pl\/produkt\/pit-bull-t-shirt-san-diego-dog-black\/","title":{"rendered":"PIT BULL T-SHIRT SAN DIEGO DOG BLACK"},"content":{"rendered":"<h1>PIT BULL T-SHIRT SAN DIEGO DOG<\/h1>\n<div class=\"flex max-w-full flex-col flex-grow\">\n<div class=\"min-h-8 text-message flex w-full flex-col items-end gap-2 whitespace-normal break-words [.text-message+&amp;]:mt-5\" dir=\"auto\" data-message-author-role=\"assistant\" data-message-id=\"23cab13a-c4ca-4538-b095-fdc85d5971c2\" data-message-model-slug=\"gpt-4o\">\n<div class=\"flex w-full flex-col gap-1 empty:hidden first:pt-[3px]\">\n<div class=\"markdown prose w-full break-words dark:prose-invert light\">\n<p>Koszulka m\u0119ska z kolekcji wiosna \/ lato firmy PIT BULL WEST COAST \u2013 San Diego Dog<\/p>\n<p>SERIA MIDDLE WEIGHT 170 BASIC<\/p>\n<p>&#8211; klasyczny regularny fason z okr\u0105g\u0142ym dekoltem<br \/>\n&#8211; T-Shirt wykonany z najwy\u017cszej jako\u015bci bawe\u0142ny o gramaturze 170 g\/m2<br \/>\n&#8211; mi\u0119kka lam\u00f3wka od wewn\u0119trznej strony ko\u0142nierza chroni\u0105ca przed otarciami<br \/>\n&#8211; du\u017cy nadruk z przodu<br \/>\n&#8211; nadruki wykonane specjalistyczn\u0105 technologi\u0105 sitodruku odporne na spieranie<br \/>\n&#8211; du\u017ca tkana naszywka z logo marki PIT BULL WEST COAST u do\u0142u koszulki<br \/>\n&#8211; ma\u0142a tkana naszywka na kraw\u0119dzi lewego r\u0119kawa<br \/>\n&#8211; sk\u0142ad materia\u0142u: 100% bawe\u0142na<\/p>\n<\/div>\n<\/div>\n<\/div>\n<\/div>\n<p><img loading=\"lazy\" decoding=\"async\" class=\"alignnone wp-image-49247 size-full\" src=\"https:\/\/muscleforge.nl\/wp-content\/uploads\/2024\/10\/T-shirt-2.png\" alt=\"\" width=\"504\" height=\"444\" srcset=\"https:\/\/muscleforge.nl\/wp-content\/uploads\/2024\/10\/T-shirt-2.png 504w, https:\/\/muscleforge.nl\/wp-content\/uploads\/2024\/10\/T-shirt-2-300x264.png 300w\" sizes=\"auto, (max-width: 504px) 100vw, 504px\" \/><\/p>\n<p>&nbsp;<\/p>\n<p><img loading=\"lazy\" decoding=\"async\" class=\"alignnone wp-image-49250 size-full\" src=\"https:\/\/muscleforge.nl\/wp-content\/uploads\/2024\/10\/PIT-BULL-T-SHIRT-SAN-DIEGO-DOG-BLACK9.jpg\" alt=\"\" width=\"616\" height=\"292\" srcset=\"https:\/\/muscleforge.nl\/wp-content\/uploads\/2024\/10\/PIT-BULL-T-SHIRT-SAN-DIEGO-DOG-BLACK9.jpg 616w, https:\/\/muscleforge.nl\/wp-content\/uploads\/2024\/10\/PIT-BULL-T-SHIRT-SAN-DIEGO-DOG-BLACK9-300x142.jpg 300w, https:\/\/muscleforge.nl\/wp-content\/uploads\/2024\/10\/PIT-BULL-T-SHIRT-SAN-DIEGO-DOG-BLACK9-580x275.jpg 580w, https:\/\/muscleforge.nl\/wp-content\/uploads\/2024\/10\/PIT-BULL-T-SHIRT-SAN-DIEGO-DOG-BLACK9-600x284.jpg 600w\" sizes=\"auto, (max-width: 616px) 100vw, 616px\" \/><\/p>\n<div class=\"mb-2 flex gap-3 empty:hidden -ml-2\">\n<div class=\"items-center justify-start rounded-xl p-1 flex\"><\/div>\n<\/div>\n","protected":false},"excerpt":{"rendered":"<p>PIT BULL T-SHIRT SAN DIEGO DOG Koszulka m\u0119ska z kolekcji wiosna \/ lato firmy PIT BULL WEST COAST \u2013 San Diego Dog SERIA MIDDLE WEIGHT 170 BASIC &#8211; klasyczny regularny fason z okr\u0105g\u0142ym dekoltem &#8211; T-Shirt wykonany z najwy\u017cszej jako\u015bci bawe\u0142ny o gramaturze 170 g\/m2 &#8211; mi\u0119kka lam\u00f3wka od wewn\u0119trznej strony ko\u0142nierza chroni\u0105ca przed otarciami&#8230;<\/p>\n","protected":false},"featured_media":49243,"comment_status":"open","ping_status":"closed","template":"","meta":[],"product_brand":[],"product_cat":[798,799,800,809,812],"product_tag":[],"class_list":{"0":"post-49258","1":"product","2":"type-product","3":"status-publish","4":"has-post-thumbnail","6":"product_cat-odziez","7":"product_cat-dla-mezczyzn","8":"product_cat-promocja","9":"product_cat-koszulki","10":"product_cat-t-shirts-pl","12":"first","13":"instock","14":"sale","15":"taxable","16":"shipping-taxable","17":"purchasable","18":"product-type-variable"},"_links":{"self":[{"href":"https:\/\/muscleforge.nl\/pl\/wp-json\/wp\/v2\/product\/49258","targetHints":{"allow":["GET"]}}],"collection":[{"href":"https:\/\/muscleforge.nl\/pl\/wp-json\/wp\/v2\/product"}],"about":[{"href":"https:\/\/muscleforge.nl\/pl\/wp-json\/wp\/v2\/types\/product"}],"replies":[{"embeddable":true,"href":"https:\/\/muscleforge.nl\/pl\/wp-json\/wp\/v2\/comments?post=49258"}],"wp:featuredmedia":[{"embeddable":true,"href":"https:\/\/muscleforge.nl\/pl\/wp-json\/wp\/v2\/media\/49243"}],"wp:attachment":[{"href":"https:\/\/muscleforge.nl\/pl\/wp-json\/wp\/v2\/media?parent=49258"}],"wp:term":[{"taxonomy":"product_brand","embeddable":true,"href":"https:\/\/muscleforge.nl\/pl\/wp-json\/wp\/v2\/product_brand?post=49258"},{"taxonomy":"product_cat","embeddable":true,"href":"https:\/\/muscleforge.nl\/pl\/wp-json\/wp\/v2\/product_cat?post=49258"},{"taxonomy":"product_tag","embeddable":true,"href":"https:\/\/muscleforge.nl\/pl\/wp-json\/wp\/v2\/product_tag?post=49258"}],"curies":[{"name":"wp","href":"https:\/\/api.w.org\/{rel}","templated":true}]}}