{"id":49360,"date":"2024-10-11T13:49:14","date_gmt":"2024-10-11T11:49:14","guid":{"rendered":"https:\/\/muscleforge.nl\/product\/pit-bull-full-cap-small-logo-welding-youth-black\/"},"modified":"2025-06-02T00:06:43","modified_gmt":"2025-06-01T22:06:43","slug":"pit-bull-full-cap-small-logo-welding-youth-black","status":"publish","type":"product","link":"https:\/\/muscleforge.nl\/pl\/produkt\/pit-bull-full-cap-small-logo-welding-youth-black\/","title":{"rendered":"PIT BULL FULL CAP 'SMALL LOGO\u201d WELDING YOUTH BLACK"},"content":{"rendered":"<h1>PIT BULL FULL CAP 'SMALL LOGO\u201d WELDING YOUTH<\/h1>\n<p>Czapka z daszkiem z kolekcji firmy PIT BULL WEST COAST &#8211; Youth Logo<\/p>\n<p>&#8211; m\u0142odzie\u017cowy uniwersalny fason<br \/>\n&#8211; specjalna technologia FLEXFIT z elastyczn\u0105 ta\u015bm\u0105 zapewnia wytrzyma\u0142o\u015b\u0107 oraz wysoki komfort noszenia<br \/>\n&#8211; zagi\u0119ty daszek dla lepszego dopasowania<br \/>\n&#8211; sze\u015bciocz\u0119\u015bciowa panelowa konstrukcja<br \/>\n&#8211; zamkni\u0119ta konstrukcja typu FULL CAP<br \/>\n&#8211; specjalne podszycie usztywniaj\u0105ce prz\u00f3d zapewnia wytrzyma\u0142o\u015b\u0107 oraz wygod\u0119<br \/>\n&#8211; ma\u0142e silikonowe logo PitBull froncie<br \/>\n&#8211; silikonowy napis z ty\u0142u czapki<br \/>\n&#8211; wytrzyma\u0142y i mocny materia\u0142<br \/>\n&#8211; sk\u0142ad materia\u0142u: 63% poliester, 34% bawe\u0142na, 3% elastan<\/p>\n<p>Pasuje na obw\u00f3d g\u0142owy w zakresie 52 \u2013 56 cm<\/p>\n","protected":false},"excerpt":{"rendered":"<p>PIT BULL FULL CAP 'SMALL LOGO\u201d WELDING YOUTH Czapka z daszkiem z kolekcji firmy PIT BULL WEST COAST &#8211; Youth Logo &#8211; m\u0142odzie\u017cowy uniwersalny fason &#8211; specjalna technologia FLEXFIT z elastyczn\u0105 ta\u015bm\u0105 zapewnia wytrzyma\u0142o\u015b\u0107 oraz wysoki komfort noszenia &#8211; zagi\u0119ty daszek dla lepszego dopasowania &#8211; sze\u015bciocz\u0119\u015bciowa panelowa konstrukcja &#8211; zamkni\u0119ta konstrukcja typu FULL CAP &#8211;&#8230;<\/p>\n","protected":false},"featured_media":49356,"comment_status":"open","ping_status":"closed","template":"","meta":[],"product_brand":[],"product_cat":[774,780,783,784],"product_tag":[],"class_list":{"0":"post-49360","1":"product","2":"type-product","3":"status-publish","4":"has-post-thumbnail","6":"product_cat-akcesoria","7":"product_cat-akcesoria-uliczne","8":"product_cat-czapki","9":"product_cat-czapki-z-daszkiem","11":"first","12":"instock","13":"sale","14":"taxable","15":"shipping-taxable","16":"purchasable","17":"product-type-simple"},"_links":{"self":[{"href":"https:\/\/muscleforge.nl\/pl\/wp-json\/wp\/v2\/product\/49360","targetHints":{"allow":["GET"]}}],"collection":[{"href":"https:\/\/muscleforge.nl\/pl\/wp-json\/wp\/v2\/product"}],"about":[{"href":"https:\/\/muscleforge.nl\/pl\/wp-json\/wp\/v2\/types\/product"}],"replies":[{"embeddable":true,"href":"https:\/\/muscleforge.nl\/pl\/wp-json\/wp\/v2\/comments?post=49360"}],"wp:featuredmedia":[{"embeddable":true,"href":"https:\/\/muscleforge.nl\/pl\/wp-json\/wp\/v2\/media\/49356"}],"wp:attachment":[{"href":"https:\/\/muscleforge.nl\/pl\/wp-json\/wp\/v2\/media?parent=49360"}],"wp:term":[{"taxonomy":"product_brand","embeddable":true,"href":"https:\/\/muscleforge.nl\/pl\/wp-json\/wp\/v2\/product_brand?post=49360"},{"taxonomy":"product_cat","embeddable":true,"href":"https:\/\/muscleforge.nl\/pl\/wp-json\/wp\/v2\/product_cat?post=49360"},{"taxonomy":"product_tag","embeddable":true,"href":"https:\/\/muscleforge.nl\/pl\/wp-json\/wp\/v2\/product_tag?post=49360"}],"curies":[{"name":"wp","href":"https:\/\/api.w.org\/{rel}","templated":true}]}}