{"id":49431,"date":"2024-10-11T15:04:49","date_gmt":"2024-10-11T13:04:49","guid":{"rendered":"https:\/\/muscleforge.nl\/product\/pit-bull-snapback-hook-loop-3d-metal-logo-black\/"},"modified":"2025-06-02T00:06:42","modified_gmt":"2025-06-01T22:06:42","slug":"pit-bull-snapback-hook-loop-3d-metal-logo-black","status":"publish","type":"product","link":"https:\/\/muscleforge.nl\/pl\/produkt\/pit-bull-snapback-hook-loop-3d-metal-logo-black\/","title":{"rendered":"PIT BULL SNAPBACK HOOK &amp; LOOP 3D METAL LOGO BLACK"},"content":{"rendered":"<h1>PIT BULL SNAPBACK HOOK &amp; LOOP 3D METAL LOGO<\/h1>\n<p>Czapka z daszkiem z kolekcji firmy PIT BULL WEST COAST &#8211; 3D Metal Logo<\/p>\n<p>&#8211; klasyczny uniwersalny fason<br \/>\n&#8211; specjalna technologia FLEXFIT z elastyczn\u0105 ta\u015bm\u0105 zapewnia wytrzyma\u0142o\u015b\u0107 oraz wysoki komfort noszenia<br \/>\n&#8211; zagi\u0119ty daszek dla lepszego dopasowania<br \/>\n&#8211; sze\u015bciocz\u0119\u015bciowa panelowa konstrukcja<br \/>\n&#8211; otwarta konstrukcja typu Snapback z regulowanym zapi\u0119ciem z ty\u0142u na rzep<br \/>\n&#8211; specjalne podszycie usztywniaj\u0105ce prz\u00f3d zapewnia wytrzyma\u0142o\u015b\u0107 oraz wygod\u0119<br \/>\n&#8211; sze\u015b\u0107 otwor\u00f3w wentylacyjnych dla jeszcze lepszej cyrkulacji powietrza<br \/>\n&#8211; ma\u0142e metalowe logo Pitbull<br \/>\n&#8211; regulacja z ty\u0142u za pomoc\u0105 mocnego rzepu<br \/>\n&#8211; wytrzyma\u0142y i mocny materia\u0142<br \/>\n&#8211; sk\u0142ad materia\u0142u: 63% poliester, 34% bawe\u0142na, 3% elastan<\/p>\n<p>Pasuje na obw\u00f3d g\u0142owy w zakresie 55 \u2013 58 cm<\/p>\n","protected":false},"excerpt":{"rendered":"<p>PIT BULL SNAPBACK HOOK &amp; LOOP 3D METAL LOGO Czapka z daszkiem z kolekcji firmy PIT BULL WEST COAST &#8211; 3D Metal Logo &#8211; klasyczny uniwersalny fason &#8211; specjalna technologia FLEXFIT z elastyczn\u0105 ta\u015bm\u0105 zapewnia wytrzyma\u0142o\u015b\u0107 oraz wysoki komfort noszenia &#8211; zagi\u0119ty daszek dla lepszego dopasowania &#8211; sze\u015bciocz\u0119\u015bciowa panelowa konstrukcja &#8211; otwarta konstrukcja typu Snapback&#8230;<\/p>\n","protected":false},"featured_media":49427,"comment_status":"open","ping_status":"closed","template":"","meta":[],"product_brand":[],"product_cat":[774,780,783,784],"product_tag":[],"class_list":{"0":"post-49431","1":"product","2":"type-product","3":"status-publish","4":"has-post-thumbnail","6":"product_cat-akcesoria","7":"product_cat-akcesoria-uliczne","8":"product_cat-czapki","9":"product_cat-czapki-z-daszkiem","11":"first","12":"instock","13":"sale","14":"taxable","15":"shipping-taxable","16":"purchasable","17":"product-type-simple"},"_links":{"self":[{"href":"https:\/\/muscleforge.nl\/pl\/wp-json\/wp\/v2\/product\/49431","targetHints":{"allow":["GET"]}}],"collection":[{"href":"https:\/\/muscleforge.nl\/pl\/wp-json\/wp\/v2\/product"}],"about":[{"href":"https:\/\/muscleforge.nl\/pl\/wp-json\/wp\/v2\/types\/product"}],"replies":[{"embeddable":true,"href":"https:\/\/muscleforge.nl\/pl\/wp-json\/wp\/v2\/comments?post=49431"}],"wp:featuredmedia":[{"embeddable":true,"href":"https:\/\/muscleforge.nl\/pl\/wp-json\/wp\/v2\/media\/49427"}],"wp:attachment":[{"href":"https:\/\/muscleforge.nl\/pl\/wp-json\/wp\/v2\/media?parent=49431"}],"wp:term":[{"taxonomy":"product_brand","embeddable":true,"href":"https:\/\/muscleforge.nl\/pl\/wp-json\/wp\/v2\/product_brand?post=49431"},{"taxonomy":"product_cat","embeddable":true,"href":"https:\/\/muscleforge.nl\/pl\/wp-json\/wp\/v2\/product_cat?post=49431"},{"taxonomy":"product_tag","embeddable":true,"href":"https:\/\/muscleforge.nl\/pl\/wp-json\/wp\/v2\/product_tag?post=49431"}],"curies":[{"name":"wp","href":"https:\/\/api.w.org\/{rel}","templated":true}]}}