{"id":49588,"date":"2024-10-12T15:32:22","date_gmt":"2024-10-12T13:32:22","guid":{"rendered":"https:\/\/muscleforge.nl\/product\/olavoga-mens-jacket-crisp-black\/"},"modified":"2025-06-02T00:06:39","modified_gmt":"2025-06-01T22:06:39","slug":"olavoga-mens-jacket-crisp-black","status":"publish","type":"product","link":"https:\/\/muscleforge.nl\/pl\/produkt\/olavoga-mens-jacket-crisp-black\/","title":{"rendered":"OLAVOGA Men&#8217;s Jacket Crisp Black"},"content":{"rendered":"<h1>OLAVOGA Men&#8217;s Jacket Crisp<\/h1>\n<p>Kurtka m\u0119ska marki Olavoga<br \/>\nMateria\u0142: 100% poliester<\/p>\n<p><strong>Cechy produktu:<\/strong><br \/>\nSportowa, rozpinana kurtka z regulowanym kapturem.<br \/>\nNa przodzie kieszenie.<br \/>\nNa brzegach \u015bci\u0105gacze.<br \/>\nTy\u0142 posiada obszerne logo brandu z 15.<br \/>\nProdukt posiada metalowe logo marki OLAVOGA.<\/p>\n<p>&nbsp;<\/p>\n<p><img loading=\"lazy\" decoding=\"async\" class=\"alignnone wp-image-49564 size-full\" src=\"https:\/\/muscleforge.nl\/wp-content\/uploads\/2024\/10\/OLAVOGA-Mens-Jacket-Crisp-Graphite9.jpg\" alt=\"\" width=\"526\" height=\"140\" srcset=\"https:\/\/muscleforge.nl\/wp-content\/uploads\/2024\/10\/OLAVOGA-Mens-Jacket-Crisp-Graphite9.jpg 526w, https:\/\/muscleforge.nl\/wp-content\/uploads\/2024\/10\/OLAVOGA-Mens-Jacket-Crisp-Graphite9-300x80.jpg 300w\" sizes=\"auto, (max-width: 526px) 100vw, 526px\" \/><\/p>\n","protected":false},"excerpt":{"rendered":"<p>OLAVOGA Men&#8217;s Jacket Crisp Kurtka m\u0119ska marki Olavoga Materia\u0142: 100% poliester Cechy produktu: Sportowa, rozpinana kurtka z regulowanym kapturem. Na przodzie kieszenie. Na brzegach \u015bci\u0105gacze. Ty\u0142 posiada obszerne logo brandu z 15. Produkt posiada metalowe logo marki OLAVOGA. &nbsp;<\/p>\n","protected":false},"featured_media":49583,"comment_status":"open","ping_status":"closed","template":"","meta":[],"product_brand":[],"product_cat":[798,799,800,804,805],"product_tag":[],"class_list":{"0":"post-49588","1":"product","2":"type-product","3":"status-publish","4":"has-post-thumbnail","6":"product_cat-odziez","7":"product_cat-dla-mezczyzn","8":"product_cat-promocja","9":"product_cat-kurtki","10":"product_cat-kurtki-letnie","12":"first","13":"instock","14":"sale","15":"taxable","16":"shipping-taxable","17":"purchasable","18":"product-type-variable"},"_links":{"self":[{"href":"https:\/\/muscleforge.nl\/pl\/wp-json\/wp\/v2\/product\/49588","targetHints":{"allow":["GET"]}}],"collection":[{"href":"https:\/\/muscleforge.nl\/pl\/wp-json\/wp\/v2\/product"}],"about":[{"href":"https:\/\/muscleforge.nl\/pl\/wp-json\/wp\/v2\/types\/product"}],"replies":[{"embeddable":true,"href":"https:\/\/muscleforge.nl\/pl\/wp-json\/wp\/v2\/comments?post=49588"}],"wp:featuredmedia":[{"embeddable":true,"href":"https:\/\/muscleforge.nl\/pl\/wp-json\/wp\/v2\/media\/49583"}],"wp:attachment":[{"href":"https:\/\/muscleforge.nl\/pl\/wp-json\/wp\/v2\/media?parent=49588"}],"wp:term":[{"taxonomy":"product_brand","embeddable":true,"href":"https:\/\/muscleforge.nl\/pl\/wp-json\/wp\/v2\/product_brand?post=49588"},{"taxonomy":"product_cat","embeddable":true,"href":"https:\/\/muscleforge.nl\/pl\/wp-json\/wp\/v2\/product_cat?post=49588"},{"taxonomy":"product_tag","embeddable":true,"href":"https:\/\/muscleforge.nl\/pl\/wp-json\/wp\/v2\/product_tag?post=49588"}],"curies":[{"name":"wp","href":"https:\/\/api.w.org\/{rel}","templated":true}]}}