{"id":49697,"date":"2024-10-14T17:43:53","date_gmt":"2024-10-14T15:43:53","guid":{"rendered":"https:\/\/muscleforge.nl\/product\/patriotic-baseball-cap-cls-uni\/"},"modified":"2025-06-02T00:06:37","modified_gmt":"2025-06-01T22:06:37","slug":"patriotic-baseball-cap-cls-uni","status":"publish","type":"product","link":"https:\/\/muscleforge.nl\/pl\/produkt\/patriotic-baseball-cap-cls-uni\/","title":{"rendered":"Patriotic Baseball Cap Cls UNI"},"content":{"rendered":"<h1>Patriotic Baseball Cap Cls UNI<\/h1>\n<p>Czapka baseball marki Patriotic<\/p>\n<p><strong>Cechy produktu:<\/strong><br \/>\nCzarna czapka z daszkiem urozmaicona o logo marki.<br \/>\nDzi\u0119ki wielopoziomowej regulacji, rozmiar czapki jest uniwersalny.<br \/>\nWewn\u0105trz czapka ozdobiona jest \u017cakardow\u0105 metk\u0105.<\/p>\n","protected":false},"excerpt":{"rendered":"<p>Patriotic Baseball Cap Cls UNI Czapka baseball marki Patriotic Cechy produktu: Czarna czapka z daszkiem urozmaicona o logo marki. Dzi\u0119ki wielopoziomowej regulacji, rozmiar czapki jest uniwersalny. Wewn\u0105trz czapka ozdobiona jest \u017cakardow\u0105 metk\u0105.<\/p>\n","protected":false},"featured_media":49693,"comment_status":"open","ping_status":"closed","template":"","meta":[],"product_brand":[],"product_cat":[774,780,783,784],"product_tag":[],"class_list":{"0":"post-49697","1":"product","2":"type-product","3":"status-publish","4":"has-post-thumbnail","6":"product_cat-akcesoria","7":"product_cat-akcesoria-uliczne","8":"product_cat-czapki","9":"product_cat-czapki-z-daszkiem","11":"first","12":"instock","13":"sale","14":"taxable","15":"shipping-taxable","16":"purchasable","17":"product-type-simple"},"_links":{"self":[{"href":"https:\/\/muscleforge.nl\/pl\/wp-json\/wp\/v2\/product\/49697","targetHints":{"allow":["GET"]}}],"collection":[{"href":"https:\/\/muscleforge.nl\/pl\/wp-json\/wp\/v2\/product"}],"about":[{"href":"https:\/\/muscleforge.nl\/pl\/wp-json\/wp\/v2\/types\/product"}],"replies":[{"embeddable":true,"href":"https:\/\/muscleforge.nl\/pl\/wp-json\/wp\/v2\/comments?post=49697"}],"wp:featuredmedia":[{"embeddable":true,"href":"https:\/\/muscleforge.nl\/pl\/wp-json\/wp\/v2\/media\/49693"}],"wp:attachment":[{"href":"https:\/\/muscleforge.nl\/pl\/wp-json\/wp\/v2\/media?parent=49697"}],"wp:term":[{"taxonomy":"product_brand","embeddable":true,"href":"https:\/\/muscleforge.nl\/pl\/wp-json\/wp\/v2\/product_brand?post=49697"},{"taxonomy":"product_cat","embeddable":true,"href":"https:\/\/muscleforge.nl\/pl\/wp-json\/wp\/v2\/product_cat?post=49697"},{"taxonomy":"product_tag","embeddable":true,"href":"https:\/\/muscleforge.nl\/pl\/wp-json\/wp\/v2\/product_tag?post=49697"}],"curies":[{"name":"wp","href":"https:\/\/api.w.org\/{rel}","templated":true}]}}