{"id":49719,"date":"2024-10-16T13:20:36","date_gmt":"2024-10-16T11:20:36","guid":{"rendered":"https:\/\/muscleforge.nl\/product\/patriotic-cls-app-waist-bag\/"},"modified":"2025-06-02T00:06:37","modified_gmt":"2025-06-01T22:06:37","slug":"patriotic-cls-app-waist-bag","status":"publish","type":"product","link":"https:\/\/muscleforge.nl\/pl\/produkt\/patriotic-cls-app-waist-bag\/","title":{"rendered":"Patriotic Cls App WAIST BAG"},"content":{"rendered":"<h1>Patriotic Cls App WAIST BAG<\/h1>\n<p>Saszetka typu nerka marki Patriotic<br \/>\nWyprodukowano w Polsce<\/p>\n<p><strong>Cechy produktu:<\/strong><br \/>\nCzarna nerka z aplikacj\u0105 z logo marki.<br \/>\nG\u0142\u00f3wna kiesze\u0144 pomie\u015bci wszystkie najpotrzebniejsze rzeczy, kt\u00f3re warto mie\u0107 pod r\u0119k\u0105 (np. telefon, portfel, klucze).<br \/>\nTylna kiesze\u0144 idealnie sprawdzi si\u0119 do bezpiecznego przechowywania dokument\u00f3w.<br \/>\nSaszetka jest wyposa\u017cona w wytrzyma\u0142e zamki, zawieszk\u0119 &#8222;Patriotic&#8221; oraz pasek o regulowanej d\u0142ugo\u015bci.<br \/>\nPojemna i wykonana z wysokiej jako\u015bci, \u0142atwoczyszcz\u0105cego si\u0119 materia\u0142u.<\/p>\n<p>&nbsp;<\/p>\n","protected":false},"excerpt":{"rendered":"<p>Patriotic Cls App WAIST BAG Saszetka typu nerka marki Patriotic Wyprodukowano w Polsce Cechy produktu: Czarna nerka z aplikacj\u0105 z logo marki. G\u0142\u00f3wna kiesze\u0144 pomie\u015bci wszystkie najpotrzebniejsze rzeczy, kt\u00f3re warto mie\u0107 pod r\u0119k\u0105 (np. telefon, portfel, klucze). Tylna kiesze\u0144 idealnie sprawdzi si\u0119 do bezpiecznego przechowywania dokument\u00f3w. Saszetka jest wyposa\u017cona w wytrzyma\u0142e zamki, zawieszk\u0119 &#8222;Patriotic&#8221; oraz&#8230;<\/p>\n","protected":false},"featured_media":49715,"comment_status":"open","ping_status":"closed","template":"","meta":[],"product_brand":[],"product_cat":[774,780,791],"product_tag":[],"class_list":{"0":"post-49719","1":"product","2":"type-product","3":"status-publish","4":"has-post-thumbnail","6":"product_cat-akcesoria","7":"product_cat-akcesoria-uliczne","8":"product_cat-nerki","10":"first","11":"instock","12":"sale","13":"taxable","14":"shipping-taxable","15":"purchasable","16":"product-type-simple"},"_links":{"self":[{"href":"https:\/\/muscleforge.nl\/pl\/wp-json\/wp\/v2\/product\/49719","targetHints":{"allow":["GET"]}}],"collection":[{"href":"https:\/\/muscleforge.nl\/pl\/wp-json\/wp\/v2\/product"}],"about":[{"href":"https:\/\/muscleforge.nl\/pl\/wp-json\/wp\/v2\/types\/product"}],"replies":[{"embeddable":true,"href":"https:\/\/muscleforge.nl\/pl\/wp-json\/wp\/v2\/comments?post=49719"}],"wp:featuredmedia":[{"embeddable":true,"href":"https:\/\/muscleforge.nl\/pl\/wp-json\/wp\/v2\/media\/49715"}],"wp:attachment":[{"href":"https:\/\/muscleforge.nl\/pl\/wp-json\/wp\/v2\/media?parent=49719"}],"wp:term":[{"taxonomy":"product_brand","embeddable":true,"href":"https:\/\/muscleforge.nl\/pl\/wp-json\/wp\/v2\/product_brand?post=49719"},{"taxonomy":"product_cat","embeddable":true,"href":"https:\/\/muscleforge.nl\/pl\/wp-json\/wp\/v2\/product_cat?post=49719"},{"taxonomy":"product_tag","embeddable":true,"href":"https:\/\/muscleforge.nl\/pl\/wp-json\/wp\/v2\/product_tag?post=49719"}],"curies":[{"name":"wp","href":"https:\/\/api.w.org\/{rel}","templated":true}]}}