{"id":50101,"date":"2024-11-01T13:25:07","date_gmt":"2024-11-01T12:25:07","guid":{"rendered":"https:\/\/muscleforge.nl\/product\/pit-bull-subl-wallet-oriole-masters-of-mma-black\/"},"modified":"2025-06-02T00:06:34","modified_gmt":"2025-06-01T22:06:34","slug":"pit-bull-subl-wallet-oriole-masters-of-mma-black","status":"publish","type":"product","link":"https:\/\/muscleforge.nl\/pl\/produkt\/pit-bull-subl-wallet-oriole-masters-of-mma-black\/","title":{"rendered":"PIT BULL SUBL.WALLET ORIOLE MASTERS OF MMA BLACK"},"content":{"rendered":"<h1>PIT BULL SUBL.WALLET ORIOLE MASTERS OF MMA<\/h1>\n<p>Portfel parciany z najnowszej kolekcji firmy PIT BULL WEST COAST &#8211; Oriole Masters Of MMA<\/p>\n<p>&#8211; wykonany z wysokogatunkowej tkaniny typu Canvas<br \/>\n&#8211; na ca\u0142ej zewn\u0119trznej powierzchni nadruk<br \/>\n&#8211; g\u0142\u00f3wna kiesze\u0144 na banknoty<br \/>\n&#8211; kiesze\u0144 na monety zamykana na zamek<br \/>\n&#8211; dodatkowa zewn\u0119trzna kiesze\u0144 na zamek<br \/>\n&#8211; cztery mniejsze kieszenie na karty<br \/>\n&#8211; ca\u0142o\u015b\u0107 zamykana na szeroki mocny rzep<br \/>\n&#8211; mocne przeszycia<\/p>\n","protected":false},"excerpt":{"rendered":"<p>PIT BULL SUBL.WALLET ORIOLE MASTERS OF MMA Portfel parciany z najnowszej kolekcji firmy PIT BULL WEST COAST &#8211; Oriole Masters Of MMA &#8211; wykonany z wysokogatunkowej tkaniny typu Canvas &#8211; na ca\u0142ej zewn\u0119trznej powierzchni nadruk &#8211; g\u0142\u00f3wna kiesze\u0144 na banknoty &#8211; kiesze\u0144 na monety zamykana na zamek &#8211; dodatkowa zewn\u0119trzna kiesze\u0144 na zamek &#8211; cztery&#8230;<\/p>\n","protected":false},"featured_media":50100,"comment_status":"open","ping_status":"closed","template":"","meta":[],"product_brand":[],"product_cat":[774,780,787],"product_tag":[],"class_list":{"0":"post-50101","1":"product","2":"type-product","3":"status-publish","4":"has-post-thumbnail","6":"product_cat-akcesoria","7":"product_cat-akcesoria-uliczne","8":"product_cat-portfele","10":"first","11":"instock","12":"sale","13":"taxable","14":"shipping-taxable","15":"purchasable","16":"product-type-simple"},"_links":{"self":[{"href":"https:\/\/muscleforge.nl\/pl\/wp-json\/wp\/v2\/product\/50101","targetHints":{"allow":["GET"]}}],"collection":[{"href":"https:\/\/muscleforge.nl\/pl\/wp-json\/wp\/v2\/product"}],"about":[{"href":"https:\/\/muscleforge.nl\/pl\/wp-json\/wp\/v2\/types\/product"}],"replies":[{"embeddable":true,"href":"https:\/\/muscleforge.nl\/pl\/wp-json\/wp\/v2\/comments?post=50101"}],"wp:featuredmedia":[{"embeddable":true,"href":"https:\/\/muscleforge.nl\/pl\/wp-json\/wp\/v2\/media\/50100"}],"wp:attachment":[{"href":"https:\/\/muscleforge.nl\/pl\/wp-json\/wp\/v2\/media?parent=50101"}],"wp:term":[{"taxonomy":"product_brand","embeddable":true,"href":"https:\/\/muscleforge.nl\/pl\/wp-json\/wp\/v2\/product_brand?post=50101"},{"taxonomy":"product_cat","embeddable":true,"href":"https:\/\/muscleforge.nl\/pl\/wp-json\/wp\/v2\/product_cat?post=50101"},{"taxonomy":"product_tag","embeddable":true,"href":"https:\/\/muscleforge.nl\/pl\/wp-json\/wp\/v2\/product_tag?post=50101"}],"curies":[{"name":"wp","href":"https:\/\/api.w.org\/{rel}","templated":true}]}}