{"id":50153,"date":"2024-11-01T17:14:33","date_gmt":"2024-11-01T16:14:33","guid":{"rendered":"https:\/\/muscleforge.nl\/product\/pit-bull-original-leather-belt-tnt-black-100cm\/"},"modified":"2025-06-02T00:06:33","modified_gmt":"2025-06-01T22:06:33","slug":"pit-bull-original-leather-belt-tnt-black-100cm","status":"publish","type":"product","link":"https:\/\/muscleforge.nl\/pl\/produkt\/pit-bull-original-leather-belt-tnt-black-100cm\/","title":{"rendered":"PIT BULL ORIGINAL LEATHER BELT TNT BLACK 100cm"},"content":{"rendered":"<h1>PIT BULL ORIGINAL LEATHER BELT TNT<\/h1>\n<p>Pasek sk\u00f3rzany do spodni firmy PITBULL &#8211; TNT<\/p>\n<p>&#8211; wykonany z wysokogatunkowej grubej sk\u00f3ry naturalnej<br \/>\n&#8211; metalowa klamra z wyt\u0142oczonym lakierowanym napisem Pit Bull<br \/>\n&#8211; ka\u017cdy z rozmiar\u00f3w paska ma 6 otwor\u00f3w do regulacji<br \/>\n&#8211; pakowany w ekologiczny kartonik z logo marki<\/p>\n<p>Wymiary:<br \/>\n&#8211; szeroko\u015b\u0107 klamry: 7 cm x 5 cm<br \/>\n&#8211; szeroko\u015b\u0107 paska: 4 cm<\/p>\n<p>pasek dost\u0119pny w 5 rozmiarach &#8211; 90 cm, 95 cm, 100 cm, 110 cm, 120 cm<\/p>\n<p>Prosz\u0119 zwr\u00f3ci\u0107 uwag\u0119 przy wyborze rozmiaru, poniewa\u017c d\u0142ugo\u015b\u0107 paska np. 90 jest przeznaczona dla<br \/>\nos\u00f3b kt\u00f3re maj\u0105 90 cm w pasie. Nie jest to ca\u0142kowita d\u0142ugo\u015b\u0107 paska, a wymiar podany od ko\u0144ca klamry do \u015brodkowej dziurki.<\/p>\n","protected":false},"excerpt":{"rendered":"<p>PIT BULL ORIGINAL LEATHER BELT TNT Pasek sk\u00f3rzany do spodni firmy PITBULL &#8211; TNT &#8211; wykonany z wysokogatunkowej grubej sk\u00f3ry naturalnej &#8211; metalowa klamra z wyt\u0142oczonym lakierowanym napisem Pit Bull &#8211; ka\u017cdy z rozmiar\u00f3w paska ma 6 otwor\u00f3w do regulacji &#8211; pakowany w ekologiczny kartonik z logo marki Wymiary: &#8211; szeroko\u015b\u0107 klamry: 7 cm x&#8230;<\/p>\n","protected":false},"featured_media":50152,"comment_status":"open","ping_status":"closed","template":"","meta":[],"product_brand":[],"product_cat":[774,780,788],"product_tag":[],"class_list":{"0":"post-50153","1":"product","2":"type-product","3":"status-publish","4":"has-post-thumbnail","6":"product_cat-akcesoria","7":"product_cat-akcesoria-uliczne","8":"product_cat-paski","10":"first","11":"instock","12":"sale","13":"taxable","14":"shipping-taxable","15":"purchasable","16":"product-type-simple"},"_links":{"self":[{"href":"https:\/\/muscleforge.nl\/pl\/wp-json\/wp\/v2\/product\/50153","targetHints":{"allow":["GET"]}}],"collection":[{"href":"https:\/\/muscleforge.nl\/pl\/wp-json\/wp\/v2\/product"}],"about":[{"href":"https:\/\/muscleforge.nl\/pl\/wp-json\/wp\/v2\/types\/product"}],"replies":[{"embeddable":true,"href":"https:\/\/muscleforge.nl\/pl\/wp-json\/wp\/v2\/comments?post=50153"}],"wp:featuredmedia":[{"embeddable":true,"href":"https:\/\/muscleforge.nl\/pl\/wp-json\/wp\/v2\/media\/50152"}],"wp:attachment":[{"href":"https:\/\/muscleforge.nl\/pl\/wp-json\/wp\/v2\/media?parent=50153"}],"wp:term":[{"taxonomy":"product_brand","embeddable":true,"href":"https:\/\/muscleforge.nl\/pl\/wp-json\/wp\/v2\/product_brand?post=50153"},{"taxonomy":"product_cat","embeddable":true,"href":"https:\/\/muscleforge.nl\/pl\/wp-json\/wp\/v2\/product_cat?post=50153"},{"taxonomy":"product_tag","embeddable":true,"href":"https:\/\/muscleforge.nl\/pl\/wp-json\/wp\/v2\/product_tag?post=50153"}],"curies":[{"name":"wp","href":"https:\/\/api.w.org\/{rel}","templated":true}]}}