{"id":50182,"date":"2024-11-02T12:53:54","date_gmt":"2024-11-02T11:53:54","guid":{"rendered":"https:\/\/muscleforge.nl\/product\/pit-bull-gloves-performance-black\/"},"modified":"2025-06-02T00:06:33","modified_gmt":"2025-06-01T22:06:33","slug":"pit-bull-gloves-performance-black","status":"publish","type":"product","link":"https:\/\/muscleforge.nl\/pl\/produkt\/pit-bull-gloves-performance-black\/","title":{"rendered":"PIT BULL GLOVES PERFORMANCE BLACK"},"content":{"rendered":"<h1>PIT BULL GLOVES PERFORMANCE<\/h1>\n<p>R\u0119kawiczki zimowe z kolekcji firmy PITBULL &#8211; Performance Pro Plus<\/p>\n<p>&#8211; r\u0119kawiczki stworzone do zimowych trening\u00f3w na \u015bwie\u017cym powietrzu jak i do codziennego noszenia<br \/>\n&#8211; wykonane z mi\u0119kkiej poliestrowej oddychaj\u0105cej tkaniny kt\u00f3ra szybko schnie<br \/>\n&#8211; wewn\u0105trz ocieplone cienkim polarem<br \/>\n&#8211; mocno elastyczne dzi\u0119ki czemu idealnie dostosowuj\u0105 si\u0119 do d\u0142oni<br \/>\n&#8211; zastosowanie specjalnej tkaniny na ko\u0144cach palc\u00f3w umo\u017cliwia obs\u0142ug\u0119 smartfonu<br \/>\n&#8211; od wewn\u0119trznej strony silikonowe wypustki zapewniaj\u0105ce lepsz\u0105 przyczepno\u015b\u0107<br \/>\n&#8211; przy nadgarstku mocny szeroki \u015bci\u0105gacz z \u017cakardow\u0105 metk\u0105 PITBULL<br \/>\n&#8211; silikonowe logo oraz napis Performance Pro +<br \/>\n&#8211; dodatkowe wzmocnienie przy kciuku<br \/>\n&#8211; do po\u0142\u0105czenia tkanin zastosowano szwy typu Autolap kt\u00f3re s\u0105 p\u0142askie i odporne na rozerwania<br \/>\n&#8211; mo\u017cliwo\u015b\u0107 po\u0142\u0105czenia w par\u0119 za pomoc\u0105 zatrzask\u00f3w<br \/>\n&#8211; tkanina: 88% poliester \/ 12% elastan<\/p>\n<p>D\u0142ugo\u015b\u0107 r\u0119kawiczek:<br \/>\nS\/M &#8211; 23 cm<br \/>\nL &#8211; 24 cm<br \/>\nXL\/XXL &#8211; 25 cm<\/p>\n<p>Szeroko\u015b\u0107 w najszerszym miejscu:<br \/>\nS\/M &#8211; 9,5 cm<br \/>\nL &#8211; 10 cm<br \/>\nXL\/XXL &#8211; 10,5 cm<\/p>\n","protected":false},"excerpt":{"rendered":"<p>PIT BULL GLOVES PERFORMANCE R\u0119kawiczki zimowe z kolekcji firmy PITBULL &#8211; Performance Pro Plus &#8211; r\u0119kawiczki stworzone do zimowych trening\u00f3w na \u015bwie\u017cym powietrzu jak i do codziennego noszenia &#8211; wykonane z mi\u0119kkiej poliestrowej oddychaj\u0105cej tkaniny kt\u00f3ra szybko schnie &#8211; wewn\u0105trz ocieplone cienkim polarem &#8211; mocno elastyczne dzi\u0119ki czemu idealnie dostosowuj\u0105 si\u0119 do d\u0142oni &#8211; zastosowanie&#8230;<\/p>\n","protected":false},"featured_media":50175,"comment_status":"open","ping_status":"closed","template":"","meta":[],"product_brand":[],"product_cat":[774,780],"product_tag":[],"class_list":{"0":"post-50182","1":"product","2":"type-product","3":"status-publish","4":"has-post-thumbnail","6":"product_cat-akcesoria","7":"product_cat-akcesoria-uliczne","9":"first","10":"instock","11":"sale","12":"taxable","13":"shipping-taxable","14":"purchasable","15":"product-type-variable"},"_links":{"self":[{"href":"https:\/\/muscleforge.nl\/pl\/wp-json\/wp\/v2\/product\/50182","targetHints":{"allow":["GET"]}}],"collection":[{"href":"https:\/\/muscleforge.nl\/pl\/wp-json\/wp\/v2\/product"}],"about":[{"href":"https:\/\/muscleforge.nl\/pl\/wp-json\/wp\/v2\/types\/product"}],"replies":[{"embeddable":true,"href":"https:\/\/muscleforge.nl\/pl\/wp-json\/wp\/v2\/comments?post=50182"}],"wp:featuredmedia":[{"embeddable":true,"href":"https:\/\/muscleforge.nl\/pl\/wp-json\/wp\/v2\/media\/50175"}],"wp:attachment":[{"href":"https:\/\/muscleforge.nl\/pl\/wp-json\/wp\/v2\/media?parent=50182"}],"wp:term":[{"taxonomy":"product_brand","embeddable":true,"href":"https:\/\/muscleforge.nl\/pl\/wp-json\/wp\/v2\/product_brand?post=50182"},{"taxonomy":"product_cat","embeddable":true,"href":"https:\/\/muscleforge.nl\/pl\/wp-json\/wp\/v2\/product_cat?post=50182"},{"taxonomy":"product_tag","embeddable":true,"href":"https:\/\/muscleforge.nl\/pl\/wp-json\/wp\/v2\/product_tag?post=50182"}],"curies":[{"name":"wp","href":"https:\/\/api.w.org\/{rel}","templated":true}]}}