{"id":50221,"date":"2024-11-02T14:46:36","date_gmt":"2024-11-02T13:46:36","guid":{"rendered":"https:\/\/muscleforge.nl\/product\/pit-bull-jogging-pants-new-hilltop-red\/"},"modified":"2025-06-02T00:06:33","modified_gmt":"2025-06-01T22:06:33","slug":"pit-bull-jogging-pants-new-hilltop-red","status":"publish","type":"product","link":"https:\/\/muscleforge.nl\/pl\/produkt\/pit-bull-jogging-pants-new-hilltop-red\/","title":{"rendered":"PIT BULL JOGGING PANTS NEW HILLTOP RED"},"content":{"rendered":"<h1>PIT BULL JOGGING PANTS NEW HILLTOP<\/h1>\n<p>Spodnie dresowe m\u0119skie z kolekcji firmy PITBULL \u2013 New Hilltop<\/p>\n<p>SERIA NEW BRUSHED FLEECE<\/p>\n<p>&#8211; fason z bardziej dopasowanymi nogawkami<br \/>\n&#8211; wykonane z wysokogatunkowej grubej tkaniny o gramaturze 360 g\/m2<br \/>\n&#8211; tkanina od wewn\u0119trznej strony jest szczotkowana i przyjemna w dotyku<br \/>\n&#8211; \u017cebrowane \u015bci\u0105gacze u do\u0142u nogawek<br \/>\n&#8211; dwie boczne kieszenie zamykane na zamki<br \/>\n&#8211; \u017cebrowany szeroki elastyczny \u015bci\u0105gacz w pasie<br \/>\n&#8211; dodatkowa regulacja szeroko\u015bci pasa za pomoc\u0105 szerokiego grubego sznurka<br \/>\n&#8211; pionowy nadruk Pit Bull West Coast w g\u00f3rnej cz\u0119\u015bci lewej nogawki<br \/>\n&#8211; sk\u0142ad materia\u0142u: 60% bawe\u0142na, 40% poliester<\/p>\n<p><img loading=\"lazy\" decoding=\"async\" class=\"alignnone wp-image-50210 size-full\" src=\"https:\/\/muscleforge.nl\/wp-content\/uploads\/2024\/11\/2022-12-01-22.png\" alt=\"\" width=\"599\" height=\"536\" \/><\/p>\n<p><img loading=\"lazy\" decoding=\"async\" class=\"alignnone wp-image-50214 size-full\" src=\"https:\/\/muscleforge.nl\/wp-content\/uploads\/2024\/11\/PIT-BULL-JOGGING-PANTS-NEW-HILLTOP-RED9.jpg\" alt=\"\" width=\"608\" height=\"290\" \/><\/p>\n","protected":false},"excerpt":{"rendered":"<p>PIT BULL JOGGING PANTS NEW HILLTOP Spodnie dresowe m\u0119skie z kolekcji firmy PITBULL \u2013 New Hilltop SERIA NEW BRUSHED FLEECE &#8211; fason z bardziej dopasowanymi nogawkami &#8211; wykonane z wysokogatunkowej grubej tkaniny o gramaturze 360 g\/m2 &#8211; tkanina od wewn\u0119trznej strony jest szczotkowana i przyjemna w dotyku &#8211; \u017cebrowane \u015bci\u0105gacze u do\u0142u nogawek &#8211; dwie&#8230;<\/p>\n","protected":false},"featured_media":55380,"comment_status":"open","ping_status":"closed","template":"","meta":[],"product_brand":[],"product_cat":[798,799,800,801,803],"product_tag":[],"class_list":{"0":"post-50221","1":"product","2":"type-product","3":"status-publish","4":"has-post-thumbnail","6":"product_cat-odziez","7":"product_cat-dla-mezczyzn","8":"product_cat-promocja","9":"product_cat-spodnie","10":"product_cat-spodnie-dresowe","12":"first","13":"instock","14":"sale","15":"taxable","16":"shipping-taxable","17":"purchasable","18":"product-type-variable"},"_links":{"self":[{"href":"https:\/\/muscleforge.nl\/pl\/wp-json\/wp\/v2\/product\/50221","targetHints":{"allow":["GET"]}}],"collection":[{"href":"https:\/\/muscleforge.nl\/pl\/wp-json\/wp\/v2\/product"}],"about":[{"href":"https:\/\/muscleforge.nl\/pl\/wp-json\/wp\/v2\/types\/product"}],"replies":[{"embeddable":true,"href":"https:\/\/muscleforge.nl\/pl\/wp-json\/wp\/v2\/comments?post=50221"}],"wp:featuredmedia":[{"embeddable":true,"href":"https:\/\/muscleforge.nl\/pl\/wp-json\/wp\/v2\/media\/55380"}],"wp:attachment":[{"href":"https:\/\/muscleforge.nl\/pl\/wp-json\/wp\/v2\/media?parent=50221"}],"wp:term":[{"taxonomy":"product_brand","embeddable":true,"href":"https:\/\/muscleforge.nl\/pl\/wp-json\/wp\/v2\/product_brand?post=50221"},{"taxonomy":"product_cat","embeddable":true,"href":"https:\/\/muscleforge.nl\/pl\/wp-json\/wp\/v2\/product_cat?post=50221"},{"taxonomy":"product_tag","embeddable":true,"href":"https:\/\/muscleforge.nl\/pl\/wp-json\/wp\/v2\/product_tag?post=50221"}],"curies":[{"name":"wp","href":"https:\/\/api.w.org\/{rel}","templated":true}]}}