{"id":50629,"date":"2024-11-21T16:19:52","date_gmt":"2024-11-21T15:19:52","guid":{"rendered":"https:\/\/muscleforge.nl\/product\/ostaron-shorts-retro-melange\/"},"modified":"2025-06-02T00:06:30","modified_gmt":"2025-06-01T22:06:30","slug":"ostaron-shorts-retro-melange","status":"publish","type":"product","link":"https:\/\/muscleforge.nl\/pl\/produkt\/ostaron-shorts-retro-melange\/","title":{"rendered":"Ostaron Shorts Retro Melange"},"content":{"rendered":"<h1>Ostaron Shorts Retro<\/h1>\n<p style=\"font-weight: 300\">Marka\u00a0<strong>OCTAGON<\/strong>\u00a0prezentuje spodenki bawe\u0142niane Retro<\/p>\n<ul style=\"font-weight: 300\">\n<li>Bardzo wygodne i komfortowe w u\u017cytkowaniu<\/li>\n<li>Wszyte gumowe elastomery oraz metki \u017cakardowe podkre\u015blaj\u0105 oryginalno\u015b\u0107 i wyj\u0105tkowo\u015b\u0107 produktu<\/li>\n<li>Elastyczny pas regulowany LOGOWANYM sznurkiem<\/li>\n<li>Kieszenie zapinane na zamek.<\/li>\n<li><\/li>\n<\/ul>\n<p style=\"font-weight: 300\"><strong>Najwa\u017cniejszym atutem jest to, i\u017c spodenki wraz ze wszystkimi dodatkami zosta\u0142y w 100% wyprodukowana w Polsce\u00a0<\/strong><\/p>\n<p style=\"font-weight: 300\"><strong>SPECYFIKACJA PRODUKTU:<\/strong><\/p>\n<p style=\"font-weight: 300\"><strong>Sk\u0142ad:\u00a0<\/strong>92% bawe\u0142na , 8% elastan<br \/>\n<strong>Konserwacja:<\/strong>\u00a0Pra\u0107 w temperaturze do 30 stopni.<br \/>\n<strong>Produkcja:<\/strong>\u00a0Spodenki wyprodukowane w Polsce.<\/p>\n<p style=\"font-weight: 300\">GWARANCJA ZADOWOLENIA!<\/p>\n<p><img decoding=\"async\" src=\"https:\/\/www.odziez-uliczna.pl\/galerie\/s\/spodenki-bawelniane-retro-bla_35647_p.jpg\" alt=\"Spodenki bawe\u0142niane Retro melange\" \/><\/p>\n","protected":false},"excerpt":{"rendered":"<p>Ostaron Shorts Retro Marka\u00a0OCTAGON\u00a0prezentuje spodenki bawe\u0142niane Retro Bardzo wygodne i komfortowe w u\u017cytkowaniu Wszyte gumowe elastomery oraz metki \u017cakardowe podkre\u015blaj\u0105 oryginalno\u015b\u0107 i wyj\u0105tkowo\u015b\u0107 produktu Elastyczny pas regulowany LOGOWANYM sznurkiem Kieszenie zapinane na zamek. Najwa\u017cniejszym atutem jest to, i\u017c spodenki wraz ze wszystkimi dodatkami zosta\u0142y w 100% wyprodukowana w Polsce\u00a0 SPECYFIKACJA PRODUKTU: Sk\u0142ad:\u00a092% bawe\u0142na , 8%&#8230;<\/p>\n","protected":false},"featured_media":50618,"comment_status":"open","ping_status":"closed","template":"","meta":[],"product_brand":[],"product_cat":[798,799,800,807],"product_tag":[],"class_list":{"0":"post-50629","1":"product","2":"type-product","3":"status-publish","4":"has-post-thumbnail","6":"product_cat-odziez","7":"product_cat-dla-mezczyzn","8":"product_cat-promocja","9":"product_cat-kr","11":"first","12":"instock","13":"sale","14":"taxable","15":"shipping-taxable","16":"purchasable","17":"product-type-variable"},"_links":{"self":[{"href":"https:\/\/muscleforge.nl\/pl\/wp-json\/wp\/v2\/product\/50629","targetHints":{"allow":["GET"]}}],"collection":[{"href":"https:\/\/muscleforge.nl\/pl\/wp-json\/wp\/v2\/product"}],"about":[{"href":"https:\/\/muscleforge.nl\/pl\/wp-json\/wp\/v2\/types\/product"}],"replies":[{"embeddable":true,"href":"https:\/\/muscleforge.nl\/pl\/wp-json\/wp\/v2\/comments?post=50629"}],"wp:featuredmedia":[{"embeddable":true,"href":"https:\/\/muscleforge.nl\/pl\/wp-json\/wp\/v2\/media\/50618"}],"wp:attachment":[{"href":"https:\/\/muscleforge.nl\/pl\/wp-json\/wp\/v2\/media?parent=50629"}],"wp:term":[{"taxonomy":"product_brand","embeddable":true,"href":"https:\/\/muscleforge.nl\/pl\/wp-json\/wp\/v2\/product_brand?post=50629"},{"taxonomy":"product_cat","embeddable":true,"href":"https:\/\/muscleforge.nl\/pl\/wp-json\/wp\/v2\/product_cat?post=50629"},{"taxonomy":"product_tag","embeddable":true,"href":"https:\/\/muscleforge.nl\/pl\/wp-json\/wp\/v2\/product_tag?post=50629"}],"curies":[{"name":"wp","href":"https:\/\/api.w.org\/{rel}","templated":true}]}}