{"id":50758,"date":"2024-11-28T13:06:28","date_gmt":"2024-11-28T12:06:28","guid":{"rendered":"https:\/\/muscleforge.nl\/product\/pit-bull-beejay-2-hooded-bomber-jacket-olive\/"},"modified":"2025-06-02T00:06:28","modified_gmt":"2025-06-01T22:06:28","slug":"pit-bull-beejay-2-hooded-bomber-jacket-olive","status":"publish","type":"product","link":"https:\/\/muscleforge.nl\/pl\/produkt\/pit-bull-beejay-2-hooded-bomber-jacket-olive\/","title":{"rendered":"PIT BULL BEEJAY 2 HOODED BOMBER JACKET OLIVE"},"content":{"rendered":"<h1>PIT BULL BEEJAY 2 HOODED BOMBER JACKET<\/h1>\n<p>Zimowa kurtka m\u0119ska z kolekcji firmy PITBULL \u2013 Beejay II<\/p>\n<p>&#8211; regularny fason typu bomber<br \/>\n&#8211; wykonana z wysokiej jako\u015bci g\u0142adkiego grubego nylonu<br \/>\n&#8211; g\u0142adka podszewka pod kt\u00f3r\u0105 znajduje si\u0119 warstwa ocieplaj\u0105ca<br \/>\n&#8211; zintegrowany kaptur ocieplony mi\u0119kkim futerkiem<br \/>\n&#8211; wysoka st\u00f3jka chroni\u0105ca przed zimnem<br \/>\n&#8211; dwie boczne kieszenie na r\u0119ce zamykane na zatrzaski<br \/>\n&#8211; praktyczna kiesze\u0144 wewn\u0105trz kurtki zapinana na zatrzask<br \/>\n&#8211; dodatkowa zapinana kiesze\u0144 na lewym r\u0119kawie<br \/>\n&#8211; wyszywana naszywka na prawym i lewym r\u0119kawie<br \/>\n&#8211; ma\u0142e wyszywane logo Pi Bull na klatce piersiowej<br \/>\n&#8211; na ca\u0142ej d\u0142ugo\u015bci plec\u00f3w nadrukowany pionowy du\u017cy napis PitBull West Coast<br \/>\n&#8211; grube metalowe zamki z du\u017cymi sk\u00f3rzanymi zawieszkami na suwakach<br \/>\n&#8211; \u017cebrowane dzianinowe \u015bci\u0105gacze na r\u0119kawach oraz u do\u0142u<br \/>\n&#8211; sk\u0142ad materia\u0142u:<br \/>\nmateria\u0142 g\u0142\u00f3wny \u2013 100% nylon<br \/>\nwype\u0142nienie \u2013 100% poliester<br \/>\npodszewka &#8211; 100% nylon<\/p>\n<p><img loading=\"lazy\" decoding=\"async\" class=\"alignnone wp-image-50751 size-full\" src=\"https:\/\/muscleforge.nl\/wp-content\/uploads\/2024\/11\/Zrzut-ekranu-2023-11-11-150312.jpg\" alt=\"\" width=\"490\" height=\"512\" srcset=\"https:\/\/muscleforge.nl\/wp-content\/uploads\/2024\/11\/Zrzut-ekranu-2023-11-11-150312.jpg 490w, https:\/\/muscleforge.nl\/wp-content\/uploads\/2024\/11\/Zrzut-ekranu-2023-11-11-150312-287x300.jpg 287w\" sizes=\"auto, (max-width: 490px) 100vw, 490px\" \/><\/p>\n<p><img loading=\"lazy\" decoding=\"async\" class=\"alignnone wp-image-50748 size-full\" src=\"https:\/\/muscleforge.nl\/wp-content\/uploads\/2024\/11\/PIT-BULL-BEEJAY-2-HOODED-BOMBER-JACKET-OLIVE9.jpg\" alt=\"\" width=\"606\" height=\"283\" srcset=\"https:\/\/muscleforge.nl\/wp-content\/uploads\/2024\/11\/PIT-BULL-BEEJAY-2-HOODED-BOMBER-JACKET-OLIVE9.jpg 606w, https:\/\/muscleforge.nl\/wp-content\/uploads\/2024\/11\/PIT-BULL-BEEJAY-2-HOODED-BOMBER-JACKET-OLIVE9-300x140.jpg 300w, https:\/\/muscleforge.nl\/wp-content\/uploads\/2024\/11\/PIT-BULL-BEEJAY-2-HOODED-BOMBER-JACKET-OLIVE9-580x271.jpg 580w, https:\/\/muscleforge.nl\/wp-content\/uploads\/2024\/11\/PIT-BULL-BEEJAY-2-HOODED-BOMBER-JACKET-OLIVE9-600x280.jpg 600w\" sizes=\"auto, (max-width: 606px) 100vw, 606px\" \/><\/p>\n","protected":false},"excerpt":{"rendered":"<p>PIT BULL BEEJAY 2 HOODED BOMBER JACKET Zimowa kurtka m\u0119ska z kolekcji firmy PITBULL \u2013 Beejay II &#8211; regularny fason typu bomber &#8211; wykonana z wysokiej jako\u015bci g\u0142adkiego grubego nylonu &#8211; g\u0142adka podszewka pod kt\u00f3r\u0105 znajduje si\u0119 warstwa ocieplaj\u0105ca &#8211; zintegrowany kaptur ocieplony mi\u0119kkim futerkiem &#8211; wysoka st\u00f3jka chroni\u0105ca przed zimnem &#8211; dwie boczne kieszenie&#8230;<\/p>\n","protected":false},"featured_media":50744,"comment_status":"open","ping_status":"closed","template":"","meta":[],"product_brand":[],"product_cat":[798,799,800,804,806],"product_tag":[],"class_list":{"0":"post-50758","1":"product","2":"type-product","3":"status-publish","4":"has-post-thumbnail","6":"product_cat-odziez","7":"product_cat-dla-mezczyzn","8":"product_cat-promocja","9":"product_cat-kurtki","10":"product_cat-kurtki-zimowe","12":"first","13":"instock","14":"sale","15":"taxable","16":"shipping-taxable","17":"purchasable","18":"product-type-variable"},"_links":{"self":[{"href":"https:\/\/muscleforge.nl\/pl\/wp-json\/wp\/v2\/product\/50758","targetHints":{"allow":["GET"]}}],"collection":[{"href":"https:\/\/muscleforge.nl\/pl\/wp-json\/wp\/v2\/product"}],"about":[{"href":"https:\/\/muscleforge.nl\/pl\/wp-json\/wp\/v2\/types\/product"}],"replies":[{"embeddable":true,"href":"https:\/\/muscleforge.nl\/pl\/wp-json\/wp\/v2\/comments?post=50758"}],"wp:featuredmedia":[{"embeddable":true,"href":"https:\/\/muscleforge.nl\/pl\/wp-json\/wp\/v2\/media\/50744"}],"wp:attachment":[{"href":"https:\/\/muscleforge.nl\/pl\/wp-json\/wp\/v2\/media?parent=50758"}],"wp:term":[{"taxonomy":"product_brand","embeddable":true,"href":"https:\/\/muscleforge.nl\/pl\/wp-json\/wp\/v2\/product_brand?post=50758"},{"taxonomy":"product_cat","embeddable":true,"href":"https:\/\/muscleforge.nl\/pl\/wp-json\/wp\/v2\/product_cat?post=50758"},{"taxonomy":"product_tag","embeddable":true,"href":"https:\/\/muscleforge.nl\/pl\/wp-json\/wp\/v2\/product_tag?post=50758"}],"curies":[{"name":"wp","href":"https:\/\/api.w.org\/{rel}","templated":true}]}}