{"id":50976,"date":"2024-12-02T16:57:52","date_gmt":"2024-12-02T15:57:52","guid":{"rendered":"https:\/\/muscleforge.nl\/product\/dy-nutrition-blood-guts-pre-workout-380g\/"},"modified":"2025-06-02T00:06:25","modified_gmt":"2025-06-01T22:06:25","slug":"dy-nutrition-blood-guts-pre-workout-380g","status":"publish","type":"product","link":"https:\/\/muscleforge.nl\/pl\/produkt\/dy-nutrition-blood-guts-pre-workout-380g\/","title":{"rendered":"DY NUTRITION\u00ae BLOOD &amp; GUTS Pre Workout 380g"},"content":{"rendered":"<h1>DY NUTRITION\u00ae BLOOD &amp; GUTS<\/h1>\n<h3>Pre-workout zaprojektowany z my\u015bl\u0105 o osobach szukaj\u0105cych intensywnego zastrzyku energii, poprawy koncentracji oraz wydolno\u015bci, wspomagaj\u0105cy si\u0142\u0119, wytrzyma\u0142o\u015b\u0107 i pomp\u0119 mi\u0119\u015bniow\u0105.<\/h3>\n<p><strong>Zalety produktu:<\/strong><\/p>\n<ul>\n<li><strong>Zwi\u0119kszenie energii<\/strong> \u2013 zawiera sk\u0142adniki, kt\u00f3re dostarczaj\u0105 pot\u0119\u017cnego zastrzyku energii, wspieraj\u0105c intensywno\u015b\u0107 treningu.<\/li>\n<li><strong>Lepsza koncentracja<\/strong> \u2013 formu\u0142a zawiera sk\u0142adniki nootropowe, kt\u00f3re wspieraj\u0105 skupienie i koncentracj\u0119.<\/li>\n<li><strong>Zwi\u0119kszenie si\u0142y i wytrzyma\u0142o\u015bci<\/strong> \u2013 sk\u0142adniki takie jak cytrulina, beta-alanina i kreatyna wspomagaj\u0105 wydolno\u015b\u0107 i regeneracj\u0119 mi\u0119\u015bni.<\/li>\n<li><strong>Poprawa pompy mi\u0119\u015bniowej<\/strong> \u2013 sk\u0142adniki wspomagaj\u0105 lepszy przep\u0142yw krwi do mi\u0119\u015bni, co poprawia pomp\u0119 i dostarczenie sk\u0142adnik\u00f3w od\u017cywczych.<\/li>\n<\/ul>\n<p>DY NUTRITION\u00ae BLOOD &amp; GUTS Pre Workout to zaawansowany suplement przedtreningowy, kt\u00f3ry pomaga poprawi\u0107 energi\u0119, koncentracj\u0119 oraz wydolno\u015b\u0107 podczas intensywnych trening\u00f3w. Dzi\u0119ki starannie dobranej formule, zawieraj\u0105cej silne sk\u0142adniki takie jak jab\u0142czan L-cytruliny, beta-alanina i kofeina, wspiera osi\u0105ganie lepszych wynik\u00f3w treningowych, poprawiaj\u0105c si\u0142\u0119, wytrzyma\u0142o\u015b\u0107 oraz pomp\u0119 mi\u0119\u015bniow\u0105. Prezentowany suplement to doskona\u0142y wyb\u00f3r dla sportowc\u00f3w, kt\u00f3rzy pragn\u0105 zwi\u0119kszy\u0107 intensywno\u015b\u0107 trening\u00f3w, zmaksymalizowa\u0107 efektywno\u015b\u0107 swoich sesji i przyspieszy\u0107 proces regeneracji mi\u0119\u015bni po wysi\u0142ku. Jego formu\u0142a pomaga r\u00f3wnie\u017c zwi\u0119kszy\u0107 przep\u0142yw krwi do mi\u0119\u015bni, co wspomaga transport sk\u0142adnik\u00f3w od\u017cywczych, poprawiaj\u0105c wyniki i redukuj\u0105c zm\u0119czenie. Produkt wspiera tak\u017ce skupienie i koncentracj\u0119, dzi\u0119ki czemu trening staje si\u0119 bardziej efektywny, a u\u017cytkownik mo\u017ce przekroczy\u0107 swoje granice i osi\u0105gn\u0105\u0107 jeszcze lepsze rezultaty.<\/p>\n<p>&nbsp;<\/p>\n<h3><strong>Zalecane dawkowanie:\u00a0<\/strong><\/h3>\n<div><strong>Dla nowych u\u017cytkownik\u00f3w:<\/strong><\/div>\n<div>Zacznij od wymieszania 1 pe\u0142nej miarki proszku z co najmniej 250 ml wody, aby przetestowa\u0107 silny efekt produktu.<br \/>\n<strong>Dla regularnych u\u017cytkownik\u00f3w: <\/strong><\/div>\n<div>Wymieszaj 2 pe\u0142ne miarki proszku z co najmniej 250-350 ml wody.<\/div>\n<p><strong>Kiedy stosowa\u0107:<\/strong><br \/>\nPrzed treningiem: Efekty pojawiaj\u0105 si\u0119 15 minut po spo\u017cyciu produktu.<br \/>\nPrzed \u0107wiczeniami, podczas jazdy na rowerze, biegania lub uprawiania sport\u00f3w.<\/p>\n<p>&nbsp;<\/p>\n<h3><strong>Warto\u015bci Od\u017cywcze<\/strong><\/h3>\n<div>Wielko\u015b\u0107 porcji: 2 pe\u0142ne miarki (19 g)<\/div>\n<div>Porcji w opakowaniu: 20<\/div>\n<table>\n<thead>\n<tr>\n<th>Zawarto\u015b\u0107<\/th>\n<th>Na 100 g produktu<\/th>\n<th>Na porcj\u0119 (19 g)<\/th>\n<\/tr>\n<\/thead>\n<tbody>\n<tr>\n<td>Witamina B3<\/td>\n<td>250 mg<\/td>\n<td>47,6 mg (297% NRV**)<\/td>\n<\/tr>\n<tr>\n<td>L-Cytrulina DL-Malate (2:1)<\/td>\n<td>31,6 g<\/td>\n<td>6004 mg<\/td>\n<\/tr>\n<tr>\n<td>&#8211; w tym cytrulina<\/td>\n<td>22,85 g<\/td>\n<td>4340 mg<\/td>\n<\/tr>\n<tr>\n<td>Kompleks A-AKG<\/td>\n<td>21,1 g<\/td>\n<td>4009 mg<\/td>\n<\/tr>\n<tr>\n<td>&#8211; w tym L-Arginina<\/td>\n<td>14,1 g<\/td>\n<td>2679 mg<\/td>\n<\/tr>\n<tr>\n<td>Wapniowy Alfa-Ketoglutaran<\/td>\n<td>7 g<\/td>\n<td>1130 mg<\/td>\n<\/tr>\n<tr>\n<td>Beta-Alanina<\/td>\n<td>28,95 g<\/td>\n<td>5500 mg<\/td>\n<\/tr>\n<tr>\n<td>L-Tyrozyna<\/td>\n<td>2630 mg<\/td>\n<td>500 mg<\/td>\n<\/tr>\n<tr>\n<td>Ekstrakt z li\u015bci zielonej herbaty (30:1)<\/td>\n<td>1320 mg<\/td>\n<td>250 mg<\/td>\n<\/tr>\n<tr>\n<td>Ca\u0142kowite polifenole<\/td>\n<td>1254 mg<\/td>\n<td>237 mg<\/td>\n<\/tr>\n<tr>\n<td>Kofeina<\/td>\n<td>66 mg<\/td>\n<td>13 mg<\/td>\n<\/tr>\n<tr>\n<td>Ekstrakt z 100% sk\u00f3ry pomara\u0144czy<\/td>\n<td>980 mg<\/td>\n<td>186 mg<\/td>\n<\/tr>\n<tr>\n<td>Kofeina bezwodna<\/td>\n<td>1840 mg<\/td>\n<td>350 mg<\/td>\n<\/tr>\n<tr>\n<td>Ekstrakt z guarany<\/td>\n<td>210 mg<\/td>\n<td>41 mg<\/td>\n<\/tr>\n<tr>\n<td>Kofeina<\/td>\n<td>46 mg<\/td>\n<td>9 mg<\/td>\n<\/tr>\n<tr>\n<td>Ekstrakt z czarnego pieprzu (25-35:1)<\/td>\n<td>10 mg<\/td>\n<td>1,9 mg<\/td>\n<\/tr>\n<tr>\n<td>Piperyna<\/td>\n<td>9 mg<\/td>\n<td>1,7 mg<\/td>\n<\/tr>\n<\/tbody>\n<\/table>\n<p>***NRV &#8211; Referencyjna warto\u015b\u0107 spo\u017cycia dla \u015bredniej osoby doros\u0142ej<\/p>\n<p><strong>Sk\u0142ad:<\/strong> L-Cytrulina DL-Malate (2:1), Beta-alanina, kompleks A-AKG (L-Arginina, Wapniowy alfa-ketoglutaran), substancje przeciwzbrylaj\u0105ce (dwutlenek krzemu, sole wapniowe kwasu ortofosforowego), aromaty, L-Tyrozyna (w formie wolnego aminokwasu), maltodekstryna, kofeina bezwodna, ekstrakt z li\u015bci zielonej herbaty (Camellia sinensis) (standaryzowany do 95% polifenoli i 5% kofeiny), substancje s\u0142odz\u0105ce (sukraloza, acesulfam-K), ekstrakt z 100% sk\u00f3ry pomara\u0144czy (Citrus sinensis), niacynamid (witamina B3), ekstrakt z nasion guarany (Paullinia cupana) (standaryzowany do 22% kofeiny), barwniki (Ponceau 4R*, Indigo Carmine), ekstrakt z owoc\u00f3w czarnego pieprzu (Piper nigrum) (standaryzowany do 95% piperyny).<\/p>\n<p>&nbsp;<\/p>\n<p><strong>Ostrze\u017cenia:<\/strong><br \/>\nNie przekracza\u0107 zalecanej dziennej dawki. Przechowywa\u0107 w miejscu niedost\u0119pnym dla ma\u0142ych dzieci. Nie stosowa\u0107 u os\u00f3b poni\u017cej 18. roku \u017cycia. Skonsultuj si\u0119 z lekarzem przed u\u017cyciem tego produktu, je\u015bli masz lub w rodzinie wyst\u0119puj\u0105 choroby serca, choroby tarczycy, choroby w\u0105troby, choroby nerek, cukrzyc\u0119, nadci\u015bnienie, nawracaj\u0105ce b\u00f3le g\u0142owy, depresj\u0119 lub inne problemy psychiczne, jaskr\u0119, trudno\u015bci w oddawaniu moczu, powi\u0119kszenie prostaty, zaburzenia drgawek. Je\u015bli stosujesz inhibitory monoaminooksydazy (MAOI), leki przeciwdepresyjne lub jakiekolwiek inne leki, suplementy diety, leki na recept\u0119 lub leki dost\u0119pne bez recepty, skonsultuj si\u0119 z lekarzem. Zaprzesta\u0144 stosowania na dwa tygodnie przed planowan\u0105 operacj\u0105. Nie stosowa\u0107 w ci\u0105\u017cy lub w okresie karmienia piersi\u0105. Zawiera kofein\u0119. Nie stosowa\u0107 w po\u0142\u0105czeniu z innymi produktami zawieraj\u0105cymi kofein\u0119. Nie stosowa\u0107, je\u015bli jeste\u015b uczulony na kt\u00f3rykolwiek sk\u0142adnik produktu. Suplementy diety nie powinny by\u0107 stosowane jako substytut zr\u00f3\u017cnicowanej i dobrze zbilansowanej diety. Beta-alanina mo\u017ce powodowa\u0107 niewielkie, tymczasowe uczucie mrowienia na sk\u00f3rze u niekt\u00f3rych os\u00f3b. Nie spo\u017cywa\u0107 produktu z alkoholem.<\/p>\n<p>&nbsp;<\/p>\n","protected":false},"excerpt":{"rendered":"<p>DY NUTRITION\u00ae BLOOD &amp; GUTS Pre-workout zaprojektowany z my\u015bl\u0105 o osobach szukaj\u0105cych intensywnego zastrzyku energii, poprawy koncentracji oraz wydolno\u015bci, wspomagaj\u0105cy si\u0142\u0119, wytrzyma\u0142o\u015b\u0107 i pomp\u0119 mi\u0119\u015bniow\u0105. Zalety produktu: Zwi\u0119kszenie energii \u2013 zawiera sk\u0142adniki, kt\u00f3re dostarczaj\u0105 pot\u0119\u017cnego zastrzyku energii, wspieraj\u0105c intensywno\u015b\u0107 treningu. Lepsza koncentracja \u2013 formu\u0142a zawiera sk\u0142adniki nootropowe, kt\u00f3re wspieraj\u0105 skupienie i koncentracj\u0119. Zwi\u0119kszenie si\u0142y i&#8230;<\/p>\n","protected":false},"featured_media":50969,"comment_status":"open","ping_status":"closed","template":"","meta":[],"product_brand":[],"product_cat":[728,862],"product_tag":[],"class_list":{"0":"post-50976","1":"product","2":"type-product","3":"status-publish","4":"has-post-thumbnail","6":"product_cat-suplementy-diety","7":"product_cat-przedtreningowki","9":"first","10":"instock","11":"taxable","12":"shipping-taxable","13":"purchasable","14":"product-type-variable"},"_links":{"self":[{"href":"https:\/\/muscleforge.nl\/pl\/wp-json\/wp\/v2\/product\/50976","targetHints":{"allow":["GET"]}}],"collection":[{"href":"https:\/\/muscleforge.nl\/pl\/wp-json\/wp\/v2\/product"}],"about":[{"href":"https:\/\/muscleforge.nl\/pl\/wp-json\/wp\/v2\/types\/product"}],"replies":[{"embeddable":true,"href":"https:\/\/muscleforge.nl\/pl\/wp-json\/wp\/v2\/comments?post=50976"}],"wp:featuredmedia":[{"embeddable":true,"href":"https:\/\/muscleforge.nl\/pl\/wp-json\/wp\/v2\/media\/50969"}],"wp:attachment":[{"href":"https:\/\/muscleforge.nl\/pl\/wp-json\/wp\/v2\/media?parent=50976"}],"wp:term":[{"taxonomy":"product_brand","embeddable":true,"href":"https:\/\/muscleforge.nl\/pl\/wp-json\/wp\/v2\/product_brand?post=50976"},{"taxonomy":"product_cat","embeddable":true,"href":"https:\/\/muscleforge.nl\/pl\/wp-json\/wp\/v2\/product_cat?post=50976"},{"taxonomy":"product_tag","embeddable":true,"href":"https:\/\/muscleforge.nl\/pl\/wp-json\/wp\/v2\/product_tag?post=50976"}],"curies":[{"name":"wp","href":"https:\/\/api.w.org\/{rel}","templated":true}]}}