{"id":51009,"date":"2024-12-04T14:46:50","date_gmt":"2024-12-04T13:46:50","guid":{"rendered":"https:\/\/muscleforge.nl\/product\/kevin-levrone-gold-creatine-chews-240-tab\/"},"modified":"2025-06-02T00:06:25","modified_gmt":"2025-06-01T22:06:25","slug":"kevin-levrone-gold-creatine-chews-240-tab","status":"publish","type":"product","link":"https:\/\/muscleforge.nl\/pl\/produkt\/kevin-levrone-gold-creatine-chews-240-tab\/","title":{"rendered":"Kevin Levrone\u00ae Gold CREATINE CHEWS 240 tab."},"content":{"rendered":"<h1>Kevin Levrone\u00ae Gold CREATINE\u00a0 CHEWS<\/h1>\n<div class=\"group\/conversation-turn relative flex w-full min-w-0 flex-col agent-turn\">\n<div class=\"flex-col gap-1 md:gap-3\">\n<div class=\"flex max-w-full flex-col flex-grow\">\n<div class=\"min-h-8 text-message flex w-full flex-col items-end gap-2 whitespace-normal break-words [.text-message+&amp;]:mt-5\" dir=\"auto\" data-message-author-role=\"assistant\" data-message-id=\"78593c08-df3f-4e17-b3e6-c4b0e8f5873e\" data-message-model-slug=\"gpt-4o\">\n<div class=\"flex w-full flex-col gap-1 empty:hidden first:pt-[3px]\">\n<div class=\"markdown prose w-full break-words dark:prose-invert light\">\n<p><strong>Kreatyna w tabletkach<\/strong> to niezast\u0105piony suplement dla os\u00f3b d\u0105\u017c\u0105cych do maksymalizacji swoich mo\u017cliwo\u015bci treningowych. Ten produkt stanowi idealne wsparcie dla ka\u017cdego, kto chce zwi\u0119kszy\u0107 si\u0142\u0119, poprawi\u0107 wytrzyma\u0142o\u015b\u0107 oraz osi\u0105ga\u0107 lepsze wyniki sportowe. Kreatyna, od lat ceniona przez sportowc\u00f3w i entuzjast\u00f3w aktywno\u015bci fizycznej, odgrywa kluczow\u0105 rol\u0119 w regeneracji mi\u0119\u015bni oraz w zwi\u0119kszaniu wydolno\u015bci, szczeg\u00f3lnie podczas intensywnych i wymagaj\u0105cych trening\u00f3w.<\/p>\n<p>Ka\u017cda porcja zawiera <strong>5000 mg monohydratu kreatyny<\/strong>, z czego a\u017c <strong>4400 mg to czysta kreatyna<\/strong>, kt\u00f3rej skuteczno\u015b\u0107 zosta\u0142a wielokrotnie potwierdzona w badaniach naukowych. Regularne stosowanie tego suplementu mo\u017ce przyczyni\u0107 si\u0119 do szybszego przyrostu masy mi\u0119\u015bniowej, zwi\u0119kszenia si\u0142y oraz poprawy eksplozji energetycznej podczas kr\u00f3tkotrwa\u0142ych, ale intensywnych wysi\u0142k\u00f3w.<\/p>\n<p><strong>Forma tabletek<\/strong> sprawia, \u017ce produkt jest niezwykle \u0142atwy w u\u017cyciu \u2013 idealny dla os\u00f3b ceni\u0105cych wygod\u0119 i precyzj\u0119 w suplementacji. Nie musisz martwi\u0107 si\u0119 o dok\u0142adne odmierzanie proszku \u2013 tabletki pozwalaj\u0105 na szybkie i bezproblemowe dostarczenie odpowiedniej dawki kreatyny, gdziekolwiek jeste\u015b.<\/p>\n<h3><strong>Dlaczego warto wybra\u0107 ten produkt?<\/strong><\/h3>\n<ul>\n<li><strong>Wsparcie si\u0142y i wytrzyma\u0142o\u015bci<\/strong> \u2013 pomaga pokona\u0107 bariery i osi\u0105gn\u0105\u0107 lepsze wyniki.<\/li>\n<li><strong>Regeneracja mi\u0119\u015bni<\/strong> \u2013 przyspiesza odnow\u0119 mi\u0119\u015bni po ci\u0119\u017ckich sesjach treningowych.<\/li>\n<li><strong>Poprawa wydolno\u015bci<\/strong> \u2013 zwi\u0119ksza zasoby energetyczne, co pozwala na d\u0142u\u017csze i bardziej efektywne treningi.<\/li>\n<li><strong>Wygoda stosowania<\/strong> \u2013 tabletki s\u0105 \u0142atwe do po\u0142kni\u0119cia i idealne dla os\u00f3b prowadz\u0105cych aktywny tryb \u017cycia.<\/li>\n<\/ul>\n<p>Dzi\u0119ki temu suplementowi osi\u0105gniesz swoje cele treningowe szybciej i efektywniej! Wybierz <strong>kreatyn\u0119 w tabletkach<\/strong> i zr\u00f3b krok w stron\u0119 swoich najlepszych rezultat\u00f3w<\/p>\n<\/div>\n<\/div>\n<\/div>\n<\/div>\n<\/div>\n<\/div>\n<h3>Warto\u015b\u0107 Od\u017cywcza<\/h3>\n<table>\n<tbody>\n<tr>\n<td colspan=\"2\"><strong>Dzienna porcja:<\/strong>\u00a05 tabletek<br \/>\n<strong>Ilo\u015b\u0107 porcji w opakowaniu:<\/strong>\u00a024<\/td>\n<\/tr>\n<tr>\n<td><strong>Zawarto\u015b\u0107 w<\/strong><\/td>\n<td><strong>5 tabletkach<\/strong><\/td>\n<\/tr>\n<tr>\n<td>Monohydrat kreatyny<\/td>\n<td>5000 mg<\/td>\n<\/tr>\n<tr>\n<td>\u00a0\u00a0 w tym kreatyna<\/td>\n<td>4400 mg<\/td>\n<\/tr>\n<\/tbody>\n<\/table>\n<p>Masa netto:\u00a0 120 tabletek (216 g \u212e)<\/p>\n<p><strong>Sk\u0142adniki:<\/strong>\u00a0monohydrat kreatyny, maltodekstryna, substancja wype\u0142niaj\u0105ca (E460(i)), substancje przeciwzbrylaj\u0105ce (E470b, E551), aromaty, regulatory kwasowo\u015bci (E330, E296), koncentrat soku buraczanego, koncentrat czarnej marchwi, substancje s\u0142odz\u0105ce (sukraloza, acesulfam K).<\/p>\n<p><strong><br \/>\nUwagi:<\/strong>\u00a0Nie spo\u017cywa\u0107 w przypadku uczulenia na kt\u00f3rykolwiek ze sk\u0142adnik\u00f3w produktu. Nie przekracza\u0107 zalecanej do spo\u017cycia dziennej porcji produktu. Produkt mo\u017ce spowodowa\u0107 wzrost masy cia\u0142a. Suplement diety nie mo\u017ce by\u0107 stosowany jako zamiennik zr\u00f3\u017cnicowanej diety. Zalecany jest zr\u00f3wnowa\u017cony spos\u00f3b \u017cywienia i zdrowy tryb \u017cycia. Produkt nie powinien by\u0107 spo\u017cywany przez kobiety w ci\u0105\u017cy i matki karmi\u0105ce. Przechowywa\u0107 w spos\u00f3b niedost\u0119pny dla ma\u0142ych dzieci. W przypadku przyjmowania lek\u00f3w przed spo\u017cyciem produktu zalecana jest konsultacja z lekarzem.<\/p>\n","protected":false},"excerpt":{"rendered":"<p>Kevin Levrone\u00ae Gold CREATINE\u00a0 CHEWS Kreatyna w tabletkach to niezast\u0105piony suplement dla os\u00f3b d\u0105\u017c\u0105cych do maksymalizacji swoich mo\u017cliwo\u015bci treningowych. Ten produkt stanowi idealne wsparcie dla ka\u017cdego, kto chce zwi\u0119kszy\u0107 si\u0142\u0119, poprawi\u0107 wytrzyma\u0142o\u015b\u0107 oraz osi\u0105ga\u0107 lepsze wyniki sportowe. Kreatyna, od lat ceniona przez sportowc\u00f3w i entuzjast\u00f3w aktywno\u015bci fizycznej, odgrywa kluczow\u0105 rol\u0119 w regeneracji mi\u0119\u015bni oraz w&#8230;<\/p>\n","protected":false},"featured_media":51007,"comment_status":"open","ping_status":"closed","template":"","meta":[],"product_brand":[],"product_cat":[728,843],"product_tag":[],"class_list":{"0":"post-51009","1":"product","2":"type-product","3":"status-publish","4":"has-post-thumbnail","6":"product_cat-suplementy-diety","7":"product_cat-monohydrat-kreatyny","9":"first","10":"instock","11":"taxable","12":"shipping-taxable","13":"purchasable","14":"product-type-variable"},"_links":{"self":[{"href":"https:\/\/muscleforge.nl\/pl\/wp-json\/wp\/v2\/product\/51009","targetHints":{"allow":["GET"]}}],"collection":[{"href":"https:\/\/muscleforge.nl\/pl\/wp-json\/wp\/v2\/product"}],"about":[{"href":"https:\/\/muscleforge.nl\/pl\/wp-json\/wp\/v2\/types\/product"}],"replies":[{"embeddable":true,"href":"https:\/\/muscleforge.nl\/pl\/wp-json\/wp\/v2\/comments?post=51009"}],"wp:featuredmedia":[{"embeddable":true,"href":"https:\/\/muscleforge.nl\/pl\/wp-json\/wp\/v2\/media\/51007"}],"wp:attachment":[{"href":"https:\/\/muscleforge.nl\/pl\/wp-json\/wp\/v2\/media?parent=51009"}],"wp:term":[{"taxonomy":"product_brand","embeddable":true,"href":"https:\/\/muscleforge.nl\/pl\/wp-json\/wp\/v2\/product_brand?post=51009"},{"taxonomy":"product_cat","embeddable":true,"href":"https:\/\/muscleforge.nl\/pl\/wp-json\/wp\/v2\/product_cat?post=51009"},{"taxonomy":"product_tag","embeddable":true,"href":"https:\/\/muscleforge.nl\/pl\/wp-json\/wp\/v2\/product_tag?post=51009"}],"curies":[{"name":"wp","href":"https:\/\/api.w.org\/{rel}","templated":true}]}}