{"id":51407,"date":"2024-12-16T17:14:32","date_gmt":"2024-12-16T16:14:32","guid":{"rendered":"https:\/\/muscleforge.nl\/product\/all-nutrtion-sauce-zero-sugar-500ml\/"},"modified":"2025-06-02T00:06:21","modified_gmt":"2025-06-01T22:06:21","slug":"all-nutrtion-sauce-zero-sugar-500ml","status":"publish","type":"product","link":"https:\/\/muscleforge.nl\/pl\/produkt\/all-nutrtion-sauce-zero-sugar-500ml\/","title":{"rendered":"ALL NUTRTION SAUCE ZERO SUGAR 500ml"},"content":{"rendered":"<h1><strong>ALLNUTRITION SAUCE ZERO SUGAR<\/strong><\/h1>\n<p>ALLNUTRITION Sauce Zero Sugar to niskokaloryczny sos bez dodatku cukru, idealny do urozmaicenia Twoich posi\u0142k\u00f3w bez zb\u0119dnych kalorii.<\/p>\n<p><strong>Zalety produktu:<\/strong><\/p>\n<ul>\n<li>Brak dodatku cukru \u2013 idealny dla os\u00f3b na diecie niskow\u0119glowodanowej.<\/li>\n<li>Niska kaloryczno\u015b\u0107 \u2013 \u015bwietny wyb\u00f3r dla os\u00f3b dbaj\u0105cych o lini\u0119.<\/li>\n<li>Dost\u0119pny w r\u00f3\u017cnych wariantach smakowych.<\/li>\n<li>Doskona\u0142y dodatek do da\u0144 mi\u0119snych, sa\u0142atek, kanapek czy deser\u00f3w.<\/li>\n<li>Odpowiedni dla os\u00f3b na diecie redukcyjnej i sportowc\u00f3w.<\/li>\n<\/ul>\n<p>ALLNUTRITION Sauce Zero Sugar to \u015bwietna alternatywa dla tradycyjnych, wysokokalorycznych sos\u00f3w. Dzi\u0119ki zastosowaniu specjalnej receptury sosy te nie zawieraj\u0105 dodatku cukru i maj\u0105 minimaln\u0105 ilo\u015b\u0107 kalorii, co czyni je doskona\u0142ym wyborem dla os\u00f3b dbaj\u0105cych o zdrow\u0105 diet\u0119. Sauce Zero Sugar wspaniale podkre\u015bla smak potraw, takich jak sa\u0142atki, mi\u0119sa, kanapki czy nawet przek\u0105ski. Wybierz ulubiony wariant smakowy i ciesz si\u0119 pysznym dodatkiem bez wyrzut\u00f3w sumienia!<\/p>\n<p>&nbsp;<\/p>\n<h3><strong>Spos\u00f3b u\u017cycia:<\/strong><\/h3>\n<p>Dodaj sos do swoich ulubionych potraw wed\u0142ug uznania. Przed u\u017cyciem wstrz\u0105\u015bnij butelk\u0105.<\/p>\n<p>&nbsp;<\/p>\n<h3>Sk\u0142ad produktu<\/h3>\n<p><strong>Wariant:Choco Balls<\/strong><\/p>\n<div id=\"wartosci\" class=\"ui-tabs-panel ui-widget-content ui-corner-bottom\">\n<div id=\"ctl00_ContentPlaceHolder1_EtykietaControl_upEtykieta\">\n<div class=\"label-preview\">\n<div id=\"ctl00_ContentPlaceHolder1_EtykietaControl_pWartoscOdzywcza\" class=\"label-nutritional__container\">\n<table id=\"ctl00_ContentPlaceHolder1_EtykietaControl_gvPodgladEtykiety\" class=\"label-nutritional__table\" border=\"1\" rules=\"all\" cellspacing=\"0\">\n<tbody>\n<tr>\n<th scope=\"col\">Warto\u015b\u0107 od\u017cywcza:<\/th>\n<th scope=\"col\">100 mililitr\u00f3w<\/th>\n<th scope=\"col\">5 ml (1 porcja)<\/th>\n<\/tr>\n<tr>\n<td><span id=\"ctl00_ContentPlaceHolder1_EtykietaControl_gvPodgladEtykiety_ctl02_lbWartoscOdzywcza\">Warto\u015b\u0107 energetyczna<\/span><\/td>\n<td>41 kJ \/ 10 kcal<\/td>\n<td>2 kJ \/ 1 kcal<\/td>\n<\/tr>\n<tr>\n<td><span id=\"ctl00_ContentPlaceHolder1_EtykietaControl_gvPodgladEtykiety_ctl03_lbWartoscOdzywcza\">T\u0142uszcz<\/span><\/td>\n<td>&lt;0,5 g<\/td>\n<td>&lt;0 g<\/td>\n<\/tr>\n<tr>\n<td class=\"subordinate-value\"><span id=\"ctl00_ContentPlaceHolder1_EtykietaControl_gvPodgladEtykiety_ctl04_lbWartoscOdzywcza\">-kwasy t\u0142uszczowe nasycone<\/span><\/td>\n<td>&lt;0,1 g<\/td>\n<td>0 g<\/td>\n<\/tr>\n<tr>\n<td><span id=\"ctl00_ContentPlaceHolder1_EtykietaControl_gvPodgladEtykiety_ctl05_lbWartoscOdzywcza\">W\u0119glowodany<\/span><\/td>\n<td>1,4 g<\/td>\n<td>&lt;0,5 g<\/td>\n<\/tr>\n<tr>\n<td class=\"subordinate-value\"><span id=\"ctl00_ContentPlaceHolder1_EtykietaControl_gvPodgladEtykiety_ctl06_lbWartoscOdzywcza\">-w tym cukry<\/span><\/td>\n<td>&lt;0,5 g<\/td>\n<td>0 g<\/td>\n<\/tr>\n<tr>\n<td><span id=\"ctl00_ContentPlaceHolder1_EtykietaControl_gvPodgladEtykiety_ctl07_lbWartoscOdzywcza\">B\u0142onnik<\/span><\/td>\n<td>0,9 g<\/td>\n<td>0 g<\/td>\n<\/tr>\n<tr>\n<td><span id=\"ctl00_ContentPlaceHolder1_EtykietaControl_gvPodgladEtykiety_ctl08_lbWartoscOdzywcza\">Bia\u0142ko<\/span><\/td>\n<td>&lt;0,5 g<\/td>\n<td>&lt;0 g<\/td>\n<\/tr>\n<tr>\n<td><span id=\"ctl00_ContentPlaceHolder1_EtykietaControl_gvPodgladEtykiety_ctl09_lbWartoscOdzywcza\">S\u00f3l<\/span><\/td>\n<td>&lt;0,15 g<\/td>\n<td>0,01 g<\/td>\n<\/tr>\n<\/tbody>\n<\/table>\n<\/div>\n<div id=\"ctl00_ContentPlaceHolder1_EtykietaControl_pSkladniki\"><strong><span id=\"ctl00_ContentPlaceHolder1_EtykietaControl_lblSkladnikiNaglowek\" class=\"label-header header-ingridients\">Sk\u0142adniki:<\/span><\/strong><span id=\"ctl00_ContentPlaceHolder1_EtykietaControl_lblSkladniki\" class=\"label-ingridients__list\">woda, substancje zag\u0119szczaj\u0105ce: guma celulozowa, guma ksantanowa, kakao o obni\u017conej zawarto\u015bci t\u0142uszczu (0,8%), aromat, substancje konserwuj\u0105ce: sorbinian potasu, benzoesan sodu, substancja s\u0142odz\u0105ca: sukraloza<\/span><\/div>\n<div><\/div>\n<\/div>\n<div><strong>Wariant: Sweet Coffee<\/strong><\/div>\n<div>\n<div id=\"ctl00_ContentPlaceHolder1_EtykietaControl_pWartoscOdzywcza\" class=\"label-nutritional__container\">\n<table id=\"ctl00_ContentPlaceHolder1_EtykietaControl_gvPodgladEtykiety\" class=\"label-nutritional__table\" border=\"1\" rules=\"all\" cellspacing=\"0\">\n<tbody>\n<tr>\n<th scope=\"col\">Warto\u015b\u0107 od\u017cywcza:<\/th>\n<th scope=\"col\">100 mililitr\u00f3w<\/th>\n<th scope=\"col\">5 ml (1 porcja)<\/th>\n<\/tr>\n<tr>\n<td><span id=\"ctl00_ContentPlaceHolder1_EtykietaControl_gvPodgladEtykiety_ctl02_lbWartoscOdzywcza\">Warto\u015b\u0107 energetyczna<\/span><\/td>\n<td>50 kJ \/ 12 kcal<\/td>\n<td>3 kJ \/ 1 kcal<\/td>\n<\/tr>\n<tr>\n<td><span id=\"ctl00_ContentPlaceHolder1_EtykietaControl_gvPodgladEtykiety_ctl03_lbWartoscOdzywcza\">T\u0142uszcz<\/span><\/td>\n<td>0 g<\/td>\n<td>0 g<\/td>\n<\/tr>\n<tr>\n<td class=\"subordinate-value\"><span id=\"ctl00_ContentPlaceHolder1_EtykietaControl_gvPodgladEtykiety_ctl04_lbWartoscOdzywcza\">-kwasy t\u0142uszczowe nasycone<\/span><\/td>\n<td>0 g<\/td>\n<td>0 g<\/td>\n<\/tr>\n<tr>\n<td><span id=\"ctl00_ContentPlaceHolder1_EtykietaControl_gvPodgladEtykiety_ctl05_lbWartoscOdzywcza\">W\u0119glowodany<\/span><\/td>\n<td>2,2 g<\/td>\n<td>&lt;0,5 g<\/td>\n<\/tr>\n<tr>\n<td class=\"subordinate-value\"><span id=\"ctl00_ContentPlaceHolder1_EtykietaControl_gvPodgladEtykiety_ctl06_lbWartoscOdzywcza\">-w tym cukry<\/span><\/td>\n<td>0 g<\/td>\n<td>0 g<\/td>\n<\/tr>\n<tr>\n<td><span id=\"ctl00_ContentPlaceHolder1_EtykietaControl_gvPodgladEtykiety_ctl07_lbWartoscOdzywcza\">B\u0142onnik<\/span><\/td>\n<td>1,5 g<\/td>\n<td>&lt;0,5 g<\/td>\n<\/tr>\n<tr>\n<td><span id=\"ctl00_ContentPlaceHolder1_EtykietaControl_gvPodgladEtykiety_ctl08_lbWartoscOdzywcza\">Bia\u0142ko<\/span><\/td>\n<td>&lt;0,5 g<\/td>\n<td>0 g<\/td>\n<\/tr>\n<tr>\n<td><span id=\"ctl00_ContentPlaceHolder1_EtykietaControl_gvPodgladEtykiety_ctl09_lbWartoscOdzywcza\">S\u00f3l<\/span><\/td>\n<td>0,01 g<\/td>\n<td>0 g<\/td>\n<\/tr>\n<\/tbody>\n<\/table>\n<\/div>\n<div id=\"ctl00_ContentPlaceHolder1_EtykietaControl_pSkladniki\"><span id=\"ctl00_ContentPlaceHolder1_EtykietaControl_lblSkladnikiNaglowek\" class=\"label-header header-ingridients\"><strong>Sk\u0142adniki<\/strong>:<\/span><span id=\"ctl00_ContentPlaceHolder1_EtykietaControl_lblSkladniki\" class=\"label-ingridients__list\">woda, substancje zag\u0119szczaj\u0105ce: guma celulozowa, guma ksantanowa, barwnik: karmel amoniakalny, aromat, substancje konserwuj\u0105ce: sorbinian potasu, benzoesan sodu, substancja s\u0142odz\u0105ca: sukraloza<\/span><\/div>\n<div><\/div>\n<\/div>\n<div><strong>Wariant: Vanilla<\/strong><\/div>\n<div>\n<div id=\"ctl00_ContentPlaceHolder1_EtykietaControl_pWartoscOdzywcza\" class=\"label-nutritional__container\">\n<div>\n<table id=\"ctl00_ContentPlaceHolder1_EtykietaControl_gvPodgladEtykiety\" class=\"label-nutritional__table\" border=\"1\" rules=\"all\" cellspacing=\"0\">\n<tbody>\n<tr>\n<th scope=\"col\">Warto\u015b\u0107 od\u017cywcza:<\/th>\n<th scope=\"col\">100 mililitr\u00f3w<\/th>\n<th scope=\"col\">5 ml (1 porcja)<\/th>\n<\/tr>\n<tr>\n<td><span id=\"ctl00_ContentPlaceHolder1_EtykietaControl_gvPodgladEtykiety_ctl02_lbWartoscOdzywcza\">Warto\u015b\u0107 energetyczna<\/span><\/td>\n<td>28 kJ \/ 7 kcal<\/td>\n<td>1 kJ \/ 0 kcal<\/td>\n<\/tr>\n<tr>\n<td><span id=\"ctl00_ContentPlaceHolder1_EtykietaControl_gvPodgladEtykiety_ctl03_lbWartoscOdzywcza\">T\u0142uszcz<\/span><\/td>\n<td>0 g<\/td>\n<td>0 g<\/td>\n<\/tr>\n<tr>\n<td class=\"subordinate-value\"><span id=\"ctl00_ContentPlaceHolder1_EtykietaControl_gvPodgladEtykiety_ctl04_lbWartoscOdzywcza\">-kwasy t\u0142uszczowe nasycone<\/span><\/td>\n<td>0 g<\/td>\n<td>0 g<\/td>\n<\/tr>\n<tr>\n<td><span id=\"ctl00_ContentPlaceHolder1_EtykietaControl_gvPodgladEtykiety_ctl05_lbWartoscOdzywcza\">W\u0119glowodany<\/span><\/td>\n<td>1,3 g<\/td>\n<td>&lt;0,5 g<\/td>\n<\/tr>\n<tr>\n<td class=\"subordinate-value\"><span id=\"ctl00_ContentPlaceHolder1_EtykietaControl_gvPodgladEtykiety_ctl06_lbWartoscOdzywcza\">-w tym cukry<\/span><\/td>\n<td>0 g<\/td>\n<td>0 g<\/td>\n<\/tr>\n<tr>\n<td><span id=\"ctl00_ContentPlaceHolder1_EtykietaControl_gvPodgladEtykiety_ctl07_lbWartoscOdzywcza\">B\u0142onnik<\/span><\/td>\n<td>0,6 g<\/td>\n<td>0 g<\/td>\n<\/tr>\n<tr>\n<td><span id=\"ctl00_ContentPlaceHolder1_EtykietaControl_gvPodgladEtykiety_ctl08_lbWartoscOdzywcza\">Bia\u0142ko<\/span><\/td>\n<td>&lt;0,5 g<\/td>\n<td>&lt;0 g<\/td>\n<\/tr>\n<tr>\n<td><span id=\"ctl00_ContentPlaceHolder1_EtykietaControl_gvPodgladEtykiety_ctl09_lbWartoscOdzywcza\">S\u00f3l<\/span><\/td>\n<td>0,03 g<\/td>\n<td>0 g<\/td>\n<\/tr>\n<\/tbody>\n<\/table>\n<\/div>\n<\/div>\n<div id=\"ctl00_ContentPlaceHolder1_EtykietaControl_pSkladniki\"><strong><span id=\"ctl00_ContentPlaceHolder1_EtykietaControl_lblSkladnikiNaglowek\" class=\"label-header header-ingridients\">Sk\u0142adniki:<\/span><\/strong><span id=\"ctl00_ContentPlaceHolder1_EtykietaControl_lblSkladniki\" class=\"label-ingridients__list\">woda, substancje zag\u0119szczaj\u0105ce: guma celulozowa, guma ksantanowa, aromat, substancje konserwuj\u0105ce: sorbinian potasu, benzoesan sodu, substancja s\u0142odz\u0105ca: sukraloza, barwnik: karoteny<\/span><\/div>\n<div><\/div>\n<\/div>\n<\/div>\n<div><strong>Alergeny:<\/strong><br \/>\nProdukt mo\u017ce zawiera\u0107 \u015bladowe ilo\u015bci mleka, jaj, soi, orzech\u00f3w i glutenu.<\/div>\n<\/div>\n","protected":false},"excerpt":{"rendered":"<p>ALLNUTRITION SAUCE ZERO SUGAR ALLNUTRITION Sauce Zero Sugar to niskokaloryczny sos bez dodatku cukru, idealny do urozmaicenia Twoich posi\u0142k\u00f3w bez zb\u0119dnych kalorii. Zalety produktu: Brak dodatku cukru \u2013 idealny dla os\u00f3b na diecie niskow\u0119glowodanowej. Niska kaloryczno\u015b\u0107 \u2013 \u015bwietny wyb\u00f3r dla os\u00f3b dbaj\u0105cych o lini\u0119. Dost\u0119pny w r\u00f3\u017cnych wariantach smakowych. Doskona\u0142y dodatek do da\u0144 mi\u0119snych, sa\u0142atek,&#8230;<\/p>\n","protected":false},"featured_media":54958,"comment_status":"open","ping_status":"closed","template":"","meta":[],"product_brand":[],"product_cat":[728,849],"product_tag":[1033],"class_list":{"0":"post-51407","1":"product","2":"type-product","3":"status-publish","4":"has-post-thumbnail","6":"product_cat-suplementy-diety","7":"product_cat-zdrowa-zywnosc-i-przekaski","8":"product_tag-allnutrition-pl","10":"first","11":"instock","12":"taxable","13":"shipping-taxable","14":"purchasable","15":"product-type-variable"},"_links":{"self":[{"href":"https:\/\/muscleforge.nl\/pl\/wp-json\/wp\/v2\/product\/51407","targetHints":{"allow":["GET"]}}],"collection":[{"href":"https:\/\/muscleforge.nl\/pl\/wp-json\/wp\/v2\/product"}],"about":[{"href":"https:\/\/muscleforge.nl\/pl\/wp-json\/wp\/v2\/types\/product"}],"replies":[{"embeddable":true,"href":"https:\/\/muscleforge.nl\/pl\/wp-json\/wp\/v2\/comments?post=51407"}],"wp:featuredmedia":[{"embeddable":true,"href":"https:\/\/muscleforge.nl\/pl\/wp-json\/wp\/v2\/media\/54958"}],"wp:attachment":[{"href":"https:\/\/muscleforge.nl\/pl\/wp-json\/wp\/v2\/media?parent=51407"}],"wp:term":[{"taxonomy":"product_brand","embeddable":true,"href":"https:\/\/muscleforge.nl\/pl\/wp-json\/wp\/v2\/product_brand?post=51407"},{"taxonomy":"product_cat","embeddable":true,"href":"https:\/\/muscleforge.nl\/pl\/wp-json\/wp\/v2\/product_cat?post=51407"},{"taxonomy":"product_tag","embeddable":true,"href":"https:\/\/muscleforge.nl\/pl\/wp-json\/wp\/v2\/product_tag?post=51407"}],"curies":[{"name":"wp","href":"https:\/\/api.w.org\/{rel}","templated":true}]}}