{"id":54277,"date":"2026-03-20T15:18:10","date_gmt":"2026-03-20T14:18:10","guid":{"rendered":"https:\/\/muscleforge.nl\/product\/6pak-nutrition-zmb-90-caps\/"},"modified":"2026-04-10T21:36:20","modified_gmt":"2026-04-10T19:36:20","slug":"6pak-nutrition-zmb-90-caps","status":"publish","type":"product","link":"https:\/\/muscleforge.nl\/pl\/produkt\/6pak-nutrition-zmb-90-caps\/","title":{"rendered":"6PAK Nutrition ZMB 90 caps"},"content":{"rendered":"<div class=\"flex flex-col text-sm pb-25\">\n<section class=\"text-token-text-primary w-full focus:outline-none [--shadow-height:45px] has-data-writing-block:pointer-events-none has-data-writing-block:-mt-(--shadow-height) has-data-writing-block:pt-(--shadow-height) [&amp;:has([data-writing-block])&gt;*]:pointer-events-auto scroll-mt-[calc(var(--header-height)+min(200px,max(70px,20svh)))]\" dir=\"auto\" data-turn-id=\"request-69727bcd-254c-8325-846c-5b320c4ebf39-0\" data-testid=\"conversation-turn-222\" data-scroll-anchor=\"true\" data-turn=\"assistant\">\n<div class=\"text-base my-auto mx-auto pb-10 [--thread-content-margin:var(--thread-content-margin-xs,calc(var(--spacing)*4))] @w-sm\/main:[--thread-content-margin:var(--thread-content-margin-sm,calc(var(--spacing)*6))] @w-lg\/main:[--thread-content-margin:var(--thread-content-margin-lg,calc(var(--spacing)*16))] px-(--thread-content-margin)\">\n<div class=\"[--thread-content-max-width:40rem] @w-lg\/main:[--thread-content-max-width:48rem] mx-auto max-w-(--thread-content-max-width) flex-1 group\/turn-messages focus-visible:outline-hidden relative flex w-full min-w-0 flex-col agent-turn\">\n<div class=\"flex max-w-full flex-col gap-4 grow\">\n<div class=\"min-h-8 text-message relative flex w-full flex-col items-end gap-2 text-start break-words whitespace-normal outline-none keyboard-focused:focus-ring [.text-message+&amp;]:mt-1\" dir=\"auto\" tabindex=\"0\" data-message-author-role=\"assistant\" data-message-id=\"ac1bffec-b921-445f-a66f-1867695ec8cd\" data-message-model-slug=\"gpt-5-3\" data-turn-start-message=\"true\">\n<div class=\"flex w-full flex-col gap-1 empty:hidden\">\n<div class=\"markdown prose dark:prose-invert w-full wrap-break-word light markdown-new-styling\">\n<h2 data-section-id=\"yvhhw\" data-start=\"0\" data-end=\"21\">\ud83d\udd25 Zalety produktu<\/h2>\n<p data-start=\"23\" data-end=\"322\">\ud83d\udcaa wspiera regeneracj\u0119 mi\u0119\u015bni po treningu<br data-start=\"64\" data-end=\"67\" \/>\ud83e\udde0 przyczynia si\u0119 do prawid\u0142owego funkcjonowania uk\u0142adu nerwowego<br data-start=\"132\" data-end=\"135\" \/>\ud83d\ude34 pomaga poprawi\u0107 jako\u015b\u0107 snu<br data-start=\"164\" data-end=\"167\" \/>\ud83d\udee1\ufe0f wspiera uk\u0142ad odporno\u015bciowy dzi\u0119ki zawarto\u015bci cynku<br data-start=\"222\" data-end=\"225\" \/>\u26a1 pomaga zmniejszy\u0107 uczucie zm\u0119czenia i znu\u017cenia<br data-start=\"273\" data-end=\"276\" \/>\ud83c\udf19 idealny suplement do stosowania wieczorem<\/p>\n<h2 data-section-id=\"14if89t\" data-start=\"329\" data-end=\"348\">\ud83d\udc8a Opis produktu<\/h2>\n<p data-start=\"350\" data-end=\"446\">6PAK ZMB to skuteczne po\u0142\u0105czenie trzech niezb\u0119dnych sk\u0142adnik\u00f3w dla os\u00f3b aktywnych fizycznie \ud83d\udcaa<\/p>\n<p data-start=\"448\" data-end=\"697\">Magnesium wspiera prawid\u0142owe funkcjonowanie mi\u0119\u015bni oraz uk\u0142adu nerwowego \ud83e\udde0<br data-start=\"523\" data-end=\"526\" \/>Cynk pomaga utrzyma\u0107 prawid\u0142owy poziom testosteronu oraz wspiera odporno\u015b\u0107 \ud83d\udee1\ufe0f<br data-start=\"604\" data-end=\"607\" \/>Witamina B6 przyczynia si\u0119 do zmniejszenia zm\u0119czenia i wspiera metabolizm energetyczny \u26a1<\/p>\n<p data-start=\"699\" data-end=\"820\">Regularne stosowanie mo\u017ce wspiera\u0107 lepsz\u0105 regeneracj\u0119 i jako\u015b\u0107 snu \ud83d\ude34<br data-start=\"768\" data-end=\"771\" \/>co przek\u0142ada si\u0119 na lepsze wyniki treningowe \ud83d\udd25<\/p>\n<h2 data-section-id=\"fp3aqn\" data-start=\"827\" data-end=\"846\">\ud83d\udd52 Spos\u00f3b u\u017cycia<\/h2>\n<p data-start=\"848\" data-end=\"931\">\ud83d\udca7 Przyjmuj 2 kapsu\u0142ki dziennie, najlepiej 30\u201360 minut przed snem, popijaj\u0105c wod\u0105<\/p>\n<h2 data-section-id=\"1volq91\" data-start=\"938\" data-end=\"956\">\ud83d\udce6 Ilo\u015b\u0107 porcji<\/h2>\n<p data-start=\"958\" data-end=\"972\">\ud83d\udcca 45 porcji<\/p>\n<h2 data-section-id=\"jqacsx\" data-start=\"979\" data-end=\"1011\">\ud83d\udcca Tabela warto\u015bci od\u017cywczych<\/h2>\n<div class=\"TyagGW_tableContainer\">\n<div class=\"group TyagGW_tableWrapper flex flex-col-reverse w-fit\" tabindex=\"-1\">\n<table class=\"w-fit min-w-(--thread-content-width)\" data-start=\"1013\" data-end=\"1140\">\n<thead data-start=\"1013\" data-end=\"1050\">\n<tr data-start=\"1013\" data-end=\"1050\">\n<th class=\"\" data-start=\"1013\" data-end=\"1024\" data-col-size=\"sm\">Sk\u0142adnik<\/th>\n<th class=\"\" data-start=\"1024\" data-end=\"1050\" data-col-size=\"sm\">na porcj\u0119 (2 kapsu\u0142ki)<\/th>\n<\/tr>\n<\/thead>\n<tbody data-start=\"1061\" data-end=\"1140\">\n<tr data-start=\"1061\" data-end=\"1088\">\n<td data-start=\"1061\" data-end=\"1071\" data-col-size=\"sm\">Magnesium<\/td>\n<td data-col-size=\"sm\" data-start=\"1071\" data-end=\"1088\">250 mg (67%*)<\/td>\n<\/tr>\n<tr data-start=\"1089\" data-end=\"1111\">\n<td data-start=\"1089\" data-end=\"1094\" data-col-size=\"sm\">Cynk<\/td>\n<td data-start=\"1094\" data-end=\"1111\" data-col-size=\"sm\">15 mg (150%*)<\/td>\n<\/tr>\n<tr data-start=\"1112\" data-end=\"1140\">\n<td data-start=\"1112\" data-end=\"1124\" data-col-size=\"sm\">Witamina B6<\/td>\n<td data-col-size=\"sm\" data-start=\"1124\" data-end=\"1140\">6 mg (429%*)<\/td>\n<\/tr>\n<\/tbody>\n<\/table>\n<\/div>\n<\/div>\n<p data-start=\"1142\" data-end=\"1180\">*RI \u2013 Referencyjna warto\u015b\u0107 spo\u017cycia<\/p>\n<h2 data-section-id=\"exa4gv\" data-start=\"1187\" data-end=\"1202\">\ud83e\uddfe Sk\u0142adniki<\/h2>\n<p data-start=\"1204\" data-end=\"1478\">\ud83d\udc8a Magnez (sole magnezowe kwasu cytrynowego, tlenek magnezu), kapsu\u0142ka (substancja glazuruj\u0105ca: hydroksypropylometyloceluloza), cynk (glukonian cynku, tlenek cynku), substancja przeciwzbrylaj\u0105ca (sole magnezowe kwas\u00f3w t\u0142uszczowych), witamina B6 (chlorowodorek pirydoksyny)<\/p>\n<h2 data-section-id=\"a5h62p\" data-start=\"1485\" data-end=\"1514\">\u26a0\ufe0f Informacja o alergenach<\/h2>\n<p data-start=\"1516\" data-end=\"1608\">\ud83e\udd5b Mo\u017ce zawiera\u0107 mleko, soj\u0119, zbo\u017ca zawieraj\u0105ce gluten, ryby, skorupiaki i orzeszki ziemne<\/p>\n<h2 data-section-id=\"2limec\" data-start=\"1615\" data-end=\"1643\">\ud83d\udce6 Warunki przechowywania<\/h2>\n<p data-start=\"1645\" data-end=\"1833\" data-is-last-node=\"\" data-is-only-node=\"\">\ud83c\udf21\ufe0f Przechowywa\u0107 w suchym miejscu w temperaturze pokojowej<br data-start=\"1703\" data-end=\"1706\" \/>\ud83d\udd12 w szczelnie zamkni\u0119tym opakowaniu<br data-start=\"1742\" data-end=\"1745\" \/>\u2600\ufe0f chroni\u0107 przed \u015bwiat\u0142em i wilgoci\u0105<br data-start=\"1781\" data-end=\"1784\" \/>\ud83d\udeab przechowywa\u0107 w miejscu niedost\u0119pnym dla dzieci<\/p>\n<\/div>\n<\/div>\n<\/div>\n<\/div>\n<div class=\"z-0 flex min-h-[46px] justify-start\"><\/div>\n<div class=\"mt-3 w-full empty:hidden\">\n<div class=\"text-center\"><\/div>\n<\/div>\n<\/div>\n<\/div>\n<\/section>\n<\/div>\n<div class=\"pointer-events-none h-px w-px absolute bottom-0\" aria-hidden=\"true\" data-edge=\"true\"><\/div>\n","protected":false},"excerpt":{"rendered":"<p><strong>ZMB to po\u0142\u0105czenie magnezu, cynku i witaminy B6, kt\u00f3re wspiera regeneracj\u0119, sen oraz uk\u0142ad nerwowy.<\/strong><\/p>\n","protected":false},"featured_media":53971,"comment_status":"closed","ping_status":"closed","template":"","meta":[],"product_brand":[918],"product_cat":[728,867,836,857,853,869],"product_tag":[],"class_list":{"0":"post-54277","1":"product","2":"type-product","3":"status-publish","4":"has-post-thumbnail","6":"product_brand-6pak-nutrition","7":"product_cat-suplementy-diety","8":"product_cat-boostery-testosteronu-hormonu-wzrostu","9":"product_cat-lepszy-sen","10":"product_cat-libido-pl","11":"product_cat-skora-wlosy-i-paznokcie","12":"product_cat-witaminy-i-mineraly","14":"first","15":"instock","16":"taxable","17":"shipping-taxable","18":"purchasable","19":"product-type-simple"},"_links":{"self":[{"href":"https:\/\/muscleforge.nl\/pl\/wp-json\/wp\/v2\/product\/54277","targetHints":{"allow":["GET"]}}],"collection":[{"href":"https:\/\/muscleforge.nl\/pl\/wp-json\/wp\/v2\/product"}],"about":[{"href":"https:\/\/muscleforge.nl\/pl\/wp-json\/wp\/v2\/types\/product"}],"replies":[{"embeddable":true,"href":"https:\/\/muscleforge.nl\/pl\/wp-json\/wp\/v2\/comments?post=54277"}],"wp:featuredmedia":[{"embeddable":true,"href":"https:\/\/muscleforge.nl\/pl\/wp-json\/wp\/v2\/media\/53971"}],"wp:attachment":[{"href":"https:\/\/muscleforge.nl\/pl\/wp-json\/wp\/v2\/media?parent=54277"}],"wp:term":[{"taxonomy":"product_brand","embeddable":true,"href":"https:\/\/muscleforge.nl\/pl\/wp-json\/wp\/v2\/product_brand?post=54277"},{"taxonomy":"product_cat","embeddable":true,"href":"https:\/\/muscleforge.nl\/pl\/wp-json\/wp\/v2\/product_cat?post=54277"},{"taxonomy":"product_tag","embeddable":true,"href":"https:\/\/muscleforge.nl\/pl\/wp-json\/wp\/v2\/product_tag?post=54277"}],"curies":[{"name":"wp","href":"https:\/\/api.w.org\/{rel}","templated":true}]}}