{"id":54283,"date":"2026-03-20T14:12:30","date_gmt":"2026-03-20T13:12:30","guid":{"rendered":"https:\/\/muscleforge.nl\/product\/trec-nutrition-potassium-citrate-90-caps\/"},"modified":"2026-04-17T17:41:46","modified_gmt":"2026-04-17T15:41:46","slug":"trec-nutrition-potassium-citrate-90-caps","status":"publish","type":"product","link":"https:\/\/muscleforge.nl\/pl\/produkt\/trec-nutrition-potassium-citrate-90-caps\/","title":{"rendered":"Trec Nutrition Potassium Citrate 90 caps."},"content":{"rendered":"<h2 data-section-id=\"yvhhw\" data-start=\"0\" data-end=\"21\">\ud83d\udd25 Zalety produktu<\/h2>\n<p data-start=\"23\" data-end=\"220\">\ud83d\udcaa wspiera prawid\u0142ow\u0105 prac\u0119 mi\u0119\u015bni<br data-start=\"57\" data-end=\"60\" \/>\u26a1 pomaga utrzyma\u0107 r\u00f3wnowag\u0119 elektrolitow\u0105<br data-start=\"101\" data-end=\"104\" \/>\ud83e\udde0 wspiera funkcjonowanie uk\u0142adu nerwowego<br data-start=\"146\" data-end=\"149\" \/>\ud83d\udd25 mo\u017ce pomaga\u0107 zmniejszy\u0107 skurcze mi\u0119\u015bni<br data-start=\"190\" data-end=\"193\" \/>\ud83d\udc8a wygodna forma kapsu\u0142ek<\/p>\n<h2 data-section-id=\"14if89t\" data-start=\"222\" data-end=\"241\">\ud83d\udc8a Opis produktu<\/h2>\n<p data-start=\"243\" data-end=\"703\">TREC POTASSIUM CITRATE zawiera dobrze przyswajaln\u0105 form\u0119 potasu, kt\u00f3ra jest niezb\u0119dna dla prawid\u0142owego funkcjonowania organizmu \ud83d\udcaa<br data-start=\"373\" data-end=\"376\" \/>Potas wspiera prac\u0119 mi\u0119\u015bni oraz uk\u0142adu nerwowego i pomaga utrzyma\u0107 r\u00f3wnowag\u0119 elektrolitow\u0105 \u26a1<br data-start=\"468\" data-end=\"471\" \/>Jest to szczeg\u00f3lnie wa\u017cne podczas wysi\u0142ku fizycznego i intensywnych trening\u00f3w \ud83d\udd25<br data-start=\"551\" data-end=\"554\" \/>Suplement mo\u017ce pomaga\u0107 zmniejszy\u0107 skurcze mi\u0119\u015bni oraz wspiera regeneracj\u0119 \ud83d\ude34<br data-start=\"630\" data-end=\"633\" \/>Forma kapsu\u0142ek zapewnia wygod\u0119 stosowania i precyzyjne dawkowanie \ud83d\udc8a<\/p>\n<h2 data-section-id=\"fp3aqn\" data-start=\"705\" data-end=\"724\">\ud83d\udd52 Spos\u00f3b u\u017cycia<\/h2>\n<p data-start=\"726\" data-end=\"785\">\ud83d\udca7 Przyjmuj 2 razy dziennie po 2 kapsu\u0142ki, popijaj\u0105c wod\u0105<\/p>\n<h2 data-section-id=\"1volq91\" data-start=\"787\" data-end=\"805\">\ud83d\udce6 Ilo\u015b\u0107 porcji<\/h2>\n<p data-start=\"807\" data-end=\"821\">\ud83d\udcca 45 porcji<\/p>\n<h2 data-section-id=\"jqacsx\" data-start=\"823\" data-end=\"855\">\ud83d\udcca Tabela warto\u015bci od\u017cywczych<\/h2>\n<div class=\"TyagGW_tableContainer\">\n<div class=\"group TyagGW_tableWrapper flex flex-col-reverse w-fit\" tabindex=\"-1\">\n<table class=\"w-fit min-w-(--thread-content-width)\" data-start=\"857\" data-end=\"929\">\n<thead data-start=\"857\" data-end=\"902\">\n<tr data-start=\"857\" data-end=\"902\">\n<th class=\"\" data-start=\"857\" data-end=\"876\" data-col-size=\"sm\">Sk\u0142adnik aktywny<\/th>\n<th class=\"\" data-start=\"876\" data-end=\"902\" data-col-size=\"sm\">na porcj\u0119 (2 kapsu\u0142ki)<\/th>\n<\/tr>\n<\/thead>\n<tbody data-start=\"913\" data-end=\"929\">\n<tr data-start=\"913\" data-end=\"929\">\n<td data-start=\"913\" data-end=\"919\" data-col-size=\"sm\">Potas<\/td>\n<td data-start=\"919\" data-end=\"929\" data-col-size=\"sm\">466 mg<\/td>\n<\/tr>\n<\/tbody>\n<\/table>\n<\/div>\n<\/div>\n<h2 data-section-id=\"exa4gv\" data-start=\"931\" data-end=\"946\">\ud83e\uddfe Sk\u0142adniki<\/h2>\n<p data-start=\"948\" data-end=\"1078\">\ud83d\udc8a Cytrynian potasu, kapsu\u0142ka (hydroksypropylometyloceluloza), substancja przeciwzbrylaj\u0105ca (sole magnezowe kwas\u00f3w t\u0142uszczowych)<\/p>\n<h2 data-section-id=\"a5h62p\" data-start=\"1080\" data-end=\"1109\">\u26a0\ufe0f Informacja o alergenach<\/h2>\n<p data-start=\"1111\" data-end=\"1159\">\ud83e\udd5b Mo\u017ce zawiera\u0107 mleko, soj\u0119, gluten i orzechy<\/p>\n<h2 data-section-id=\"1cro640\" data-start=\"1161\" data-end=\"1178\">\u26a0\ufe0f Ostrze\u017cenia<\/h2>\n<p data-start=\"1180\" data-end=\"1409\" data-is-last-node=\"\" data-is-only-node=\"\">\ud83d\udeab Nie przekracza\u0107 zalecanej dziennej porcji<br data-start=\"1224\" data-end=\"1227\" \/>\ud83e\udd57 Suplement diety nie mo\u017ce by\u0107 stosowany jako zamiennik zr\u00f3\u017cnicowanej diety<br data-start=\"1303\" data-end=\"1306\" \/>\ud83d\udc76 Nie stosowa\u0107 u dzieci, kobiet w ci\u0105\u017cy oraz karmi\u0105cych<br data-start=\"1362\" data-end=\"1365\" \/>\ud83c\udf21\ufe0f Przechowywa\u0107 w ch\u0142odnym i suchym miejscu<\/p>\n","protected":false},"excerpt":{"rendered":"<p data-start=\"165\" data-end=\"254\"><strong data-start=\"165\" data-end=\"252\"><img loading=\"lazy\" decoding=\"async\" class=\"alignnone wp-image-54332 size-full\" src=\"https:\/\/muscleforge.nl\/wp-content\/uploads\/2026\/04\/ba63b0e4-d1b4-4666-8604-44f47f3de79f.png\" alt=\"\" width=\"1024\" height=\"1024\" srcset=\"https:\/\/muscleforge.nl\/wp-content\/uploads\/2026\/04\/ba63b0e4-d1b4-4666-8604-44f47f3de79f.png 1024w, https:\/\/muscleforge.nl\/wp-content\/uploads\/2026\/04\/ba63b0e4-d1b4-4666-8604-44f47f3de79f-300x300.png 300w, https:\/\/muscleforge.nl\/wp-content\/uploads\/2026\/04\/ba63b0e4-d1b4-4666-8604-44f47f3de79f-150x150.png 150w, https:\/\/muscleforge.nl\/wp-content\/uploads\/2026\/04\/ba63b0e4-d1b4-4666-8604-44f47f3de79f-768x768.png 768w, https:\/\/muscleforge.nl\/wp-content\/uploads\/2026\/04\/ba63b0e4-d1b4-4666-8604-44f47f3de79f-70x70.png 70w, https:\/\/muscleforge.nl\/wp-content\/uploads\/2026\/04\/ba63b0e4-d1b4-4666-8604-44f47f3de79f-360x360.png 360w, https:\/\/muscleforge.nl\/wp-content\/uploads\/2026\/04\/ba63b0e4-d1b4-4666-8604-44f47f3de79f-580x580.png 580w, https:\/\/muscleforge.nl\/wp-content\/uploads\/2026\/04\/ba63b0e4-d1b4-4666-8604-44f47f3de79f-860x860.png 860w, https:\/\/muscleforge.nl\/wp-content\/uploads\/2026\/04\/ba63b0e4-d1b4-4666-8604-44f47f3de79f-540x540.png 540w, https:\/\/muscleforge.nl\/wp-content\/uploads\/2026\/04\/ba63b0e4-d1b4-4666-8604-44f47f3de79f-600x600.png 600w, https:\/\/muscleforge.nl\/wp-content\/uploads\/2026\/04\/ba63b0e4-d1b4-4666-8604-44f47f3de79f-100x100.png 100w\" sizes=\"auto, (max-width: 1024px) 100vw, 1024px\" \/><\/strong><\/p>\n<p data-start=\"165\" data-end=\"254\"><strong data-start=\"165\" data-end=\"252\">Cytrynian potasu \u2013 wspiera prac\u0119 mi\u0119\u015bni, uk\u0142ad nerwowy oraz r\u00f3wnowag\u0119 elektrolitow\u0105<\/strong><\/p>\n","protected":false},"featured_media":53965,"comment_status":"closed","ping_status":"closed","template":"","meta":[],"product_brand":[],"product_cat":[728,869],"product_tag":[968,970,975,973,976,967,978,947,952,971,972,977,951,969,979,974],"class_list":{"0":"post-54283","1":"product","2":"type-product","3":"status-publish","4":"has-post-thumbnail","6":"product_cat-suplementy-diety","7":"product_cat-witaminy-i-mineraly","8":"product_tag-cytrynian-potasu","9":"product_tag-elektrolity","10":"product_tag-kapsulki","11":"product_tag-miesnie","12":"product_tag-mineraly","13":"product_tag-potas","14":"product_tag-potas-kapsulki","15":"product_tag-regeneracja","16":"product_tag-regeneracja-po-treningu","17":"product_tag-rownowaga-elektrolitowa","18":"product_tag-skurcze-miesni","19":"product_tag-suplement-diety","20":"product_tag-suplement-dla-sportowcow","21":"product_tag-suplement-potasu","22":"product_tag-trec-nutrition-pl","23":"product_tag-uklad-nerwowy","25":"first","26":"instock","27":"taxable","28":"shipping-taxable","29":"purchasable","30":"product-type-simple"},"_links":{"self":[{"href":"https:\/\/muscleforge.nl\/pl\/wp-json\/wp\/v2\/product\/54283","targetHints":{"allow":["GET"]}}],"collection":[{"href":"https:\/\/muscleforge.nl\/pl\/wp-json\/wp\/v2\/product"}],"about":[{"href":"https:\/\/muscleforge.nl\/pl\/wp-json\/wp\/v2\/types\/product"}],"replies":[{"embeddable":true,"href":"https:\/\/muscleforge.nl\/pl\/wp-json\/wp\/v2\/comments?post=54283"}],"wp:featuredmedia":[{"embeddable":true,"href":"https:\/\/muscleforge.nl\/pl\/wp-json\/wp\/v2\/media\/53965"}],"wp:attachment":[{"href":"https:\/\/muscleforge.nl\/pl\/wp-json\/wp\/v2\/media?parent=54283"}],"wp:term":[{"taxonomy":"product_brand","embeddable":true,"href":"https:\/\/muscleforge.nl\/pl\/wp-json\/wp\/v2\/product_brand?post=54283"},{"taxonomy":"product_cat","embeddable":true,"href":"https:\/\/muscleforge.nl\/pl\/wp-json\/wp\/v2\/product_cat?post=54283"},{"taxonomy":"product_tag","embeddable":true,"href":"https:\/\/muscleforge.nl\/pl\/wp-json\/wp\/v2\/product_tag?post=54283"}],"curies":[{"name":"wp","href":"https:\/\/api.w.org\/{rel}","templated":true}]}}