{"id":54342,"date":"2026-03-20T13:04:21","date_gmt":"2026-03-20T12:04:21","guid":{"rendered":"https:\/\/muscleforge.nl\/product\/trec-nutrition-cla-green-tea-180-cap\/"},"modified":"2026-04-18T14:05:34","modified_gmt":"2026-04-18T12:05:34","slug":"trec-nutrition-cla-green-tea-180-cap","status":"publish","type":"product","link":"https:\/\/muscleforge.nl\/pl\/produkt\/trec-nutrition-cla-green-tea-180-cap\/","title":{"rendered":"TREC Nutrition CLA+ GREEN TEA 180 CAP."},"content":{"rendered":"<h3 data-section-id=\"1seoaif\" data-start=\"61\" data-end=\"85\">\ud83d\udd25 Zalety produktu<\/h3>\n<p data-start=\"87\" data-end=\"265\">\ud83d\udd25 wspomaga spalanie t\u0142uszczu<br data-start=\"116\" data-end=\"119\" \/>\ud83e\uddec zawiera sprz\u0119\u017cony kwas linolowy (CLA)<br data-start=\"159\" data-end=\"162\" \/>\ud83c\udf43 wzbogacony ekstraktem z zielonej herbaty (EGCG)<br data-start=\"212\" data-end=\"215\" \/>\u26a1 wspiera metabolizm<br data-start=\"235\" data-end=\"238\" \/>\ud83d\udc8a wygodna forma kapsu\u0142ek<\/p>\n<h3 data-section-id=\"dz02f6\" data-start=\"267\" data-end=\"289\">\ud83d\udc8a Opis produktu<\/h3>\n<p data-start=\"291\" data-end=\"425\">TREC CLA + GREEN TEA to skuteczne po\u0142\u0105czenie sprz\u0119\u017conego kwasu linolowego (CLA) oraz ekstraktu z zielonej herbaty bogatego w EGCG \ud83d\udcaa<\/p>\n<p data-start=\"427\" data-end=\"590\">CLA pomaga wspiera\u0107 redukcj\u0119 tkanki t\u0142uszczowej oraz kszta\u0142towanie sylwetki \ud83d\udd25<br data-start=\"505\" data-end=\"508\" \/>Ekstrakt z zielonej herbaty wspiera metabolizm i pomaga w kontroli masy cia\u0142a \ud83c\udf43<\/p>\n<p data-start=\"592\" data-end=\"781\">Regularne stosowanie mo\u017ce przyczyni\u0107 si\u0119 do bardziej efektywnego spalania t\u0142uszczu oraz lepszych wynik\u00f3w treningowych \ud83c\udfcb\ufe0f\u200d\u2642\ufe0f<br data-start=\"716\" data-end=\"719\" \/>Idealny suplement podczas redukcji oraz dla os\u00f3b aktywnych \u26a1<\/p>\n<p data-start=\"783\" data-end=\"856\">Forma kapsu\u0142ek zapewnia wygod\u0119 stosowania oraz precyzyjne dawkowanie \ud83d\udc8a<\/p>\n<h3 data-section-id=\"1wpz9to\" data-start=\"858\" data-end=\"880\">\ud83d\udd52 Spos\u00f3b u\u017cycia<\/h3>\n<p data-start=\"882\" data-end=\"950\">\ud83d\udca7 Przyjmuj 2 razy dziennie po 3 kapsu\u0142ki w trakcie lub po posi\u0142ku<\/p>\n<h3 data-section-id=\"1yfz9k6\" data-start=\"952\" data-end=\"973\">\ud83d\udce6 Ilo\u015b\u0107 porcji<\/h3>\n<p data-start=\"975\" data-end=\"989\">\ud83d\udcca 60 porcji<\/p>\n<h3 data-section-id=\"wh691u\" data-start=\"991\" data-end=\"1026\">\ud83d\udcca Tabela warto\u015bci od\u017cywczych<\/h3>\n<p data-start=\"1028\" data-end=\"1140\">Sk\u0142adnik | na porcj\u0119 (6 kapsu\u0142ek)<br data-start=\"1061\" data-end=\"1064\" \/>CLA | 1800 mg<br data-start=\"1077\" data-end=\"1080\" \/>w tym CLA | 1440 mg<br data-start=\"1099\" data-end=\"1102\" \/>Ekstrakt z zielonej herbaty | 300 mg<\/p>\n<h3 data-section-id=\"1sk1do\" data-start=\"1142\" data-end=\"1160\">\ud83e\uddfe Sk\u0142adniki<\/h3>\n<p data-start=\"1162\" data-end=\"1286\">\ud83d\udc8a S\u00f3l wapniowa sprz\u0119\u017conego kwasu linolowego, ekstrakt z zielonej herbaty (EGCG), kapsu\u0142ka (hydroksypropylometyloceluloza)<\/p>\n<h3 data-section-id=\"1d6gtwm\" data-start=\"1288\" data-end=\"1305\">\u26a0\ufe0f Alergeny<\/h3>\n<p data-start=\"1307\" data-end=\"1352\">\ud83e\udd5b Mo\u017ce zawiera\u0107 mleko, soj\u0119, gluten i ryby<\/p>\n<h3 data-section-id=\"14bpcb7\" data-start=\"1354\" data-end=\"1374\">\u26a0\ufe0f Ostrze\u017cenia<\/h3>\n<p data-start=\"1376\" data-end=\"1651\">\ud83d\udeab Nie przekracza\u0107 zalecanej dziennej porcji, \ud83c\udf7d\ufe0f suplement diety nie mo\u017ce by\u0107 stosowany jako zamiennik zr\u00f3\u017cnicowanej diety, \ud83d\udc76 nie stosowa\u0107 u dzieci, kobiet w ci\u0105\u017cy oraz karmi\u0105cych piersi\u0105, \u2615 zawiera kofein\u0119, \u26a0\ufe0f nie \u0142\u0105czy\u0107 z innymi produktami zawieraj\u0105cymi zielon\u0105 herbat\u0119<\/p>\n<h3 data-section-id=\"xbuiim\" data-start=\"1653\" data-end=\"1676\">\ud83d\udce6 Przechowywanie<\/h3>\n<p data-start=\"1678\" data-end=\"1724\">\ud83c\udf21\ufe0f Przechowywa\u0107 w ch\u0142odnym i suchym miejscu<\/p>\n","protected":false},"excerpt":{"rendered":"<p><img loading=\"lazy\" decoding=\"async\" class=\"alignnone wp-image-54340 size-full\" src=\"https:\/\/muscleforge.nl\/wp-content\/uploads\/2026\/04\/547ec291-1cc7-445b-b116-26476e706292.png\" alt=\"\" width=\"1024\" height=\"1024\" srcset=\"https:\/\/muscleforge.nl\/wp-content\/uploads\/2026\/04\/547ec291-1cc7-445b-b116-26476e706292.png 1024w, https:\/\/muscleforge.nl\/wp-content\/uploads\/2026\/04\/547ec291-1cc7-445b-b116-26476e706292-300x300.png 300w, https:\/\/muscleforge.nl\/wp-content\/uploads\/2026\/04\/547ec291-1cc7-445b-b116-26476e706292-150x150.png 150w, https:\/\/muscleforge.nl\/wp-content\/uploads\/2026\/04\/547ec291-1cc7-445b-b116-26476e706292-768x768.png 768w, https:\/\/muscleforge.nl\/wp-content\/uploads\/2026\/04\/547ec291-1cc7-445b-b116-26476e706292-70x70.png 70w, https:\/\/muscleforge.nl\/wp-content\/uploads\/2026\/04\/547ec291-1cc7-445b-b116-26476e706292-360x360.png 360w, https:\/\/muscleforge.nl\/wp-content\/uploads\/2026\/04\/547ec291-1cc7-445b-b116-26476e706292-580x580.png 580w, https:\/\/muscleforge.nl\/wp-content\/uploads\/2026\/04\/547ec291-1cc7-445b-b116-26476e706292-860x860.png 860w, https:\/\/muscleforge.nl\/wp-content\/uploads\/2026\/04\/547ec291-1cc7-445b-b116-26476e706292-540x540.png 540w, https:\/\/muscleforge.nl\/wp-content\/uploads\/2026\/04\/547ec291-1cc7-445b-b116-26476e706292-600x600.png 600w, https:\/\/muscleforge.nl\/wp-content\/uploads\/2026\/04\/547ec291-1cc7-445b-b116-26476e706292-100x100.png 100w\" sizes=\"auto, (max-width: 1024px) 100vw, 1024px\" \/><\/p>\n<p><strong>CLA + Green Tea kapsu\u0142ki \u2013 wspomaga spalanie t\u0142uszczu, metabolizm i kontrol\u0119 masy cia\u0142a (CLA i ekstrakt z zielonej herbaty EGCG)<\/strong><\/p>\n","protected":false},"featured_media":53960,"comment_status":"closed","ping_status":"closed","template":"","meta":[],"product_brand":[927],"product_cat":[728,847],"product_tag":[979],"class_list":{"0":"post-54342","1":"product","2":"type-product","3":"status-publish","4":"has-post-thumbnail","6":"product_brand-trec-nutrition","7":"product_cat-suplementy-diety","8":"product_cat-spalacze","9":"product_tag-trec-nutrition-pl","11":"first","12":"instock","13":"taxable","14":"shipping-taxable","15":"purchasable","16":"product-type-simple"},"_links":{"self":[{"href":"https:\/\/muscleforge.nl\/pl\/wp-json\/wp\/v2\/product\/54342","targetHints":{"allow":["GET"]}}],"collection":[{"href":"https:\/\/muscleforge.nl\/pl\/wp-json\/wp\/v2\/product"}],"about":[{"href":"https:\/\/muscleforge.nl\/pl\/wp-json\/wp\/v2\/types\/product"}],"replies":[{"embeddable":true,"href":"https:\/\/muscleforge.nl\/pl\/wp-json\/wp\/v2\/comments?post=54342"}],"wp:featuredmedia":[{"embeddable":true,"href":"https:\/\/muscleforge.nl\/pl\/wp-json\/wp\/v2\/media\/53960"}],"wp:attachment":[{"href":"https:\/\/muscleforge.nl\/pl\/wp-json\/wp\/v2\/media?parent=54342"}],"wp:term":[{"taxonomy":"product_brand","embeddable":true,"href":"https:\/\/muscleforge.nl\/pl\/wp-json\/wp\/v2\/product_brand?post=54342"},{"taxonomy":"product_cat","embeddable":true,"href":"https:\/\/muscleforge.nl\/pl\/wp-json\/wp\/v2\/product_cat?post=54342"},{"taxonomy":"product_tag","embeddable":true,"href":"https:\/\/muscleforge.nl\/pl\/wp-json\/wp\/v2\/product_tag?post=54342"}],"curies":[{"name":"wp","href":"https:\/\/api.w.org\/{rel}","templated":true}]}}