{"id":54364,"date":"2026-03-18T17:52:58","date_gmt":"2026-03-18T16:52:58","guid":{"rendered":"https:\/\/muscleforge.nl\/product\/olimp-nutrition-rocky-athletes-creatine-200g-50g-limited-edition\/"},"modified":"2026-04-20T17:27:16","modified_gmt":"2026-04-20T15:27:16","slug":"olimp-nutrition-rocky-athletes-creatine-200g-50g-limited-edition","status":"publish","type":"product","link":"https:\/\/muscleforge.nl\/pl\/produkt\/olimp-nutrition-rocky-athletes-creatine-200g-50g-limited-edition\/","title":{"rendered":"Olimp Nutrition Rocky Athletes Creatine 200g +50g LIMITED EDITION"},"content":{"rendered":"<h3 data-section-id=\"1seoaif\" data-start=\"0\" data-end=\"24\">\ud83d\udd25 Zalety produktu<\/h3>\n<p data-start=\"25\" data-end=\"316\">\ud83d\udcaa zwi\u0119ksza wydolno\u015b\u0107 fizyczn\u0105 podczas intensywnego wysi\u0142ku<br data-start=\"84\" data-end=\"87\" \/>\u26a1 zawiera 3 g kreatyny w porcji<br data-start=\"118\" data-end=\"121\" \/>\ud83e\udde0 wzbogacony o magnez i witamin\u0119 B6<br data-start=\"157\" data-end=\"160\" \/>\ud83d\ude34 pomaga zmniejszy\u0107 zm\u0119czenie i znu\u017cenie<br data-start=\"201\" data-end=\"204\" \/>\ud83e\uddbe wspiera prawid\u0142ow\u0105 prac\u0119 mi\u0119\u015bni<br data-start=\"238\" data-end=\"241\" \/>\ud83e\udd64 dobrze rozpuszczalna forma proszku<br data-start=\"278\" data-end=\"281\" \/>\ud83c\udf81 LIMITOWANA EDYCJA +50 g GRATIS<\/p>\n<h3 data-section-id=\"dz02f6\" data-start=\"318\" data-end=\"340\">\ud83d\udc8a Opis produktu<\/h3>\n<p data-start=\"341\" data-end=\"488\">Rocky Athletes Creatine to zaawansowany suplement w proszku zawieraj\u0105cy mikronizowany monohydrat kreatyny wzbogacony o magnez oraz witamin\u0119 B6 \ud83d\udcaa<\/p>\n<p data-start=\"490\" data-end=\"789\">Kreatyna zwi\u0119ksza wydolno\u015b\u0107 fizyczn\u0105 podczas kr\u00f3tkotrwa\u0142ych, intensywnych wysi\u0142k\u00f3w co przek\u0142ada si\u0119 na wi\u0119ksz\u0105 si\u0142\u0119 i lepsze wyniki treningowe \u26a1<br data-start=\"634\" data-end=\"637\" \/>Magnez wspiera prawid\u0142ow\u0105 prac\u0119 mi\u0119\u015bni oraz uk\u0142adu nerwowego \ud83e\udde0<br data-start=\"700\" data-end=\"703\" \/>Witamina B6 pomaga zmniejszy\u0107 uczucie zm\u0119czenia i wspiera metabolizm energetyczny \ud83d\ude34<\/p>\n<p data-start=\"791\" data-end=\"985\">Regularne stosowanie mo\u017ce przyczyni\u0107 si\u0119 do lepszej regeneracji oraz bardziej efektywnych trening\u00f3w \ud83d\udd25<br data-start=\"893\" data-end=\"896\" \/>Idealny produkt dla sportowc\u00f3w, os\u00f3b trenuj\u0105cych si\u0142owo oraz aktywnych fizycznie \ud83c\udfcb\ufe0f\u200d\u2642\ufe0f<\/p>\n<p data-start=\"987\" data-end=\"1087\">LIMITED EDITION zawiera dodatkowe 50 g produktu co czyni go jeszcze bardziej op\u0142acalnym wyborem \ud83d\udcb0<\/p>\n<h3 data-section-id=\"1wpz9to\" data-start=\"1089\" data-end=\"1111\">\ud83d\udd52 Spos\u00f3b u\u017cycia<\/h3>\n<p data-start=\"1112\" data-end=\"1296\">\ud83d\udca7 Stosuj 1 porcj\u0119 dziennie przed lub po treningu, w dni nietreningowe 1 porcja o dowolnej porze dnia, wymieszaj 1 porcj\u0119 (4,1 g) z 100 ml wody i spo\u017cyj bezpo\u015brednio po przygotowaniu<\/p>\n<h3 data-section-id=\"1yfz9k6\" data-start=\"1298\" data-end=\"1319\">\ud83d\udce6 Ilo\u015b\u0107 porcji<\/h3>\n<p data-start=\"1320\" data-end=\"1356\">\ud83d\udcca Oko\u0142o 61 porcji (250 g \/ 4,1 g)<\/p>\n<h3 data-section-id=\"wh691u\" data-start=\"1358\" data-end=\"1393\">\ud83d\udcca Tabela warto\u015bci od\u017cywczych<\/h3>\n<div class=\"TyagGW_tableContainer\">\n<div class=\"group TyagGW_tableWrapper flex flex-col-reverse w-fit\" tabindex=\"-1\">\n<table class=\"w-fit min-w-(--thread-content-width)\" data-start=\"1395\" data-end=\"1581\">\n<thead data-start=\"1395\" data-end=\"1427\">\n<tr data-start=\"1395\" data-end=\"1427\">\n<th class=\"\" data-start=\"1395\" data-end=\"1406\" data-col-size=\"sm\">Sk\u0142adnik<\/th>\n<th class=\"\" data-start=\"1406\" data-end=\"1427\" data-col-size=\"sm\">na porcj\u0119 (4,1 g)<\/th>\n<\/tr>\n<\/thead>\n<tbody data-start=\"1460\" data-end=\"1581\">\n<tr data-start=\"1460\" data-end=\"1491\">\n<td data-start=\"1460\" data-end=\"1482\" data-col-size=\"sm\">Monohydrat kreatyny<\/td>\n<td data-col-size=\"sm\" data-start=\"1482\" data-end=\"1491\">3,4 g<\/td>\n<\/tr>\n<tr data-start=\"1492\" data-end=\"1516\">\n<td data-start=\"1492\" data-end=\"1509\" data-col-size=\"sm\">w tym kreatyna<\/td>\n<td data-col-size=\"sm\" data-start=\"1509\" data-end=\"1516\">3 g<\/td>\n<\/tr>\n<tr data-start=\"1517\" data-end=\"1546\">\n<td data-start=\"1517\" data-end=\"1526\" data-col-size=\"sm\">Magnez<\/td>\n<td data-start=\"1526\" data-end=\"1546\" data-col-size=\"sm\">57,8 mg (15% RI)<\/td>\n<\/tr>\n<tr data-start=\"1547\" data-end=\"1581\">\n<td data-start=\"1547\" data-end=\"1561\" data-col-size=\"sm\">Witamina B6<\/td>\n<td data-col-size=\"sm\" data-start=\"1561\" data-end=\"1581\">0,21 mg (15% RI)<\/td>\n<\/tr>\n<\/tbody>\n<\/table>\n<\/div>\n<\/div>\n<p data-start=\"1583\" data-end=\"1622\">% Referencyjna warto\u015b\u0107 spo\u017cycia (RWS)<\/p>\n<h3 data-section-id=\"1sk1do\" data-start=\"1624\" data-end=\"1642\">\ud83e\uddfe Sk\u0142adniki<\/h3>\n<p data-start=\"1643\" data-end=\"1818\">\ud83d\udc8a Monohydrat kreatyny, tlenek magnezu, witamina B6 (chlorowodorek pirydoksyny), regulator kwasowo\u015bci (kwas cytrynowy), aromaty, substancje s\u0142odz\u0105ce (acesulfam K, sukraloza)<\/p>\n<h3 data-section-id=\"1d6gtwm\" data-start=\"1820\" data-end=\"1837\">\u26a0\ufe0f Alergeny<\/h3>\n<p data-start=\"1838\" data-end=\"1956\">\ud83e\udd5b Mo\u017ce zawiera\u0107 \u015bladowe ilo\u015bci mleka, jaj, soi, orzech\u00f3w, orzeszk\u00f3w ziemnych, glutenu, ryb, skorupiak\u00f3w i mi\u0119czak\u00f3w<\/p>\n<h3 data-section-id=\"xbuiim\" data-start=\"1958\" data-end=\"1981\">\ud83d\udce6 Przechowywanie<\/h3>\n<p data-start=\"1982\" data-end=\"2049\" data-is-last-node=\"\" data-is-only-node=\"\">\ud83c\udf21\ufe0f Przechowywa\u0107 w ch\u0142odnym i suchym miejscu, poza zasi\u0119giem dzieci<\/p>\n","protected":false},"excerpt":{"rendered":"<p><strong><img loading=\"lazy\" decoding=\"async\" class=\"alignnone wp-image-54362 size-full\" src=\"https:\/\/muscleforge.nl\/wp-content\/uploads\/2026\/04\/4e46c7ff-bb55-4ed3-93d4-f8e9ad8731b4.png\" alt=\"\" width=\"1254\" height=\"1254\" srcset=\"https:\/\/muscleforge.nl\/wp-content\/uploads\/2026\/04\/4e46c7ff-bb55-4ed3-93d4-f8e9ad8731b4.png 1254w, https:\/\/muscleforge.nl\/wp-content\/uploads\/2026\/04\/4e46c7ff-bb55-4ed3-93d4-f8e9ad8731b4-300x300.png 300w, https:\/\/muscleforge.nl\/wp-content\/uploads\/2026\/04\/4e46c7ff-bb55-4ed3-93d4-f8e9ad8731b4-1024x1024.png 1024w, https:\/\/muscleforge.nl\/wp-content\/uploads\/2026\/04\/4e46c7ff-bb55-4ed3-93d4-f8e9ad8731b4-150x150.png 150w, https:\/\/muscleforge.nl\/wp-content\/uploads\/2026\/04\/4e46c7ff-bb55-4ed3-93d4-f8e9ad8731b4-768x768.png 768w, https:\/\/muscleforge.nl\/wp-content\/uploads\/2026\/04\/4e46c7ff-bb55-4ed3-93d4-f8e9ad8731b4-70x70.png 70w, https:\/\/muscleforge.nl\/wp-content\/uploads\/2026\/04\/4e46c7ff-bb55-4ed3-93d4-f8e9ad8731b4-360x360.png 360w, https:\/\/muscleforge.nl\/wp-content\/uploads\/2026\/04\/4e46c7ff-bb55-4ed3-93d4-f8e9ad8731b4-580x580.png 580w, https:\/\/muscleforge.nl\/wp-content\/uploads\/2026\/04\/4e46c7ff-bb55-4ed3-93d4-f8e9ad8731b4-860x860.png 860w, https:\/\/muscleforge.nl\/wp-content\/uploads\/2026\/04\/4e46c7ff-bb55-4ed3-93d4-f8e9ad8731b4-1160x1160.png 1160w, https:\/\/muscleforge.nl\/wp-content\/uploads\/2026\/04\/4e46c7ff-bb55-4ed3-93d4-f8e9ad8731b4-540x540.png 540w, https:\/\/muscleforge.nl\/wp-content\/uploads\/2026\/04\/4e46c7ff-bb55-4ed3-93d4-f8e9ad8731b4-600x600.png 600w, https:\/\/muscleforge.nl\/wp-content\/uploads\/2026\/04\/4e46c7ff-bb55-4ed3-93d4-f8e9ad8731b4-100x100.png 100w\" sizes=\"auto, (max-width: 1254px) 100vw, 1254px\" \/>Monohydrat kreatyny mikronizowany w proszku z magnezem i witamin\u0105 B6 wspieraj\u0105cy si\u0142\u0119, wydolno\u015b\u0107 i regeneracj\u0119 mi\u0119\u015bni.<\/strong><\/p>\n","protected":false},"featured_media":53937,"comment_status":"closed","ping_status":"closed","template":"","meta":[],"product_brand":[991],"product_cat":[728,843],"product_tag":[],"class_list":{"0":"post-54364","1":"product","2":"type-product","3":"status-publish","4":"has-post-thumbnail","6":"product_brand-olimp-nutrition","7":"product_cat-suplementy-diety","8":"product_cat-monohydrat-kreatyny","10":"first","11":"instock","12":"taxable","13":"shipping-taxable","14":"purchasable","15":"product-type-variable"},"_links":{"self":[{"href":"https:\/\/muscleforge.nl\/pl\/wp-json\/wp\/v2\/product\/54364","targetHints":{"allow":["GET"]}}],"collection":[{"href":"https:\/\/muscleforge.nl\/pl\/wp-json\/wp\/v2\/product"}],"about":[{"href":"https:\/\/muscleforge.nl\/pl\/wp-json\/wp\/v2\/types\/product"}],"replies":[{"embeddable":true,"href":"https:\/\/muscleforge.nl\/pl\/wp-json\/wp\/v2\/comments?post=54364"}],"wp:featuredmedia":[{"embeddable":true,"href":"https:\/\/muscleforge.nl\/pl\/wp-json\/wp\/v2\/media\/53937"}],"wp:attachment":[{"href":"https:\/\/muscleforge.nl\/pl\/wp-json\/wp\/v2\/media?parent=54364"}],"wp:term":[{"taxonomy":"product_brand","embeddable":true,"href":"https:\/\/muscleforge.nl\/pl\/wp-json\/wp\/v2\/product_brand?post=54364"},{"taxonomy":"product_cat","embeddable":true,"href":"https:\/\/muscleforge.nl\/pl\/wp-json\/wp\/v2\/product_cat?post=54364"},{"taxonomy":"product_tag","embeddable":true,"href":"https:\/\/muscleforge.nl\/pl\/wp-json\/wp\/v2\/product_tag?post=54364"}],"curies":[{"name":"wp","href":"https:\/\/api.w.org\/{rel}","templated":true}]}}