{"id":54513,"date":"2026-03-18T17:05:42","date_gmt":"2026-03-18T16:05:42","guid":{"rendered":"https:\/\/muscleforge.nl\/product\/olimp-nutrition-rocky-athletes-creatine-200g\/"},"modified":"2026-04-21T20:44:52","modified_gmt":"2026-04-21T18:44:52","slug":"olimp-nutrition-rocky-athletes-creatine-200g","status":"publish","type":"product","link":"https:\/\/muscleforge.nl\/pl\/produkt\/olimp-nutrition-rocky-athletes-creatine-200g\/","title":{"rendered":"Olimp Nutrition Rocky Athletes Creatine 200g"},"content":{"rendered":"<h3 data-section-id=\"yflctz\" data-start=\"221\" data-end=\"243\">\ud83d\udd25 Zalety produktu<\/h3>\n<p data-start=\"245\" data-end=\"537\">\ud83d\udcaa wspiera si\u0142\u0119 i wydajno\u015b\u0107 mi\u0119\u015bni<br data-start=\"279\" data-end=\"282\" \/>\u26a1 zwi\u0119ksza intensywno\u015b\u0107 treningu<br data-start=\"314\" data-end=\"317\" \/>\ud83e\udde0 wspiera metabolizm energetyczny<br data-start=\"351\" data-end=\"354\" \/>\ud83d\udee1\ufe0f pomaga zmniejszy\u0107 uczucie zm\u0119czenia dzi\u0119ki magnezowi<br data-start=\"410\" data-end=\"413\" \/>\ud83d\udd0b wspiera regeneracj\u0119 po wysi\u0142ku<br data-start=\"446\" data-end=\"449\" \/>\ud83c\udf19 idealna do stosowania oko\u0142otreningowo<br data-start=\"489\" data-end=\"492\" \/>\ud83e\udd64 dobra rozpuszczalno\u015b\u0107 i smaczne warianty<\/p>\n<h3 data-section-id=\"mryite\" data-start=\"539\" data-end=\"559\">\ud83d\udc8a Opis produktu<\/h3>\n<p data-start=\"561\" data-end=\"686\">Rocky Athletes Creatine to zaawansowany suplement dla os\u00f3b aktywnych, kt\u00f3re chc\u0105 poprawi\u0107 swoj\u0105 si\u0142\u0119 i wyniki treningowe \ud83d\udcaa<\/p>\n<p data-start=\"688\" data-end=\"969\">Monohydrat kreatyny dostarcza 3 g czystej kreatyny w porcji i wspiera si\u0142\u0119 mi\u0119\u015bni oraz wydajno\u015b\u0107 treningow\u0105 \u26a1<br data-start=\"797\" data-end=\"800\" \/>Magnez pomaga zmniejszy\u0107 zm\u0119czenie i wspiera prawid\u0142owe funkcjonowanie mi\u0119\u015bni \ud83d\udee1\ufe0f<br data-start=\"881\" data-end=\"884\" \/>Witamina B6 wspiera metabolizm energetyczny i pomaga organizmowi podczas wysi\u0142ku \ud83d\udd0b<\/p>\n<p data-start=\"971\" data-end=\"1118\">Regularne stosowanie pomaga zwi\u0119kszy\u0107 intensywno\u015b\u0107 trening\u00f3w oraz wspiera szybsz\u0105 regeneracj\u0119 \ud83d\udd25<br data-start=\"1067\" data-end=\"1070\" \/>co przek\u0142ada si\u0119 na lepsze efekty i progres \ud83d\udcaa<\/p>\n<h3 data-section-id=\"zt1occ\" data-start=\"1120\" data-end=\"1140\">\ud83d\udd52 Spos\u00f3b u\u017cycia<\/h3>\n<p data-start=\"1142\" data-end=\"1302\">\ud83d\udca7 1 porcja dziennie, przed lub po treningu<br data-start=\"1185\" data-end=\"1188\" \/>\ud83d\udca7 W dni nietreningowe: 1 porcja o dowolnej porze<br data-start=\"1237\" data-end=\"1240\" \/>\ud83e\udd64 1 porcj\u0119 (4,1 g) wymiesza\u0107 z 100 ml wody i spo\u017cy\u0107 od razu<\/p>\n<h3 data-section-id=\"1x9oz3a\" data-start=\"1304\" data-end=\"1323\">\ud83d\udce6 Ilo\u015b\u0107 porcji<\/h3>\n<p data-start=\"1325\" data-end=\"1339\">\ud83d\udcca 48 porcji<\/p>\n<h3 data-section-id=\"kn2ytu\" data-start=\"1341\" data-end=\"1374\">\ud83d\udcca Tabela warto\u015bci od\u017cywczych<\/h3>\n<div class=\"TyagGW_tableContainer\">\n<div class=\"group TyagGW_tableWrapper flex flex-col-reverse w-fit\" tabindex=\"-1\">\n<table class=\"w-fit min-w-(--thread-content-width)\" data-start=\"1376\" data-end=\"1558\">\n<thead data-start=\"1376\" data-end=\"1408\">\n<tr data-start=\"1376\" data-end=\"1408\">\n<th class=\"\" data-start=\"1376\" data-end=\"1387\" data-col-size=\"sm\">Sk\u0142adnik<\/th>\n<th class=\"\" data-start=\"1387\" data-end=\"1408\" data-col-size=\"sm\">na porcj\u0119 (4,1 g)<\/th>\n<\/tr>\n<\/thead>\n<tbody data-start=\"1441\" data-end=\"1558\">\n<tr data-start=\"1441\" data-end=\"1472\">\n<td data-start=\"1441\" data-end=\"1463\" data-col-size=\"sm\">Monohydrat kreatyny<\/td>\n<td data-start=\"1463\" data-end=\"1472\" data-col-size=\"sm\">3,4 g<\/td>\n<\/tr>\n<tr data-start=\"1473\" data-end=\"1497\">\n<td data-start=\"1473\" data-end=\"1490\" data-col-size=\"sm\">w tym kreatyna<\/td>\n<td data-start=\"1490\" data-end=\"1497\" data-col-size=\"sm\">3 g<\/td>\n<\/tr>\n<tr data-start=\"1498\" data-end=\"1530\">\n<td data-start=\"1498\" data-end=\"1512\" data-col-size=\"sm\">Witamina B6<\/td>\n<td data-start=\"1512\" data-end=\"1530\" data-col-size=\"sm\">0,21 mg (15%*)<\/td>\n<\/tr>\n<tr data-start=\"1531\" data-end=\"1558\">\n<td data-start=\"1531\" data-end=\"1540\" data-col-size=\"sm\">Magnez<\/td>\n<td data-start=\"1540\" data-end=\"1558\" data-col-size=\"sm\">57,8 mg (15%*)<\/td>\n<\/tr>\n<\/tbody>\n<\/table>\n<\/div>\n<\/div>\n<p data-start=\"1560\" data-end=\"1598\">*RWS \u2013 Referencyjna warto\u015b\u0107 spo\u017cycia<\/p>\n<h3 data-section-id=\"15m5ypo\" data-start=\"1600\" data-end=\"1616\">\ud83e\uddfe Sk\u0142adniki<\/h3>\n<p data-start=\"1618\" data-end=\"1765\">\ud83d\udc8a Monohydrat kreatyny, tlenek magnezu, witamina B6, regulator kwasowo\u015bci (kwas cytrynowy), aromaty, substancje s\u0142odz\u0105ce (acesulfam K, sukraloza)<\/p>\n<h3 data-section-id=\"u6pvqa\" data-start=\"1767\" data-end=\"1797\">\u26a0\ufe0f Informacja o alergenach<\/h3>\n<p data-start=\"1799\" data-end=\"1916\">\ud83e\udd5b Mo\u017ce zawiera\u0107 mleko, jaja, soj\u0119, orzechy, orzeszki ziemne, zbo\u017ca zawieraj\u0105ce gluten, ryby, skorupiaki i mi\u0119czaki<\/p>\n<h3 data-section-id=\"1e6t9ry\" data-start=\"1918\" data-end=\"1939\">\ud83d\udce6 Przechowywanie<\/h3>\n<p data-start=\"1941\" data-end=\"2117\">\ud83c\udf21\ufe0f Przechowywa\u0107 w suchym i ch\u0142odnym miejscu<br data-start=\"1985\" data-end=\"1988\" \/>\ud83d\udd12 w szczelnie zamkni\u0119tym opakowaniu<br data-start=\"2024\" data-end=\"2027\" \/>\u2600\ufe0f chroni\u0107 przed \u015bwiat\u0142em i wilgoci\u0105<br data-start=\"2063\" data-end=\"2066\" \/>\ud83d\udeab przechowywa\u0107 w miejscu niedost\u0119pnym dla dzieci<\/p>\n","protected":false},"excerpt":{"rendered":"<p><strong><img loading=\"lazy\" decoding=\"async\" class=\"alignnone wp-image-54511 size-full\" src=\"https:\/\/muscleforge.nl\/wp-content\/uploads\/2026\/04\/6015536a-a509-4033-8483-ec1ec6c555f7.png\" alt=\"\" width=\"1254\" height=\"1254\" srcset=\"https:\/\/muscleforge.nl\/wp-content\/uploads\/2026\/04\/6015536a-a509-4033-8483-ec1ec6c555f7.png 1254w, https:\/\/muscleforge.nl\/wp-content\/uploads\/2026\/04\/6015536a-a509-4033-8483-ec1ec6c555f7-300x300.png 300w, https:\/\/muscleforge.nl\/wp-content\/uploads\/2026\/04\/6015536a-a509-4033-8483-ec1ec6c555f7-1024x1024.png 1024w, https:\/\/muscleforge.nl\/wp-content\/uploads\/2026\/04\/6015536a-a509-4033-8483-ec1ec6c555f7-150x150.png 150w, https:\/\/muscleforge.nl\/wp-content\/uploads\/2026\/04\/6015536a-a509-4033-8483-ec1ec6c555f7-768x768.png 768w, https:\/\/muscleforge.nl\/wp-content\/uploads\/2026\/04\/6015536a-a509-4033-8483-ec1ec6c555f7-70x70.png 70w, https:\/\/muscleforge.nl\/wp-content\/uploads\/2026\/04\/6015536a-a509-4033-8483-ec1ec6c555f7-360x360.png 360w, https:\/\/muscleforge.nl\/wp-content\/uploads\/2026\/04\/6015536a-a509-4033-8483-ec1ec6c555f7-580x580.png 580w, https:\/\/muscleforge.nl\/wp-content\/uploads\/2026\/04\/6015536a-a509-4033-8483-ec1ec6c555f7-860x860.png 860w, https:\/\/muscleforge.nl\/wp-content\/uploads\/2026\/04\/6015536a-a509-4033-8483-ec1ec6c555f7-1160x1160.png 1160w, https:\/\/muscleforge.nl\/wp-content\/uploads\/2026\/04\/6015536a-a509-4033-8483-ec1ec6c555f7-540x540.png 540w, https:\/\/muscleforge.nl\/wp-content\/uploads\/2026\/04\/6015536a-a509-4033-8483-ec1ec6c555f7-600x600.png 600w, https:\/\/muscleforge.nl\/wp-content\/uploads\/2026\/04\/6015536a-a509-4033-8483-ec1ec6c555f7-100x100.png 100w\" sizes=\"auto, (max-width: 1254px) 100vw, 1254px\" \/><\/strong><\/p>\n<p><strong>Kreatyna z magnezem i witamin\u0105 B6 wspieraj\u0105ca si\u0142\u0119 mi\u0119\u015bni, <\/strong><strong>w<\/strong><strong>ydolno\u015b\u0107 treningow\u0105 i regeneracj\u0119 idealna dla os\u00f3b chc\u0105cych maksymalnych efekt\u00f3w.<\/strong><\/p>\n","protected":false},"featured_media":53931,"comment_status":"closed","ping_status":"closed","template":"","meta":[],"product_brand":[991],"product_cat":[728,843],"product_tag":[],"class_list":{"0":"post-54513","1":"product","2":"type-product","3":"status-publish","4":"has-post-thumbnail","6":"product_brand-olimp-nutrition","7":"product_cat-suplementy-diety","8":"product_cat-monohydrat-kreatyny","10":"first","11":"instock","12":"taxable","13":"shipping-taxable","14":"purchasable","15":"product-type-variable"},"_links":{"self":[{"href":"https:\/\/muscleforge.nl\/pl\/wp-json\/wp\/v2\/product\/54513","targetHints":{"allow":["GET"]}}],"collection":[{"href":"https:\/\/muscleforge.nl\/pl\/wp-json\/wp\/v2\/product"}],"about":[{"href":"https:\/\/muscleforge.nl\/pl\/wp-json\/wp\/v2\/types\/product"}],"replies":[{"embeddable":true,"href":"https:\/\/muscleforge.nl\/pl\/wp-json\/wp\/v2\/comments?post=54513"}],"wp:featuredmedia":[{"embeddable":true,"href":"https:\/\/muscleforge.nl\/pl\/wp-json\/wp\/v2\/media\/53931"}],"wp:attachment":[{"href":"https:\/\/muscleforge.nl\/pl\/wp-json\/wp\/v2\/media?parent=54513"}],"wp:term":[{"taxonomy":"product_brand","embeddable":true,"href":"https:\/\/muscleforge.nl\/pl\/wp-json\/wp\/v2\/product_brand?post=54513"},{"taxonomy":"product_cat","embeddable":true,"href":"https:\/\/muscleforge.nl\/pl\/wp-json\/wp\/v2\/product_cat?post=54513"},{"taxonomy":"product_tag","embeddable":true,"href":"https:\/\/muscleforge.nl\/pl\/wp-json\/wp\/v2\/product_tag?post=54513"}],"curies":[{"name":"wp","href":"https:\/\/api.w.org\/{rel}","templated":true}]}}