{"id":54555,"date":"2026-03-16T15:23:35","date_gmt":"2026-03-16T14:23:35","guid":{"rendered":"https:\/\/muscleforge.nl\/product\/all-nutrition-pro-casein-500g\/"},"modified":"2026-04-23T16:48:12","modified_gmt":"2026-04-23T14:48:12","slug":"all-nutrition-pro-casein-500g","status":"publish","type":"product","link":"https:\/\/muscleforge.nl\/pl\/produkt\/all-nutrition-pro-casein-500g\/","title":{"rendered":"ALL NUTRITION PRO+ CASEIN 500g"},"content":{"rendered":"<h3 data-section-id=\"1seoaif\" data-start=\"179\" data-end=\"203\">\ud83d\udd25 Zalety produktu<\/h3>\n<p data-start=\"205\" data-end=\"542\">\ud83d\udcaa wysokie st\u0119\u017cenie bia\u0142ka \u2013 wspiera budow\u0119 i utrzymanie masy mi\u0119\u015bniowej<br data-start=\"277\" data-end=\"280\" \/>\ud83d\udc0c kazeina micelarna \u2013 wolno trawione bia\u0142ko o d\u0142ugim uwalnianiu<br data-start=\"344\" data-end=\"347\" \/>\ud83e\udda0 wzbogacony o probiotyk LactoSpore\u00ae<br data-start=\"384\" data-end=\"387\" \/>\u2699\ufe0f zawiera kompleks enzym\u00f3w DigeZyme\u00ae wspieraj\u0105cy trawienie<br data-start=\"446\" data-end=\"449\" \/>\ud83c\udf19 idealny przed snem lub mi\u0119dzy posi\u0142kami<br data-start=\"491\" data-end=\"494\" \/>\ud83c\udfcb\ufe0f odpowiedni dla sportowc\u00f3w i os\u00f3b aktywnych<\/p>\n<h3 data-section-id=\"dz02f6\" data-start=\"544\" data-end=\"566\">\ud83d\udc8a Opis produktu<\/h3>\n<p data-start=\"568\" data-end=\"751\">ALLNUTRITION PRO+ CASEIN to zaawansowany suplement bia\u0142kowy oparty na kazeinie micelarnej kt\u00f3ra jest wolno trawionym \u017ar\u00f3d\u0142em bia\u0142ka zapewniaj\u0105cym stopniowe uwalnianie aminokwas\u00f3w \ud83d\udcaa<\/p>\n<p data-start=\"753\" data-end=\"927\">Dzi\u0119ki temu produkt doskonale sprawdza si\u0119 przed snem oraz w okresach d\u0142u\u017cszych przerw mi\u0119dzy posi\u0142kami wspieraj\u0105c regeneracj\u0119 mi\u0119\u015bni oraz ich ochron\u0119 przed katabolizmem \ud83c\udf19<\/p>\n<p data-start=\"929\" data-end=\"1194\">Formu\u0142a zosta\u0142a wzbogacona o LactoSpore\u00ae zawieraj\u0105cy Bacillus coagulans kt\u00f3ry wspiera mikroflor\u0119 jelitow\u0105 oraz kompleks enzym\u00f3w DigeZyme\u00ae obejmuj\u0105cy m.in. amylaz\u0119 proteaz\u0119 laktaz\u0119 lipaz\u0119 i celulaz\u0119 kt\u00f3re wspieraj\u0105 trawienie i przyswajanie sk\u0142adnik\u00f3w od\u017cywczych \u2699\ufe0f<\/p>\n<p data-start=\"1196\" data-end=\"1390\">Bia\u0142ko przyczynia si\u0119 do wzrostu i utrzymania masy mi\u0119\u015bniowej dlatego PRO+ CASEIN to \u015bwietny wyb\u00f3r dla os\u00f3b trenuj\u0105cych oraz wszystkich kt\u00f3rzy chc\u0105 uzupe\u0142ni\u0107 diet\u0119 w wysokiej jako\u015bci bia\u0142ko \ud83d\udd25<\/p>\n<h3 data-section-id=\"1wpz9to\" data-start=\"1392\" data-end=\"1414\">\ud83d\udd52 Spos\u00f3b u\u017cycia<\/h3>\n<p data-start=\"1416\" data-end=\"1508\">\ud83d\udca7 Wymieszaj 1 porcj\u0119 (30 g = 1 miarka) z 200 ml wody spo\u017cyj bezpo\u015brednio po przygotowaniu<\/p>\n<h3 data-section-id=\"1yfz9k6\" data-start=\"1510\" data-end=\"1531\">\ud83d\udce6 Ilo\u015b\u0107 porcji<\/h3>\n<p data-start=\"1533\" data-end=\"1547\">\ud83d\udcca 16 porcji<\/p>\n<h3 data-section-id=\"wh691u\" data-start=\"1549\" data-end=\"1584\">\ud83d\udcca Tabela warto\u015bci od\u017cywczych<\/h3>\n<div class=\"TyagGW_tableContainer\">\n<div class=\"group TyagGW_tableWrapper flex flex-col-reverse w-fit\" tabindex=\"-1\">\n<table class=\"w-fit min-w-(--thread-content-width)\" data-start=\"1586\" data-end=\"1922\">\n<thead data-start=\"1586\" data-end=\"1636\">\n<tr data-start=\"1586\" data-end=\"1636\">\n<th class=\"\" data-start=\"1586\" data-end=\"1605\" data-col-size=\"sm\">Warto\u015b\u0107 od\u017cywcza<\/th>\n<th class=\"\" data-start=\"1605\" data-end=\"1616\" data-col-size=\"sm\">na 100 g<\/th>\n<th class=\"\" data-start=\"1616\" data-end=\"1636\" data-col-size=\"sm\">na porcj\u0119 (30 g)<\/th>\n<\/tr>\n<\/thead>\n<tbody data-start=\"1687\" data-end=\"1922\">\n<tr data-start=\"1687\" data-end=\"1739\">\n<td data-start=\"1687\" data-end=\"1697\" data-col-size=\"sm\">Energia<\/td>\n<td data-start=\"1697\" data-end=\"1718\" data-col-size=\"sm\">1482 kJ \/ 354 kcal<\/td>\n<td data-start=\"1718\" data-end=\"1739\" data-col-size=\"sm\">445 kJ \/ 106 kcal<\/td>\n<\/tr>\n<tr data-start=\"1740\" data-end=\"1767\">\n<td data-start=\"1740\" data-end=\"1750\" data-col-size=\"sm\">T\u0142uszcz<\/td>\n<td data-col-size=\"sm\" data-start=\"1750\" data-end=\"1758\">1,9 g<\/td>\n<td data-col-size=\"sm\" data-start=\"1758\" data-end=\"1767\">0,6 g<\/td>\n<\/tr>\n<tr data-start=\"1768\" data-end=\"1808\">\n<td data-start=\"1768\" data-end=\"1791\" data-col-size=\"sm\">w tym kwasy nasycone<\/td>\n<td data-col-size=\"sm\" data-start=\"1791\" data-end=\"1799\">1,1 g<\/td>\n<td data-col-size=\"sm\" data-start=\"1799\" data-end=\"1808\">0,3 g<\/td>\n<\/tr>\n<tr data-start=\"1809\" data-end=\"1840\">\n<td data-start=\"1809\" data-end=\"1823\" data-col-size=\"sm\">W\u0119glowodany<\/td>\n<td data-col-size=\"sm\" data-start=\"1823\" data-end=\"1831\">4,2 g<\/td>\n<td data-col-size=\"sm\" data-start=\"1831\" data-end=\"1840\">1,3 g<\/td>\n<\/tr>\n<tr data-start=\"1841\" data-end=\"1872\">\n<td data-start=\"1841\" data-end=\"1855\" data-col-size=\"sm\">w tym cukry<\/td>\n<td data-col-size=\"sm\" data-start=\"1855\" data-end=\"1863\">4,2 g<\/td>\n<td data-col-size=\"sm\" data-start=\"1863\" data-end=\"1872\">1,3 g<\/td>\n<\/tr>\n<tr data-start=\"1873\" data-end=\"1897\">\n<td data-start=\"1873\" data-end=\"1882\" data-col-size=\"sm\">Bia\u0142ko<\/td>\n<td data-start=\"1882\" data-end=\"1889\" data-col-size=\"sm\">80 g<\/td>\n<td data-start=\"1889\" data-end=\"1897\" data-col-size=\"sm\">24 g<\/td>\n<\/tr>\n<tr data-start=\"1898\" data-end=\"1922\">\n<td data-start=\"1898\" data-end=\"1904\" data-col-size=\"sm\">S\u00f3l<\/td>\n<td data-col-size=\"sm\" data-start=\"1904\" data-end=\"1912\">0,5 g<\/td>\n<td data-col-size=\"sm\" data-start=\"1912\" data-end=\"1922\">0,15 g<\/td>\n<\/tr>\n<\/tbody>\n<\/table>\n<\/div>\n<\/div>\n<div class=\"TyagGW_tableContainer\">\n<div class=\"group TyagGW_tableWrapper flex flex-col-reverse w-fit\" tabindex=\"-1\">\n<table class=\"w-fit min-w-(--thread-content-width)\" data-start=\"1924\" data-end=\"2168\">\n<thead data-start=\"1924\" data-end=\"1967\">\n<tr data-start=\"1924\" data-end=\"1967\">\n<th class=\"\" data-start=\"1924\" data-end=\"1943\" data-col-size=\"sm\">Sk\u0142adnik aktywny<\/th>\n<th class=\"\" data-start=\"1943\" data-end=\"1954\" data-col-size=\"sm\">na 100 g<\/th>\n<th class=\"\" data-start=\"1954\" data-end=\"1967\" data-col-size=\"sm\">na porcj\u0119<\/th>\n<\/tr>\n<\/thead>\n<tbody data-start=\"2012\" data-end=\"2168\">\n<tr data-start=\"2012\" data-end=\"2047\">\n<td data-start=\"2012\" data-end=\"2032\" data-col-size=\"sm\">Kazeina micelarna<\/td>\n<td data-col-size=\"sm\" data-start=\"2032\" data-end=\"2039\">94 g<\/td>\n<td data-col-size=\"sm\" data-start=\"2039\" data-end=\"2047\">28 g<\/td>\n<\/tr>\n<tr data-start=\"2048\" data-end=\"2081\">\n<td data-start=\"2048\" data-end=\"2062\" data-col-size=\"sm\">LactoSpore\u00ae<\/td>\n<td data-col-size=\"sm\" data-start=\"2062\" data-end=\"2071\">830 mg<\/td>\n<td data-col-size=\"sm\" data-start=\"2071\" data-end=\"2081\">250 mg<\/td>\n<\/tr>\n<tr data-start=\"2082\" data-end=\"2137\">\n<td data-start=\"2082\" data-end=\"2109\" data-col-size=\"sm\">w tym Bacillus coagulans<\/td>\n<td data-col-size=\"sm\" data-start=\"2109\" data-end=\"2121\">4\u00d710\u2079 CFU<\/td>\n<td data-col-size=\"sm\" data-start=\"2121\" data-end=\"2137\">1,25\u00d710\u2079 CFU<\/td>\n<\/tr>\n<tr data-start=\"2138\" data-end=\"2168\">\n<td data-start=\"2138\" data-end=\"2150\" data-col-size=\"sm\">DigeZyme\u00ae<\/td>\n<td data-start=\"2150\" data-end=\"2159\" data-col-size=\"sm\">270 mg<\/td>\n<td data-col-size=\"sm\" data-start=\"2159\" data-end=\"2168\">81 mg<\/td>\n<\/tr>\n<\/tbody>\n<\/table>\n<\/div>\n<\/div>\n<h3 data-section-id=\"1sk1do\" data-start=\"2170\" data-end=\"2188\">\ud83e\uddfe Sk\u0142adniki<\/h3>\n<p data-start=\"2190\" data-end=\"2452\">kazeina micelarna (mleko), LactoSpore\u00ae (Bacillus coagulans MTCC 5856), DigeZyme\u00ae [\u03b1-amylaza, proteaza, celulaza, laktaza, lipaza], aromat, substancje zag\u0119szczaj\u0105ce (guma celulozowa, guma guar, guma ksantanowa), s\u00f3l, substancje s\u0142odz\u0105ce (sukraloza, acesulfam K)<\/p>\n<h3 data-section-id=\"1d6gtwm\" data-start=\"2454\" data-end=\"2471\">\u26a0\ufe0f Alergeny<\/h3>\n<p data-start=\"2473\" data-end=\"2558\">zawiera mleko mo\u017ce zawiera\u0107 gluten, sezam, orzechy, seler, soj\u0119 i produkty pochodne<\/p>\n<h3 data-section-id=\"14bpcb7\" data-start=\"2560\" data-end=\"2580\">\u26a0\ufe0f Ostrze\u017cenia<\/h3>\n<p data-start=\"2582\" data-end=\"2848\">nie stosowa\u0107 w przypadku uczulenia na kt\u00f3rykolwiek sk\u0142adnik nie przekracza\u0107 zalecanej dziennej porcji nie stosowa\u0107 u dzieci kobiet w ci\u0105\u017cy i karmi\u0105cych piersi\u0105 bez konsultacji ze specjalist\u0105 suplement diety nie mo\u017ce by\u0107 stosowany jako zamiennik zr\u00f3\u017cnicowanej diety<\/p>\n<h3 data-section-id=\"xbuiim\" data-start=\"2850\" data-end=\"2873\">\ud83d\udce6 Przechowywanie<\/h3>\n<p data-start=\"2875\" data-end=\"2959\">przechowywa\u0107 w suchym miejscu chroni\u0107 przed wilgoci\u0105 trzyma\u0107 poza zasi\u0119giem dzieci<\/p>\n","protected":false},"excerpt":{"rendered":"<p><img loading=\"lazy\" decoding=\"async\" class=\"alignnone wp-image-54553 size-full\" src=\"https:\/\/muscleforge.nl\/wp-content\/uploads\/2026\/04\/ed49fdfa-f407-4224-b903-7d9dc4010acf.png\" alt=\"\" width=\"1254\" height=\"1254\" srcset=\"https:\/\/muscleforge.nl\/wp-content\/uploads\/2026\/04\/ed49fdfa-f407-4224-b903-7d9dc4010acf.png 1254w, https:\/\/muscleforge.nl\/wp-content\/uploads\/2026\/04\/ed49fdfa-f407-4224-b903-7d9dc4010acf-300x300.png 300w, https:\/\/muscleforge.nl\/wp-content\/uploads\/2026\/04\/ed49fdfa-f407-4224-b903-7d9dc4010acf-1024x1024.png 1024w, https:\/\/muscleforge.nl\/wp-content\/uploads\/2026\/04\/ed49fdfa-f407-4224-b903-7d9dc4010acf-150x150.png 150w, https:\/\/muscleforge.nl\/wp-content\/uploads\/2026\/04\/ed49fdfa-f407-4224-b903-7d9dc4010acf-768x768.png 768w, https:\/\/muscleforge.nl\/wp-content\/uploads\/2026\/04\/ed49fdfa-f407-4224-b903-7d9dc4010acf-70x70.png 70w, https:\/\/muscleforge.nl\/wp-content\/uploads\/2026\/04\/ed49fdfa-f407-4224-b903-7d9dc4010acf-360x360.png 360w, https:\/\/muscleforge.nl\/wp-content\/uploads\/2026\/04\/ed49fdfa-f407-4224-b903-7d9dc4010acf-580x580.png 580w, https:\/\/muscleforge.nl\/wp-content\/uploads\/2026\/04\/ed49fdfa-f407-4224-b903-7d9dc4010acf-860x860.png 860w, https:\/\/muscleforge.nl\/wp-content\/uploads\/2026\/04\/ed49fdfa-f407-4224-b903-7d9dc4010acf-1160x1160.png 1160w, https:\/\/muscleforge.nl\/wp-content\/uploads\/2026\/04\/ed49fdfa-f407-4224-b903-7d9dc4010acf-540x540.png 540w, https:\/\/muscleforge.nl\/wp-content\/uploads\/2026\/04\/ed49fdfa-f407-4224-b903-7d9dc4010acf-600x600.png 600w, https:\/\/muscleforge.nl\/wp-content\/uploads\/2026\/04\/ed49fdfa-f407-4224-b903-7d9dc4010acf-100x100.png 100w\" sizes=\"auto, (max-width: 1254px) 100vw, 1254px\" \/><\/p>\n<p><strong>Kazeina micelarna w proszku z dodatkiem probiotyku LactoSpore\u00ae i enzym\u00f3w DigeZyme\u00ae wspieraj\u0105ca regeneracj\u0119, budow\u0119 mi\u0119\u015bni i d\u0142ugotrwa\u0142e uwalnianie bia\u0142ka.<\/strong><\/p>\n","protected":false},"featured_media":53841,"comment_status":"closed","ping_status":"closed","template":"","meta":[],"product_brand":[],"product_cat":[728,871],"product_tag":[1033,1027,1021,1022,1030,1032,1025,1031,1019,1020,1026,1024,948,1028,1029,1023],"class_list":{"0":"post-54555","1":"product","2":"type-product","3":"status-publish","4":"has-post-thumbnail","6":"product_cat-suplementy-diety","7":"product_cat-kazeina","8":"product_tag-allnutrition-pl","9":"product_tag-bialko-dla-sportowcow","10":"product_tag-bialko-kazeinowe","11":"product_tag-bialko-na-noc","12":"product_tag-bialko-przed-snem","13":"product_tag-bodybuilding","14":"product_tag-budowa-miesni","15":"product_tag-fitness","16":"product_tag-kazeina","17":"product_tag-kazeina-micelarna","18":"product_tag-ochrona-miesni","19":"product_tag-odzywka-bialkowa","20":"product_tag-regeneracja-miesni","21":"product_tag-shake-bialkowy","22":"product_tag-suplement-bialkowy","23":"product_tag-wolno-wchlanialne-bialko","25":"first","26":"instock","27":"taxable","28":"shipping-taxable","29":"purchasable","30":"product-type-variable"},"_links":{"self":[{"href":"https:\/\/muscleforge.nl\/pl\/wp-json\/wp\/v2\/product\/54555","targetHints":{"allow":["GET"]}}],"collection":[{"href":"https:\/\/muscleforge.nl\/pl\/wp-json\/wp\/v2\/product"}],"about":[{"href":"https:\/\/muscleforge.nl\/pl\/wp-json\/wp\/v2\/types\/product"}],"replies":[{"embeddable":true,"href":"https:\/\/muscleforge.nl\/pl\/wp-json\/wp\/v2\/comments?post=54555"}],"wp:featuredmedia":[{"embeddable":true,"href":"https:\/\/muscleforge.nl\/pl\/wp-json\/wp\/v2\/media\/53841"}],"wp:attachment":[{"href":"https:\/\/muscleforge.nl\/pl\/wp-json\/wp\/v2\/media?parent=54555"}],"wp:term":[{"taxonomy":"product_brand","embeddable":true,"href":"https:\/\/muscleforge.nl\/pl\/wp-json\/wp\/v2\/product_brand?post=54555"},{"taxonomy":"product_cat","embeddable":true,"href":"https:\/\/muscleforge.nl\/pl\/wp-json\/wp\/v2\/product_cat?post=54555"},{"taxonomy":"product_tag","embeddable":true,"href":"https:\/\/muscleforge.nl\/pl\/wp-json\/wp\/v2\/product_tag?post=54555"}],"curies":[{"name":"wp","href":"https:\/\/api.w.org\/{rel}","templated":true}]}}