{"id":54570,"date":"2026-03-13T14:41:33","date_gmt":"2026-03-13T13:41:33","guid":{"rendered":"https:\/\/muscleforge.nl\/product\/dy-dorian-yates-nutrition-creatine-monohydrate-300g\/"},"modified":"2026-04-23T17:55:01","modified_gmt":"2026-04-23T15:55:01","slug":"dy-dorian-yates-nutrition-creatine-monohydrate-300g","status":"publish","type":"product","link":"https:\/\/muscleforge.nl\/pl\/produkt\/dy-dorian-yates-nutrition-creatine-monohydrate-300g\/","title":{"rendered":"DY DORIAN YATES NUTRITION CREATINE MONOHYDRATE 300g"},"content":{"rendered":"<div class=\"flex flex-col text-sm pb-25\">\n<section class=\"text-token-text-primary w-full focus:outline-none [--shadow-height:45px] has-data-writing-block:pointer-events-none has-data-writing-block:-mt-(--shadow-height) has-data-writing-block:pt-(--shadow-height) [&amp;:has([data-writing-block])&gt;*]:pointer-events-auto scroll-mt-[calc(var(--header-height)+min(200px,max(70px,20svh)))]\" dir=\"auto\" data-turn-id=\"request-69df917d-48c0-838f-97ac-6bb0c2079fa6-14\" data-testid=\"conversation-turn-228\" data-scroll-anchor=\"true\" data-turn=\"assistant\">\n<div class=\"text-base my-auto mx-auto pb-10 [--thread-content-margin:var(--thread-content-margin-xs,calc(var(--spacing)*4))] @w-sm\/main:[--thread-content-margin:var(--thread-content-margin-sm,calc(var(--spacing)*6))] @w-lg\/main:[--thread-content-margin:var(--thread-content-margin-lg,calc(var(--spacing)*16))] px-(--thread-content-margin)\">\n<div class=\"[--thread-content-max-width:40rem] @w-lg\/main:[--thread-content-max-width:48rem] mx-auto max-w-(--thread-content-max-width) flex-1 group\/turn-messages focus-visible:outline-hidden relative flex w-full min-w-0 flex-col agent-turn\">\n<div class=\"flex max-w-full flex-col gap-4 grow\">\n<div class=\"min-h-8 text-message relative flex w-full flex-col items-end gap-2 text-start break-words whitespace-normal outline-none keyboard-focused:focus-ring [.text-message+&amp;]:mt-1\" dir=\"auto\" tabindex=\"0\" data-message-author-role=\"assistant\" data-message-id=\"edf6b364-f101-46da-ac0a-3ed428cf9424\" data-message-model-slug=\"gpt-5-3\" data-turn-start-message=\"true\">\n<div class=\"flex w-full flex-col gap-1 empty:hidden\">\n<div class=\"markdown prose dark:prose-invert w-full wrap-break-word light markdown-new-styling\">\n<h3 data-section-id=\"1seoaif\" data-start=\"0\" data-end=\"24\">\ud83d\udd25 Zalety produktu<\/h3>\n<p data-start=\"26\" data-end=\"284\">\ud83d\udcaa zawiera 100% monohydrat kreatyny<br data-start=\"61\" data-end=\"64\" \/>\u26a1 wspiera si\u0142\u0119 i wydolno\u015b\u0107 podczas intensywnych trening\u00f3w<br data-start=\"121\" data-end=\"124\" \/>\ud83c\udfcb\ufe0f idealny do treningu si\u0142owego i wymagaj\u0105cych sesji treningowych<br data-start=\"190\" data-end=\"193\" \/>\ud83d\udd0b wspiera produkcj\u0119 energii ATP w mi\u0119\u015bniach<br data-start=\"237\" data-end=\"240\" \/>\ud83e\udd64 bezsmakowa formu\u0142a \u2013 \u0142atwa do mieszania<\/p>\n<h3 data-section-id=\"dz02f6\" data-start=\"286\" data-end=\"308\">\ud83d\udc8a Opis produktu<\/h3>\n<p data-start=\"310\" data-end=\"437\">DY DORIAN YATES NUTRITION CREATINE MONOHYDRATE to wysokiej jako\u015bci suplement diety oparty na czystym monohydracie kreatyny \ud83d\udcaa<\/p>\n<p data-start=\"439\" data-end=\"626\">Kreatyna jest jednym z najlepiej przebadanych i najskuteczniejszych sk\u0142adnik\u00f3w wspieraj\u0105cych wzrost si\u0142y oraz popraw\u0119 wydolno\u015bci fizycznej podczas kr\u00f3tkotrwa\u0142ych intensywnych wysi\u0142k\u00f3w \u26a1<\/p>\n<p data-start=\"628\" data-end=\"784\">Wspiera produkcj\u0119 energii ATP w mi\u0119\u015bniach co jest kluczowe dla osi\u0105gania lepszych wynik\u00f3w treningowych wi\u0119kszej si\u0142y oraz wy\u017cszej intensywno\u015bci \u0107wicze\u0144 \ud83d\udd25<\/p>\n<p data-start=\"786\" data-end=\"912\">Regularne stosowanie mo\u017ce przyczyni\u0107 si\u0119 do zwi\u0119kszenia si\u0142y poprawy wydolno\u015bci oraz szybszej regeneracji po treningu \ud83c\udfcb\ufe0f\u200d\u2642\ufe0f<\/p>\n<p data-start=\"914\" data-end=\"1051\">Dzi\u0119ki bezsmakowej formule produkt mo\u017cna \u0142atwo miesza\u0107 z wod\u0105 lub innymi napojami co sprawia \u017ce jest wygodny w codziennym stosowaniu \ud83e\udd64<\/p>\n<h3 data-section-id=\"1wpz9to\" data-start=\"1053\" data-end=\"1075\">\ud83d\udd52 Spos\u00f3b u\u017cycia<\/h3>\n<p data-start=\"1077\" data-end=\"1315\">\ud83d\udca7 Wymieszaj 1 miark\u0119 (5 g) z oko\u0142o 250 ml wody stosuj jedn\u0105 porcj\u0119 oko\u0142o 30 minut przed treningiem dla optymalnych efekt\u00f3w mo\u017cna przyj\u0105\u0107 drug\u0105 porcj\u0119 po treningu w dni nietreningowe stosuj jedn\u0105 porcj\u0119 rano i jedn\u0105 p\u00f3\u017aniej w ci\u0105gu dnia<\/p>\n<h3 data-section-id=\"1yfz9k6\" data-start=\"1317\" data-end=\"1338\">\ud83d\udce6 Ilo\u015b\u0107 porcji<\/h3>\n<p data-start=\"1340\" data-end=\"1360\">\ud83d\udcca Oko\u0142o 60 porcji<\/p>\n<h3 data-section-id=\"wh691u\" data-start=\"1362\" data-end=\"1397\">\ud83d\udcca Tabela warto\u015bci od\u017cywczych<\/h3>\n<div class=\"TyagGW_tableContainer\">\n<div class=\"group TyagGW_tableWrapper flex flex-col-reverse w-fit\" tabindex=\"-1\">\n<table class=\"w-fit min-w-(--thread-content-width)\" data-start=\"1399\" data-end=\"1621\">\n<thead data-start=\"1399\" data-end=\"1459\">\n<tr data-start=\"1399\" data-end=\"1459\">\n<th class=\"\" data-start=\"1399\" data-end=\"1409\" data-col-size=\"sm\">Warto\u015b\u0107<\/th>\n<th class=\"\" data-start=\"1409\" data-end=\"1417\" data-col-size=\"sm\">100 g<\/th>\n<th class=\"\" data-start=\"1417\" data-end=\"1434\" data-col-size=\"sm\">1 porcja (5 g)<\/th>\n<th class=\"\" data-start=\"1434\" data-end=\"1459\" data-col-size=\"sm\">dzienna porcja (10 g)<\/th>\n<\/tr>\n<\/thead>\n<tbody data-start=\"1520\" data-end=\"1621\">\n<tr data-start=\"1520\" data-end=\"1572\">\n<td data-start=\"1520\" data-end=\"1542\" data-col-size=\"sm\">Monohydrat kreatyny<\/td>\n<td data-col-size=\"sm\" data-start=\"1542\" data-end=\"1550\">100 g<\/td>\n<td data-col-size=\"sm\" data-start=\"1550\" data-end=\"1560\">5000 mg<\/td>\n<td data-col-size=\"sm\" data-start=\"1560\" data-end=\"1572\">10000 mg<\/td>\n<\/tr>\n<tr data-start=\"1573\" data-end=\"1621\">\n<td data-start=\"1573\" data-end=\"1590\" data-col-size=\"sm\">w tym kreatyna<\/td>\n<td data-col-size=\"sm\" data-start=\"1590\" data-end=\"1600\">87,92 g<\/td>\n<td data-col-size=\"sm\" data-start=\"1600\" data-end=\"1610\">4396 mg<\/td>\n<td data-col-size=\"sm\" data-start=\"1610\" data-end=\"1621\">8792 mg<\/td>\n<\/tr>\n<\/tbody>\n<\/table>\n<\/div>\n<\/div>\n<h3 data-section-id=\"1gr8z22\" data-start=\"1623\" data-end=\"1649\">\ud83d\udcca Warto\u015bci od\u017cywcze<\/h3>\n<div class=\"TyagGW_tableContainer\">\n<div class=\"group TyagGW_tableWrapper flex flex-col-reverse w-fit\" tabindex=\"-1\">\n<table class=\"w-fit min-w-(--thread-content-width)\" data-start=\"1651\" data-end=\"1935\">\n<thead data-start=\"1651\" data-end=\"1685\">\n<tr data-start=\"1651\" data-end=\"1685\">\n<th class=\"\" data-start=\"1651\" data-end=\"1670\" data-col-size=\"sm\">Warto\u015b\u0107 od\u017cywcza<\/th>\n<th class=\"\" data-start=\"1670\" data-end=\"1678\" data-col-size=\"sm\">100 g<\/th>\n<th class=\"\" data-start=\"1678\" data-end=\"1685\" data-col-size=\"sm\">5 g<\/th>\n<\/tr>\n<\/thead>\n<tbody data-start=\"1720\" data-end=\"1935\">\n<tr data-start=\"1720\" data-end=\"1775\">\n<td data-start=\"1720\" data-end=\"1730\" data-col-size=\"sm\">Energia<\/td>\n<td data-col-size=\"sm\" data-start=\"1730\" data-end=\"1753\">1673,6 kJ \/ 400 kcal<\/td>\n<td data-col-size=\"sm\" data-start=\"1753\" data-end=\"1775\">83,68 kJ \/ 20 kcal<\/td>\n<\/tr>\n<tr data-start=\"1776\" data-end=\"1799\">\n<td data-start=\"1776\" data-end=\"1786\" data-col-size=\"sm\">T\u0142uszcz<\/td>\n<td data-col-size=\"sm\" data-start=\"1786\" data-end=\"1792\">0 g<\/td>\n<td data-col-size=\"sm\" data-start=\"1792\" data-end=\"1799\">0 g<\/td>\n<\/tr>\n<tr data-start=\"1800\" data-end=\"1836\">\n<td data-start=\"1800\" data-end=\"1823\" data-col-size=\"sm\">w tym kwasy nasycone<\/td>\n<td data-start=\"1823\" data-end=\"1829\" data-col-size=\"sm\">0 g<\/td>\n<td data-col-size=\"sm\" data-start=\"1829\" data-end=\"1836\">0 g<\/td>\n<\/tr>\n<tr data-start=\"1837\" data-end=\"1864\">\n<td data-start=\"1837\" data-end=\"1851\" data-col-size=\"sm\">W\u0119glowodany<\/td>\n<td data-col-size=\"sm\" data-start=\"1851\" data-end=\"1857\">0 g<\/td>\n<td data-col-size=\"sm\" data-start=\"1857\" data-end=\"1864\">0 g<\/td>\n<\/tr>\n<tr data-start=\"1865\" data-end=\"1892\">\n<td data-start=\"1865\" data-end=\"1879\" data-col-size=\"sm\">w tym cukry<\/td>\n<td data-col-size=\"sm\" data-start=\"1879\" data-end=\"1885\">0 g<\/td>\n<td data-col-size=\"sm\" data-start=\"1885\" data-end=\"1892\">0 g<\/td>\n<\/tr>\n<tr data-start=\"1893\" data-end=\"1915\">\n<td data-start=\"1893\" data-end=\"1902\" data-col-size=\"sm\">Bia\u0142ko<\/td>\n<td data-col-size=\"sm\" data-start=\"1902\" data-end=\"1908\">0 g<\/td>\n<td data-col-size=\"sm\" data-start=\"1908\" data-end=\"1915\">0 g<\/td>\n<\/tr>\n<tr data-start=\"1916\" data-end=\"1935\">\n<td data-start=\"1916\" data-end=\"1922\" data-col-size=\"sm\">S\u00f3l<\/td>\n<td data-col-size=\"sm\" data-start=\"1922\" data-end=\"1928\">0 g<\/td>\n<td data-col-size=\"sm\" data-start=\"1928\" data-end=\"1935\">0 g<\/td>\n<\/tr>\n<\/tbody>\n<\/table>\n<\/div>\n<\/div>\n<h3 data-section-id=\"1sk1do\" data-start=\"1937\" data-end=\"1955\">\ud83e\uddfe Sk\u0142adniki<\/h3>\n<p data-start=\"1957\" data-end=\"1983\">100% monohydrat kreatyny<\/p>\n<h3 data-section-id=\"1d6gtwm\" data-start=\"1985\" data-end=\"2002\">\u26a0\ufe0f Alergeny<\/h3>\n<p data-start=\"2004\" data-end=\"2092\">produkt wytwarzany w zak\u0142adzie gdzie przetwarzane s\u0105 r\u00f3wnie\u017c mleko soja jaja i orzechy<\/p>\n<h3 data-section-id=\"xbuiim\" data-start=\"2094\" data-end=\"2117\">\ud83d\udce6 Przechowywanie<\/h3>\n<p data-start=\"2119\" data-end=\"2245\" data-is-last-node=\"\" data-is-only-node=\"\">przechowywa\u0107 w suchym miejscu w temperaturze 5\u201330\u00b0C chroni\u0107 przed \u015bwiat\u0142em s\u0142onecznym i wilgoci\u0105 trzyma\u0107 poza zasi\u0119giem dzieci<\/p>\n<\/div>\n<\/div>\n<\/div>\n<\/div>\n<\/div>\n<\/div>\n<\/section>\n<\/div>\n","protected":false},"excerpt":{"rendered":"<p><img loading=\"lazy\" decoding=\"async\" class=\"alignnone wp-image-54568 size-full\" src=\"https:\/\/muscleforge.nl\/wp-content\/uploads\/2026\/04\/20257ce4-a69f-4ae1-8a66-964855e7069a.png\" alt=\"\" width=\"1254\" height=\"1254\" srcset=\"https:\/\/muscleforge.nl\/wp-content\/uploads\/2026\/04\/20257ce4-a69f-4ae1-8a66-964855e7069a.png 1254w, https:\/\/muscleforge.nl\/wp-content\/uploads\/2026\/04\/20257ce4-a69f-4ae1-8a66-964855e7069a-300x300.png 300w, https:\/\/muscleforge.nl\/wp-content\/uploads\/2026\/04\/20257ce4-a69f-4ae1-8a66-964855e7069a-1024x1024.png 1024w, https:\/\/muscleforge.nl\/wp-content\/uploads\/2026\/04\/20257ce4-a69f-4ae1-8a66-964855e7069a-150x150.png 150w, https:\/\/muscleforge.nl\/wp-content\/uploads\/2026\/04\/20257ce4-a69f-4ae1-8a66-964855e7069a-768x768.png 768w, https:\/\/muscleforge.nl\/wp-content\/uploads\/2026\/04\/20257ce4-a69f-4ae1-8a66-964855e7069a-70x70.png 70w, https:\/\/muscleforge.nl\/wp-content\/uploads\/2026\/04\/20257ce4-a69f-4ae1-8a66-964855e7069a-360x360.png 360w, https:\/\/muscleforge.nl\/wp-content\/uploads\/2026\/04\/20257ce4-a69f-4ae1-8a66-964855e7069a-580x580.png 580w, https:\/\/muscleforge.nl\/wp-content\/uploads\/2026\/04\/20257ce4-a69f-4ae1-8a66-964855e7069a-860x860.png 860w, https:\/\/muscleforge.nl\/wp-content\/uploads\/2026\/04\/20257ce4-a69f-4ae1-8a66-964855e7069a-1160x1160.png 1160w, https:\/\/muscleforge.nl\/wp-content\/uploads\/2026\/04\/20257ce4-a69f-4ae1-8a66-964855e7069a-540x540.png 540w, https:\/\/muscleforge.nl\/wp-content\/uploads\/2026\/04\/20257ce4-a69f-4ae1-8a66-964855e7069a-600x600.png 600w, https:\/\/muscleforge.nl\/wp-content\/uploads\/2026\/04\/20257ce4-a69f-4ae1-8a66-964855e7069a-100x100.png 100w\" sizes=\"auto, (max-width: 1254px) 100vw, 1254px\" \/><\/p>\n<p><strong>Monohydrat kreatyny 100% w proszku wspieraj\u0105cy si\u0142\u0119, wydolno\u015b\u0107 i regeneracj\u0119 mi\u0119\u015bni \u2013 idealny do intensywnych trening\u00f3w si\u0142owych.<\/strong><\/p>\n","protected":false},"featured_media":55019,"comment_status":"closed","ping_status":"closed","template":"","meta":[],"product_brand":[1055],"product_cat":[728,843],"product_tag":[1088],"class_list":{"0":"post-54570","1":"product","2":"type-product","3":"status-publish","4":"has-post-thumbnail","6":"product_brand-dy-nutrition","7":"product_cat-suplementy-diety","8":"product_cat-monohydrat-kreatyny","9":"product_tag-dorian-yates-nutrition-pl","11":"first","12":"instock","13":"taxable","14":"shipping-taxable","15":"purchasable","16":"product-type-simple"},"_links":{"self":[{"href":"https:\/\/muscleforge.nl\/pl\/wp-json\/wp\/v2\/product\/54570","targetHints":{"allow":["GET"]}}],"collection":[{"href":"https:\/\/muscleforge.nl\/pl\/wp-json\/wp\/v2\/product"}],"about":[{"href":"https:\/\/muscleforge.nl\/pl\/wp-json\/wp\/v2\/types\/product"}],"replies":[{"embeddable":true,"href":"https:\/\/muscleforge.nl\/pl\/wp-json\/wp\/v2\/comments?post=54570"}],"wp:featuredmedia":[{"embeddable":true,"href":"https:\/\/muscleforge.nl\/pl\/wp-json\/wp\/v2\/media\/55019"}],"wp:attachment":[{"href":"https:\/\/muscleforge.nl\/pl\/wp-json\/wp\/v2\/media?parent=54570"}],"wp:term":[{"taxonomy":"product_brand","embeddable":true,"href":"https:\/\/muscleforge.nl\/pl\/wp-json\/wp\/v2\/product_brand?post=54570"},{"taxonomy":"product_cat","embeddable":true,"href":"https:\/\/muscleforge.nl\/pl\/wp-json\/wp\/v2\/product_cat?post=54570"},{"taxonomy":"product_tag","embeddable":true,"href":"https:\/\/muscleforge.nl\/pl\/wp-json\/wp\/v2\/product_tag?post=54570"}],"curies":[{"name":"wp","href":"https:\/\/api.w.org\/{rel}","templated":true}]}}