{"id":54623,"date":"2026-03-17T22:54:48","date_gmt":"2026-03-17T21:54:48","guid":{"rendered":"https:\/\/muscleforge.nl\/product\/allnutrition-fking-delicious-crunchee-18g-protein-wafer\/"},"modified":"2026-04-25T16:56:02","modified_gmt":"2026-04-25T14:56:02","slug":"allnutrition-fking-delicious-crunchee-18g-protein-wafer","status":"publish","type":"product","link":"https:\/\/muscleforge.nl\/pl\/produkt\/allnutrition-fking-delicious-crunchee-18g-protein-wafer\/","title":{"rendered":"ALLNUTRITION F**KING DELICIOUS CRUNCHEE 18g Protein Wafer"},"content":{"rendered":"<h3 data-section-id=\"1seoaif\" data-start=\"0\" data-end=\"24\">\ud83d\udd25 Zalety produktu<\/h3>\n<p data-start=\"26\" data-end=\"257\">\ud83d\udcaa bia\u0142kowa przek\u0105ska na ka\u017cd\u0105 por\u0119 dnia<br data-start=\"66\" data-end=\"69\" \/>\ud83d\udeab bez dodatku cukru<br data-start=\"89\" data-end=\"92\" \/>\ud83c\udf6b kremowe nadzienie kakaowe i polewa z mlecznej czekolady<br data-start=\"150\" data-end=\"153\" \/>\ud83e\udd47 chrupi\u0105ca warstwa wafla<br data-start=\"179\" data-end=\"182\" \/>\u26a1 idealna jako szybka przek\u0105ska w ci\u0105gu dnia<br data-start=\"226\" data-end=\"229\" \/>\ud83c\udf92 wygodny format na wynos<\/p>\n<h3 data-section-id=\"dz02f6\" data-start=\"259\" data-end=\"281\">\ud83d\udc8a Opis produktu<\/h3>\n<p data-start=\"283\" data-end=\"464\">ALLNUTRITION F**KING DELICIOUS CRUNCHEE Protein Wafer to smaczny wafelek bia\u0142kowy o chrupi\u0105cej strukturze po\u0142\u0105czonej z kremowym kakaowym nadzieniem i warstw\u0105 mlecznej czekolady \ud83c\udf6b<\/p>\n<p data-start=\"466\" data-end=\"622\">Dzi\u0119ki zastosowaniu substancji s\u0142odz\u0105cych mo\u017cesz cieszy\u0107 si\u0119 s\u0142odkim smakiem bez dodatku cukru co czyni go lepsz\u0105 alternatyw\u0105 dla tradycyjnych s\u0142odyczy \ud83d\udeab<\/p>\n<p data-start=\"624\" data-end=\"811\">Po\u0142\u0105czenie chrupi\u0105cego wafla i delikatnego kremu zapewnia idealny balans smaku i tekstury dzi\u0119ki czemu produkt \u015bwietnie sprawdza si\u0119 jako szybka przek\u0105ska w ci\u0105gu dnia lub po treningu \u26a1<\/p>\n<p data-start=\"813\" data-end=\"925\">Kompaktowy rozmiar sprawia \u017ce mo\u017cesz zabra\u0107 go ze sob\u0105 wsz\u0119dzie i mie\u0107 pod r\u0119k\u0105 wygodn\u0105 i smaczn\u0105 przek\u0105sk\u0119 \ud83c\udf92<\/p>\n<h3 data-section-id=\"1wpz9to\" data-start=\"927\" data-end=\"949\">\ud83d\udd52 Spos\u00f3b u\u017cycia<\/h3>\n<p data-start=\"951\" data-end=\"992\">\ud83d\udca7 Spo\u017cywa\u0107 jako przek\u0105sk\u0119 w ci\u0105gu dnia<\/p>\n<h3 data-section-id=\"1yfz9k6\" data-start=\"994\" data-end=\"1015\">\ud83d\udce6 Ilo\u015b\u0107 porcji<\/h3>\n<p data-start=\"1017\" data-end=\"1037\">\ud83d\udcca 1 porcja (18 g)<\/p>\n<h3 data-section-id=\"wh691u\" data-start=\"1039\" data-end=\"1074\">\ud83d\udcca Tabela warto\u015bci od\u017cywczych<\/h3>\n<div class=\"TyagGW_tableContainer\">\n<div class=\"group TyagGW_tableWrapper flex flex-col-reverse w-fit\" tabindex=\"-1\">\n<table class=\"w-fit min-w-(--thread-content-width)\" data-start=\"1076\" data-end=\"1413\">\n<thead data-start=\"1076\" data-end=\"1111\">\n<tr data-start=\"1076\" data-end=\"1111\">\n<th class=\"\" data-start=\"1076\" data-end=\"1095\" data-col-size=\"sm\">Warto\u015b\u0107 od\u017cywcza<\/th>\n<th class=\"\" data-start=\"1095\" data-end=\"1103\" data-col-size=\"sm\">100 g<\/th>\n<th class=\"\" data-start=\"1103\" data-end=\"1111\" data-col-size=\"sm\">18 g<\/th>\n<\/tr>\n<\/thead>\n<tbody data-start=\"1148\" data-end=\"1413\">\n<tr data-start=\"1148\" data-end=\"1199\">\n<td data-start=\"1148\" data-end=\"1158\" data-col-size=\"sm\">Energia<\/td>\n<td data-start=\"1158\" data-end=\"1179\" data-col-size=\"sm\">2139 kJ \/ 513 kcal<\/td>\n<td data-start=\"1179\" data-end=\"1199\" data-col-size=\"sm\">385 kJ \/ 92 kcal<\/td>\n<\/tr>\n<tr data-start=\"1200\" data-end=\"1226\">\n<td data-start=\"1200\" data-end=\"1210\" data-col-size=\"sm\">T\u0142uszcz<\/td>\n<td data-col-size=\"sm\" data-start=\"1210\" data-end=\"1217\">32 g<\/td>\n<td data-col-size=\"sm\" data-start=\"1217\" data-end=\"1226\">5,8 g<\/td>\n<\/tr>\n<tr data-start=\"1227\" data-end=\"1266\">\n<td data-start=\"1227\" data-end=\"1250\" data-col-size=\"sm\">w tym kwasy nasycone<\/td>\n<td data-col-size=\"sm\" data-start=\"1250\" data-end=\"1257\">18 g<\/td>\n<td data-col-size=\"sm\" data-start=\"1257\" data-end=\"1266\">3,2 g<\/td>\n<\/tr>\n<tr data-start=\"1267\" data-end=\"1297\">\n<td data-start=\"1267\" data-end=\"1281\" data-col-size=\"sm\">W\u0119glowodany<\/td>\n<td data-start=\"1281\" data-end=\"1288\" data-col-size=\"sm\">49 g<\/td>\n<td data-start=\"1288\" data-end=\"1297\" data-col-size=\"sm\">8,8 g<\/td>\n<\/tr>\n<tr data-start=\"1298\" data-end=\"1326\">\n<td data-start=\"1298\" data-end=\"1312\" data-col-size=\"sm\">w tym cukry<\/td>\n<td data-col-size=\"sm\" data-start=\"1312\" data-end=\"1319\">11 g<\/td>\n<td data-col-size=\"sm\" data-start=\"1319\" data-end=\"1326\">2 g<\/td>\n<\/tr>\n<tr data-start=\"1327\" data-end=\"1360\">\n<td data-start=\"1327\" data-end=\"1343\" data-col-size=\"sm\">w tym poliole<\/td>\n<td data-start=\"1343\" data-end=\"1351\" data-col-size=\"sm\">4,9 g<\/td>\n<td data-start=\"1351\" data-end=\"1360\" data-col-size=\"sm\">0,9 g<\/td>\n<\/tr>\n<tr data-start=\"1361\" data-end=\"1387\">\n<td data-start=\"1361\" data-end=\"1370\" data-col-size=\"sm\">Bia\u0142ko<\/td>\n<td data-col-size=\"sm\" data-start=\"1370\" data-end=\"1378\">8,2 g<\/td>\n<td data-col-size=\"sm\" data-start=\"1378\" data-end=\"1387\">1,4 g<\/td>\n<\/tr>\n<tr data-start=\"1388\" data-end=\"1413\">\n<td data-start=\"1388\" data-end=\"1394\" data-col-size=\"sm\">S\u00f3l<\/td>\n<td data-start=\"1394\" data-end=\"1403\" data-col-size=\"sm\">0,40 g<\/td>\n<td data-start=\"1403\" data-end=\"1413\" data-col-size=\"sm\">0,07 g<\/td>\n<\/tr>\n<\/tbody>\n<\/table>\n<\/div>\n<\/div>\n<h3 data-section-id=\"1sk1do\" data-start=\"1415\" data-end=\"1433\">\ud83e\uddfe Sk\u0142adniki<\/h3>\n<p data-start=\"1435\" data-end=\"1918\">czekolada mleczna bez dodatku cukru (substancja s\u0142odz\u0105ca: maltitol, t\u0142uszcz kakaowy, pe\u0142ne mleko w proszku, masa kakaowa, emulgator: lecytyny (soja), ekstrakt waniliowy), m\u0105ka pszenna, t\u0142uszcz palmowy, serwatka w proszku (z mleka), substancja s\u0142odz\u0105ca: maltitol, odt\u0142uszczone mleko w proszku, kakao o obni\u017conej zawarto\u015bci t\u0142uszczu, olej rzepakowy, emulgator: lecytyny, aromat czekoladowy, s\u00f3l, substancje spulchniaj\u0105ce (w\u0119glany sodu, w\u0119glany amonu), substancja s\u0142odz\u0105ca (sukraloza)<\/p>\n<h3 data-section-id=\"1d6gtwm\" data-start=\"1920\" data-end=\"1937\">\u26a0\ufe0f Alergeny<\/h3>\n<p data-start=\"1939\" data-end=\"2013\">zawiera mleko soj\u0119 i gluten mo\u017ce zawiera\u0107 jaja orzechy i orzeszki ziemne<\/p>\n<h3 data-section-id=\"xbuiim\" data-start=\"2015\" data-end=\"2038\">\ud83d\udce6 Przechowywanie<\/h3>\n<p data-start=\"2040\" data-end=\"2135\" data-is-last-node=\"\" data-is-only-node=\"\">przechowywa\u0107 w suchym i ch\u0142odnym miejscu nadmierne spo\u017cycie mo\u017ce wywo\u0142a\u0107 efekt przeczyszczaj\u0105cy<\/p>\n","protected":false},"excerpt":{"rendered":"<p><img loading=\"lazy\" decoding=\"async\" class=\"alignnone wp-image-54620 size-full\" src=\"https:\/\/muscleforge.nl\/wp-content\/uploads\/2026\/04\/af960dc7-a385-4ece-9f45-a7f276dd57ba.png\" alt=\"\" width=\"1122\" height=\"1402\" srcset=\"https:\/\/muscleforge.nl\/wp-content\/uploads\/2026\/04\/af960dc7-a385-4ece-9f45-a7f276dd57ba.png 1122w, https:\/\/muscleforge.nl\/wp-content\/uploads\/2026\/04\/af960dc7-a385-4ece-9f45-a7f276dd57ba-240x300.png 240w, https:\/\/muscleforge.nl\/wp-content\/uploads\/2026\/04\/af960dc7-a385-4ece-9f45-a7f276dd57ba-819x1024.png 819w, https:\/\/muscleforge.nl\/wp-content\/uploads\/2026\/04\/af960dc7-a385-4ece-9f45-a7f276dd57ba-768x960.png 768w, https:\/\/muscleforge.nl\/wp-content\/uploads\/2026\/04\/af960dc7-a385-4ece-9f45-a7f276dd57ba-580x725.png 580w, https:\/\/muscleforge.nl\/wp-content\/uploads\/2026\/04\/af960dc7-a385-4ece-9f45-a7f276dd57ba-860x1075.png 860w, https:\/\/muscleforge.nl\/wp-content\/uploads\/2026\/04\/af960dc7-a385-4ece-9f45-a7f276dd57ba-600x750.png 600w\" sizes=\"auto, (max-width: 1122px) 100vw, 1122px\" \/><\/p>\n<p><strong>Chrupi\u0105cy wafelek bia\u0142kowy z kremem kakaowym i mleczn\u0105 czekolad\u0105 bez dodatku cukru \u2013 idealna fit przek\u0105ska na co dzie\u0144.<\/strong><\/p>\n","protected":false},"featured_media":54617,"comment_status":"closed","ping_status":"closed","template":"","meta":[],"product_brand":[1119],"product_cat":[728,844,849],"product_tag":[1033],"class_list":{"0":"post-54623","1":"product","2":"type-product","3":"status-publish","4":"has-post-thumbnail","6":"product_brand-all-nutrition","7":"product_cat-suplementy-diety","8":"product_cat-batony-proteinowe","9":"product_cat-zdrowa-zywnosc-i-przekaski","10":"product_tag-allnutrition-pl","12":"first","13":"instock","14":"taxable","15":"shipping-taxable","16":"purchasable","17":"product-type-variable"},"_links":{"self":[{"href":"https:\/\/muscleforge.nl\/pl\/wp-json\/wp\/v2\/product\/54623","targetHints":{"allow":["GET"]}}],"collection":[{"href":"https:\/\/muscleforge.nl\/pl\/wp-json\/wp\/v2\/product"}],"about":[{"href":"https:\/\/muscleforge.nl\/pl\/wp-json\/wp\/v2\/types\/product"}],"replies":[{"embeddable":true,"href":"https:\/\/muscleforge.nl\/pl\/wp-json\/wp\/v2\/comments?post=54623"}],"wp:featuredmedia":[{"embeddable":true,"href":"https:\/\/muscleforge.nl\/pl\/wp-json\/wp\/v2\/media\/54617"}],"wp:attachment":[{"href":"https:\/\/muscleforge.nl\/pl\/wp-json\/wp\/v2\/media?parent=54623"}],"wp:term":[{"taxonomy":"product_brand","embeddable":true,"href":"https:\/\/muscleforge.nl\/pl\/wp-json\/wp\/v2\/product_brand?post=54623"},{"taxonomy":"product_cat","embeddable":true,"href":"https:\/\/muscleforge.nl\/pl\/wp-json\/wp\/v2\/product_cat?post=54623"},{"taxonomy":"product_tag","embeddable":true,"href":"https:\/\/muscleforge.nl\/pl\/wp-json\/wp\/v2\/product_tag?post=54623"}],"curies":[{"name":"wp","href":"https:\/\/api.w.org\/{rel}","templated":true}]}}