{"id":54635,"date":"2026-03-17T22:27:00","date_gmt":"2026-03-17T21:27:00","guid":{"rendered":"https:\/\/muscleforge.nl\/product\/olimp-nutrition-protein-crisp-bar-40g\/"},"modified":"2026-04-26T22:57:10","modified_gmt":"2026-04-26T20:57:10","slug":"olimp-nutrition-protein-crisp-bar-40g","status":"publish","type":"product","link":"https:\/\/muscleforge.nl\/pl\/produkt\/olimp-nutrition-protein-crisp-bar-40g\/","title":{"rendered":"Olimp Nutrition Protein Crisp Bar 40g"},"content":{"rendered":"<h3 data-section-id=\"auxutz\" data-start=\"86\" data-end=\"118\">\ud83d\udd25 Voordelen van het product<\/h3>\n<p data-start=\"120\" data-end=\"350\">\ud83d\udcaa Hoog eiwitgehalte (20%)<br data-start=\"146\" data-end=\"149\" \/>\u26a1 Perfecte snack voor onderweg<br data-start=\"179\" data-end=\"182\" \/>\ud83e\udd47 Ondersteunt spierherstel en spiermassa<br data-start=\"223\" data-end=\"226\" \/>\ud83c\udf6b Knapperige structuur met witte chocoladelaag<br data-start=\"273\" data-end=\"276\" \/>\ud83d\udce6 Handig formaat voor dagelijks gebruik<br data-start=\"316\" data-end=\"319\" \/>\ud83d\udd25 Ideaal voor actieve mensen<\/p>\n<h3 data-section-id=\"rblttu\" data-start=\"352\" data-end=\"378\">\ud83d\udc8a Productbeschrijving<\/h3>\n<p data-start=\"380\" data-end=\"516\">OLIMP PROTEIN CRISP BAR is een knapperige eiwitreep met een heerlijke witte chocoladelaag, ideaal als snelle snack gedurende de dag \ud83d\udc8a<\/p>\n<p data-start=\"518\" data-end=\"647\">De combinatie van een luchtige, krokante structuur en een zoete witte chocoladelaag zorgt voor een uitstekende smaakervaring \ud83c\udf6b<\/p>\n<p data-start=\"649\" data-end=\"830\">Met een eiwitgehalte van 20% ondersteunt deze reep het spierherstel en helpt het bij het behoud van spiermassa, wat het een perfecte keuze maakt voor sporters en actieve mensen \ud83d\udcaa<\/p>\n<p data-start=\"832\" data-end=\"965\">Dankzij het handige formaat neem je de reep gemakkelijk mee en gebruik je deze wanneer je een snelle en voedzame snack nodig hebt \u26a1<\/p>\n<h3 data-section-id=\"1trr9rg\" data-start=\"967\" data-end=\"981\">\ud83d\udd52 Gebruik<\/h3>\n<p data-start=\"983\" data-end=\"1040\">\ud83d\udca7 Gebruik als snack gedurende de dag of na de training<\/p>\n<h3 data-section-id=\"kg4zrg\" data-start=\"1042\" data-end=\"1063\">\ud83d\udce6 Aantal porties<\/h3>\n<p data-start=\"1065\" data-end=\"1080\">\ud83d\udcca 1 porties<\/p>\n<h3 data-section-id=\"lykta8\" data-start=\"1082\" data-end=\"1109\">\ud83d\udcca Voedingswaarde tabel<\/h3>\n<div class=\"TyagGW_tableContainer\">\n<div class=\"group TyagGW_tableWrapper flex flex-col-reverse w-fit\" tabindex=\"-1\">\n<table class=\"w-fit min-w-(--thread-content-width)\" data-start=\"1111\" data-end=\"1433\">\n<thead data-start=\"1111\" data-end=\"1144\">\n<tr data-start=\"1111\" data-end=\"1144\">\n<th class=\"\" data-start=\"1111\" data-end=\"1128\" data-col-size=\"sm\">Voedingswaarde<\/th>\n<th class=\"\" data-start=\"1128\" data-end=\"1136\" data-col-size=\"sm\">100 g<\/th>\n<th class=\"\" data-start=\"1136\" data-end=\"1144\" data-col-size=\"sm\">40 g<\/th>\n<\/tr>\n<\/thead>\n<tbody data-start=\"1177\" data-end=\"1433\">\n<tr data-start=\"1177\" data-end=\"1229\">\n<td data-start=\"1177\" data-end=\"1187\" data-col-size=\"sm\">Energie<\/td>\n<td data-start=\"1187\" data-end=\"1208\" data-col-size=\"sm\">1696 kJ \/ 403 kcal<\/td>\n<td data-start=\"1208\" data-end=\"1229\" data-col-size=\"sm\">681 kJ \/ 162 kcal<\/td>\n<\/tr>\n<tr data-start=\"1230\" data-end=\"1252\">\n<td data-start=\"1230\" data-end=\"1236\" data-col-size=\"sm\">Vet<\/td>\n<td data-start=\"1236\" data-end=\"1243\" data-col-size=\"sm\">13 g<\/td>\n<td data-start=\"1243\" data-end=\"1252\" data-col-size=\"sm\">5,1 g<\/td>\n<\/tr>\n<tr data-start=\"1253\" data-end=\"1290\">\n<td data-start=\"1253\" data-end=\"1273\" data-col-size=\"sm\">Waarvan verzadigd<\/td>\n<td data-start=\"1273\" data-end=\"1281\" data-col-size=\"sm\">6,3 g<\/td>\n<td data-start=\"1281\" data-end=\"1290\" data-col-size=\"sm\">2,5 g<\/td>\n<\/tr>\n<tr data-start=\"1291\" data-end=\"1321\">\n<td data-start=\"1291\" data-end=\"1306\" data-col-size=\"sm\">Koolhydraten<\/td>\n<td data-start=\"1306\" data-end=\"1313\" data-col-size=\"sm\">51 g<\/td>\n<td data-start=\"1313\" data-end=\"1321\" data-col-size=\"sm\">21 g<\/td>\n<\/tr>\n<tr data-start=\"1322\" data-end=\"1355\">\n<td data-start=\"1322\" data-end=\"1340\" data-col-size=\"sm\">Waarvan suikers<\/td>\n<td data-start=\"1340\" data-end=\"1347\" data-col-size=\"sm\">31 g<\/td>\n<td data-start=\"1347\" data-end=\"1355\" data-col-size=\"sm\">12 g<\/td>\n<\/tr>\n<tr data-start=\"1356\" data-end=\"1381\">\n<td data-start=\"1356\" data-end=\"1365\" data-col-size=\"sm\">Vezels<\/td>\n<td data-start=\"1365\" data-end=\"1371\" data-col-size=\"sm\">1 g<\/td>\n<td data-start=\"1371\" data-end=\"1381\" data-col-size=\"sm\">&lt;0,5 g<\/td>\n<\/tr>\n<tr data-start=\"1382\" data-end=\"1406\">\n<td data-start=\"1382\" data-end=\"1390\" data-col-size=\"sm\">Eiwit<\/td>\n<td data-start=\"1390\" data-end=\"1397\" data-col-size=\"sm\">20 g<\/td>\n<td data-start=\"1397\" data-end=\"1406\" data-col-size=\"sm\">7,8 g<\/td>\n<\/tr>\n<tr data-start=\"1407\" data-end=\"1433\">\n<td data-start=\"1407\" data-end=\"1414\" data-col-size=\"sm\">Zout<\/td>\n<td data-start=\"1414\" data-end=\"1423\" data-col-size=\"sm\">0,73 g<\/td>\n<td data-start=\"1423\" data-end=\"1433\" data-col-size=\"sm\">0,29 g<\/td>\n<\/tr>\n<\/tbody>\n<\/table>\n<\/div>\n<\/div>\n<h3 data-section-id=\"1r63nvq\" data-start=\"1435\" data-end=\"1454\">\ud83e\uddfe Ingredi\u00ebnten<\/h3>\n<p data-start=\"1456\" data-end=\"1910\">Witte chocolade 25% (suiker, cacaoboter, melkpoeder, emulgator: lecithinen (soja), vanillearoma), glucosestroop, ge\u00ebxtrudeerde granen (tarwebloem, tarwezetmeel, rijsmiddelen: natriumcarbonaten, zout), sojacrispies (soja-eiwitisolaat, tapiocazetmeel, gerstemoutextract), wei-eiwitconcentraat WPC (uit melk), invertsuikersiroop, bevochtigingsmiddel: glycerol, plantaardige olie (zonnebloemolie), maltodextrine, zout, emulgator: lecithinen (soja), aroma\u2019s<\/p>\n<h3 data-section-id=\"soffrk\" data-start=\"1912\" data-end=\"1939\">\u26a0\ufe0f Allergeneninformatie<\/h3>\n<p data-start=\"1941\" data-end=\"2020\">Bevat melk, soja en gluten, kan eieren, noten, pinda\u2019s, sesam en vis bevatten<\/p>\n<h3 data-section-id=\"xv3ocd\" data-start=\"2022\" data-end=\"2043\">\u26a0\ufe0f Waarschuwingen<\/h3>\n<p data-start=\"2045\" data-end=\"2099\">Overmatige consumptie kan een laxerend effect hebben<\/p>\n<h3 data-section-id=\"1vrn9n7\" data-start=\"2101\" data-end=\"2120\">\ud83d\udce6 Bewaaradvies<\/h3>\n<p data-start=\"2122\" data-end=\"2187\">Bewaren op een droge en koele plaats, beschermen tegen zonlicht<\/p>\n","protected":false},"excerpt":{"rendered":"<p><strong><img loading=\"lazy\" decoding=\"async\" class=\"alignnone wp-image-54633 size-full\" src=\"https:\/\/muscleforge.nl\/wp-content\/uploads\/2026\/04\/Olimp-Nutrition-Protein-Crisp-Bar-40g-PL.png\" alt=\"\" width=\"1122\" height=\"1402\" srcset=\"https:\/\/muscleforge.nl\/wp-content\/uploads\/2026\/04\/Olimp-Nutrition-Protein-Crisp-Bar-40g-PL.png 1122w, https:\/\/muscleforge.nl\/wp-content\/uploads\/2026\/04\/Olimp-Nutrition-Protein-Crisp-Bar-40g-PL-240x300.png 240w, https:\/\/muscleforge.nl\/wp-content\/uploads\/2026\/04\/Olimp-Nutrition-Protein-Crisp-Bar-40g-PL-819x1024.png 819w, https:\/\/muscleforge.nl\/wp-content\/uploads\/2026\/04\/Olimp-Nutrition-Protein-Crisp-Bar-40g-PL-768x960.png 768w, https:\/\/muscleforge.nl\/wp-content\/uploads\/2026\/04\/Olimp-Nutrition-Protein-Crisp-Bar-40g-PL-580x725.png 580w, https:\/\/muscleforge.nl\/wp-content\/uploads\/2026\/04\/Olimp-Nutrition-Protein-Crisp-Bar-40g-PL-860x1075.png 860w, https:\/\/muscleforge.nl\/wp-content\/uploads\/2026\/04\/Olimp-Nutrition-Protein-Crisp-Bar-40g-PL-600x750.png 600w\" sizes=\"auto, (max-width: 1122px) 100vw, 1122px\" \/><\/strong><\/p>\n<p><strong>Chrupi\u0105cy baton bia\u0142kowy z bia\u0142\u0105 czekolad\u0105 o zawarto\u015bci 20% bia\u0142ka, idealny jako szybka przek\u0105ska wspieraj\u0105ca regeneracj\u0119 mi\u0119\u015bni i energi\u0119 w ci\u0105gu dnia.<\/strong><\/p>\n","protected":false},"featured_media":54630,"comment_status":"closed","ping_status":"closed","template":"","meta":[],"product_brand":[991],"product_cat":[728,844],"product_tag":[1156,1165,1159,1157,1161,1163,1047,1162,1160,1164,948,1139,1158,1134],"class_list":{"0":"post-54635","1":"product","2":"type-product","3":"status-publish","4":"has-post-thumbnail","6":"product_brand-olimp-nutrition","7":"product_cat-suplementy-diety","8":"product_cat-batony-proteinowe","9":"product_tag-baton-bialkowy","10":"product_tag-baton-dla-aktywnych","11":"product_tag-baton-fitness","12":"product_tag-baton-proteinowy","13":"product_tag-baton-z-biala-czekolada","14":"product_tag-odzywki-sportowe","15":"product_tag-przekaska-bialkowa","16":"product_tag-przekaska-dla-sportowcow","17":"product_tag-przekaska-na-silownie","18":"product_tag-przekaska-w-podrozy","19":"product_tag-regeneracja-miesni","20":"product_tag-szybka-przekaska","21":"product_tag-wysoka-zawartosc-bialka","22":"product_tag-zdrowa-przekaska","24":"first","25":"instock","26":"taxable","27":"shipping-taxable","28":"purchasable","29":"product-type-variable"},"_links":{"self":[{"href":"https:\/\/muscleforge.nl\/pl\/wp-json\/wp\/v2\/product\/54635","targetHints":{"allow":["GET"]}}],"collection":[{"href":"https:\/\/muscleforge.nl\/pl\/wp-json\/wp\/v2\/product"}],"about":[{"href":"https:\/\/muscleforge.nl\/pl\/wp-json\/wp\/v2\/types\/product"}],"replies":[{"embeddable":true,"href":"https:\/\/muscleforge.nl\/pl\/wp-json\/wp\/v2\/comments?post=54635"}],"wp:featuredmedia":[{"embeddable":true,"href":"https:\/\/muscleforge.nl\/pl\/wp-json\/wp\/v2\/media\/54630"}],"wp:attachment":[{"href":"https:\/\/muscleforge.nl\/pl\/wp-json\/wp\/v2\/media?parent=54635"}],"wp:term":[{"taxonomy":"product_brand","embeddable":true,"href":"https:\/\/muscleforge.nl\/pl\/wp-json\/wp\/v2\/product_brand?post=54635"},{"taxonomy":"product_cat","embeddable":true,"href":"https:\/\/muscleforge.nl\/pl\/wp-json\/wp\/v2\/product_cat?post=54635"},{"taxonomy":"product_tag","embeddable":true,"href":"https:\/\/muscleforge.nl\/pl\/wp-json\/wp\/v2\/product_tag?post=54635"}],"curies":[{"name":"wp","href":"https:\/\/api.w.org\/{rel}","templated":true}]}}