{"id":55293,"date":"2025-10-10T15:21:00","date_gmt":"2025-10-10T13:21:00","guid":{"rendered":"https:\/\/muscleforge.nl\/product\/all-nutrtion-fking-delicious-butter-cookie-200g-milk-chocolate\/"},"modified":"2026-05-09T14:33:39","modified_gmt":"2026-05-09T12:33:39","slug":"all-nutrtion-fking-delicious-butter-cookie-200g-milk-chocolate","status":"publish","type":"product","link":"https:\/\/muscleforge.nl\/pl\/produkt\/all-nutrtion-fking-delicious-butter-cookie-200g-milk-chocolate\/","title":{"rendered":"ALL NUTRTION F**KING DELICIOUS Butter Cookie 200g Milk Chocolate"},"content":{"rendered":"<h3>\ud83d\udd25 Zalety produktu<\/h3>\n<p>\ud83c\udf6a kruche ma\u015blane ciasteczka z mleczn\u0105 czekolad\u0105<br \/>\n\ud83d\udeab bez dodatku cukru<br \/>\n\ud83c\udf6b polewa z mlecznej czekolady<br \/>\n\u26a1 s\u0142odzone maltitolem<br \/>\n\u2615 idealne do kawy i herbaty<br \/>\n\ud83c\udf92 \u015bwietne jako s\u0142odka przek\u0105ska w ci\u0105gu dnia<\/p>\n<h3>\ud83d\udc8a Opis produktu<\/h3>\n<p>ALLNUTRITION F**KING DELICIOUS Butter Cookie Milk Chocolate to pyszne kruche ciasteczka ma\u015blane udekorowane mleczn\u0105 czekolad\u0105 bez dodatku cukru \ud83c\udf6a<\/p>\n<p>Dzi\u0119ki zastosowaniu substancji s\u0142odz\u0105cych takich jak maltitol produkt oferuje przyjemny s\u0142odki smak przy ni\u017cszej zawarto\u015bci tradycyjnych cukr\u00f3w \ud83d\udeab<\/p>\n<p>Po\u0142\u0105czenie chrupi\u0105cych ma\u015blanych ciastek i delikatnej mlecznej czekolady zapewnia wyj\u0105tkowy smak kt\u00f3ry idealnie komponuje si\u0119 z kaw\u0105 lub herbat\u0105 \u2615<\/p>\n<p>Produkt stanowi smaczn\u0105 alternatyw\u0119 dla klasycznych s\u0142odyczy i \u015bwietnie sprawdza si\u0119 jako przek\u0105ska w ci\u0105gu dnia \ud83c\udf6b<\/p>\n<h3>\ud83d\udd52 Spos\u00f3b u\u017cycia<\/h3>\n<p>\ud83d\udca7 Spo\u017cywa\u0107 jako przek\u0105sk\u0119 w ci\u0105gu dnia<\/p>\n<h3>\ud83d\udce6 Ilo\u015b\u0107 porcji<\/h3>\n<p>\ud83d\udcca oko\u0142o 3\u20134 porcje w opakowaniu<\/p>\n<h3>\ud83d\udcca Tabela warto\u015bci od\u017cywczych<\/h3>\n<table>\n<thead>\n<tr>\n<th>Warto\u015b\u0107 od\u017cywcza<\/th>\n<th>100 g<\/th>\n<\/tr>\n<\/thead>\n<tbody>\n<tr>\n<td>Energia<\/td>\n<td>1959 kJ \/ 469 kcal<\/td>\n<\/tr>\n<tr>\n<td>T\u0142uszcz<\/td>\n<td>25 g<\/td>\n<\/tr>\n<tr>\n<td>w tym kwasy nasycone<\/td>\n<td>16 g<\/td>\n<\/tr>\n<tr>\n<td>W\u0119glowodany<\/td>\n<td>63 g<\/td>\n<\/tr>\n<tr>\n<td>w tym cukry<\/td>\n<td>2,8 g<\/td>\n<\/tr>\n<tr>\n<td>w tym poliole<\/td>\n<td>29 g<\/td>\n<\/tr>\n<tr>\n<td>B\u0142onnik<\/td>\n<td>2,9 g<\/td>\n<\/tr>\n<tr>\n<td>Bia\u0142ko<\/td>\n<td>8,2 g<\/td>\n<\/tr>\n<tr>\n<td>S\u00f3l<\/td>\n<td>0,33 g<\/td>\n<\/tr>\n<\/tbody>\n<\/table>\n<h3>\ud83e\uddfe Sk\u0142adniki<\/h3>\n<p>m\u0105ka pszenna, mleczna czekolada bez dodatku cukru 15% (substancja s\u0142odz\u0105ca: maltitole, pe\u0142ne mleko w proszku, t\u0142uszcz kakaowy, miazga kakaowa, serwatka w proszku z mleka, emulgator: lecytyny), substancja s\u0142odz\u0105ca: maltitole, t\u0142uszcze ro\u015blinne (olej kokosowy, olej rzepakowy), mas\u0142o 1,5% (z mleka), serwatka w proszku z mleka, skrobia ziemniaczana, aromat, substancja spulchniaj\u0105ca: w\u0119glany sodu, s\u00f3l<\/p>\n<h3>\u26a0\ufe0f Alergeny<\/h3>\n<p>zawiera pszenic\u0119 (gluten) oraz mleko mo\u017ce zawiera\u0107 orzeszki ziemne orzechy sezam soj\u0119 jaja i produkty pochodne<\/p>\n<h3>\ud83d\udce6 Przechowywanie<\/h3>\n<p>przechowywa\u0107 w suchym i ch\u0142odnym miejscu nadmierne spo\u017cycie mo\u017ce wywo\u0142a\u0107 efekt przeczyszczaj\u0105cy<\/p>\n","protected":false},"excerpt":{"rendered":"<p><strong><img loading=\"lazy\" decoding=\"async\" class=\"alignnone wp-image-55291 size-full\" src=\"https:\/\/muscleforge.nl\/wp-content\/uploads\/2026\/05\/ALL-NUTRTION-FKING-DELICIOUS-Butter-Cookie-200g-Milk-Chocolate-PL.png\" alt=\"\" width=\"1254\" height=\"1254\" srcset=\"https:\/\/muscleforge.nl\/wp-content\/uploads\/2026\/05\/ALL-NUTRTION-FKING-DELICIOUS-Butter-Cookie-200g-Milk-Chocolate-PL.png 1254w, https:\/\/muscleforge.nl\/wp-content\/uploads\/2026\/05\/ALL-NUTRTION-FKING-DELICIOUS-Butter-Cookie-200g-Milk-Chocolate-PL-300x300.png 300w, https:\/\/muscleforge.nl\/wp-content\/uploads\/2026\/05\/ALL-NUTRTION-FKING-DELICIOUS-Butter-Cookie-200g-Milk-Chocolate-PL-1024x1024.png 1024w, https:\/\/muscleforge.nl\/wp-content\/uploads\/2026\/05\/ALL-NUTRTION-FKING-DELICIOUS-Butter-Cookie-200g-Milk-Chocolate-PL-150x150.png 150w, https:\/\/muscleforge.nl\/wp-content\/uploads\/2026\/05\/ALL-NUTRTION-FKING-DELICIOUS-Butter-Cookie-200g-Milk-Chocolate-PL-768x768.png 768w, https:\/\/muscleforge.nl\/wp-content\/uploads\/2026\/05\/ALL-NUTRTION-FKING-DELICIOUS-Butter-Cookie-200g-Milk-Chocolate-PL-70x70.png 70w, https:\/\/muscleforge.nl\/wp-content\/uploads\/2026\/05\/ALL-NUTRTION-FKING-DELICIOUS-Butter-Cookie-200g-Milk-Chocolate-PL-360x360.png 360w, https:\/\/muscleforge.nl\/wp-content\/uploads\/2026\/05\/ALL-NUTRTION-FKING-DELICIOUS-Butter-Cookie-200g-Milk-Chocolate-PL-580x580.png 580w, https:\/\/muscleforge.nl\/wp-content\/uploads\/2026\/05\/ALL-NUTRTION-FKING-DELICIOUS-Butter-Cookie-200g-Milk-Chocolate-PL-860x860.png 860w, https:\/\/muscleforge.nl\/wp-content\/uploads\/2026\/05\/ALL-NUTRTION-FKING-DELICIOUS-Butter-Cookie-200g-Milk-Chocolate-PL-1160x1160.png 1160w, https:\/\/muscleforge.nl\/wp-content\/uploads\/2026\/05\/ALL-NUTRTION-FKING-DELICIOUS-Butter-Cookie-200g-Milk-Chocolate-PL-540x540.png 540w, https:\/\/muscleforge.nl\/wp-content\/uploads\/2026\/05\/ALL-NUTRTION-FKING-DELICIOUS-Butter-Cookie-200g-Milk-Chocolate-PL-600x600.png 600w, https:\/\/muscleforge.nl\/wp-content\/uploads\/2026\/05\/ALL-NUTRTION-FKING-DELICIOUS-Butter-Cookie-200g-Milk-Chocolate-PL-100x100.png 100w\" sizes=\"auto, (max-width: 1254px) 100vw, 1254px\" \/><\/strong><\/p>\n<p><strong>Kruche ma\u015blane ciasteczka z mleczn\u0105 czekolad\u0105 bez dodatku cukru \u2013 idealna s\u0142odka przek\u0105ska do kawy lub herbaty.<\/strong><\/p>\n","protected":false},"featured_media":55223,"comment_status":"closed","ping_status":"closed","template":"","meta":[],"product_brand":[1119],"product_cat":[728,849],"product_tag":[1033,1715,1712,1923,1927,1922,1135,1925,1714,1133,1924,1921,1720,1719,1930,1178,1724,1929,1928,1134,1926],"class_list":{"0":"post-55293","1":"product","2":"type-product","3":"status-publish","4":"has-post-thumbnail","6":"product_brand-all-nutrition","7":"product_cat-suplementy-diety","8":"product_cat-zdrowa-zywnosc-i-przekaski","9":"product_tag-allnutrition-pl","10":"product_tag-chrupiace-ciasteczka","11":"product_tag-ciasteczka-bez-cukru","12":"product_tag-ciasteczka-fitness","13":"product_tag-ciasteczka-proteinowe","14":"product_tag-ciasteczka-z-mleczna-czekolada","15":"product_tag-deser-fit","16":"product_tag-dietetyczne-slodycze","17":"product_tag-fit-przekaska","18":"product_tag-fit-slodycze","19":"product_tag-kruche-ciasteczka","20":"product_tag-maslane-ciasteczka","21":"product_tag-przekaska-do-herbaty","22":"product_tag-przekaska-do-kawy","23":"product_tag-przekaska-na-diecie","24":"product_tag-slodka-przekaska","25":"product_tag-slodycze-bez-dodatku-cukru","26":"product_tag-slodycze-fitness","27":"product_tag-snack-fit","28":"product_tag-zdrowa-przekaska","29":"product_tag-zdrowe-slodycze","31":"first","32":"instock","33":"taxable","34":"shipping-taxable","35":"purchasable","36":"product-type-simple"},"_links":{"self":[{"href":"https:\/\/muscleforge.nl\/pl\/wp-json\/wp\/v2\/product\/55293","targetHints":{"allow":["GET"]}}],"collection":[{"href":"https:\/\/muscleforge.nl\/pl\/wp-json\/wp\/v2\/product"}],"about":[{"href":"https:\/\/muscleforge.nl\/pl\/wp-json\/wp\/v2\/types\/product"}],"replies":[{"embeddable":true,"href":"https:\/\/muscleforge.nl\/pl\/wp-json\/wp\/v2\/comments?post=55293"}],"wp:featuredmedia":[{"embeddable":true,"href":"https:\/\/muscleforge.nl\/pl\/wp-json\/wp\/v2\/media\/55223"}],"wp:attachment":[{"href":"https:\/\/muscleforge.nl\/pl\/wp-json\/wp\/v2\/media?parent=55293"}],"wp:term":[{"taxonomy":"product_brand","embeddable":true,"href":"https:\/\/muscleforge.nl\/pl\/wp-json\/wp\/v2\/product_brand?post=55293"},{"taxonomy":"product_cat","embeddable":true,"href":"https:\/\/muscleforge.nl\/pl\/wp-json\/wp\/v2\/product_cat?post=55293"},{"taxonomy":"product_tag","embeddable":true,"href":"https:\/\/muscleforge.nl\/pl\/wp-json\/wp\/v2\/product_tag?post=55293"}],"curies":[{"name":"wp","href":"https:\/\/api.w.org\/{rel}","templated":true}]}}