{"id":6526,"date":"2020-09-30T17:41:10","date_gmt":"2020-09-30T15:41:10","guid":{"rendered":"https:\/\/muscleforge.nl\/product\/ciemna-strefa-okulary-przeciwsloneczne-rozowe\/"},"modified":"2024-04-12T20:57:34","modified_gmt":"2024-04-12T18:57:34","slug":"ciemna-strefa-okulary-przeciwsloneczne-rozowe","status":"publish","type":"product","link":"https:\/\/muscleforge.nl\/pl\/produkt\/ciemna-strefa-okulary-przeciwsloneczne-rozowe\/","title":{"rendered":"CIEMNA STREFA okulary przeciws\u0142oneczne, r\u00f3\u017cowe"},"content":{"rendered":"","protected":false},"excerpt":{"rendered":"","protected":false},"featured_media":6527,"comment_status":"closed","ping_status":"closed","template":"","meta":[],"product_brand":[],"product_cat":[774,780,795],"product_tag":[],"class_list":{"0":"post-6526","1":"product","2":"type-product","3":"status-publish","4":"has-post-thumbnail","6":"product_cat-akcesoria","7":"product_cat-akcesoria-uliczne","8":"product_cat-okulary-przeciwsloneczne","10":"first","11":"instock","12":"taxable","13":"shipping-taxable","14":"purchasable","15":"product-type-simple"},"_links":{"self":[{"href":"https:\/\/muscleforge.nl\/pl\/wp-json\/wp\/v2\/product\/6526","targetHints":{"allow":["GET"]}}],"collection":[{"href":"https:\/\/muscleforge.nl\/pl\/wp-json\/wp\/v2\/product"}],"about":[{"href":"https:\/\/muscleforge.nl\/pl\/wp-json\/wp\/v2\/types\/product"}],"replies":[{"embeddable":true,"href":"https:\/\/muscleforge.nl\/pl\/wp-json\/wp\/v2\/comments?post=6526"}],"wp:featuredmedia":[{"embeddable":true,"href":"https:\/\/muscleforge.nl\/pl\/wp-json\/wp\/v2\/media\/6527"}],"wp:attachment":[{"href":"https:\/\/muscleforge.nl\/pl\/wp-json\/wp\/v2\/media?parent=6526"}],"wp:term":[{"taxonomy":"product_brand","embeddable":true,"href":"https:\/\/muscleforge.nl\/pl\/wp-json\/wp\/v2\/product_brand?post=6526"},{"taxonomy":"product_cat","embeddable":true,"href":"https:\/\/muscleforge.nl\/pl\/wp-json\/wp\/v2\/product_cat?post=6526"},{"taxonomy":"product_tag","embeddable":true,"href":"https:\/\/muscleforge.nl\/pl\/wp-json\/wp\/v2\/product_tag?post=6526"}],"curies":[{"name":"wp","href":"https:\/\/api.w.org\/{rel}","templated":true}]}}