{"id":6603,"date":"2020-10-08T17:45:25","date_gmt":"2020-10-08T15:45:25","guid":{"rendered":"https:\/\/muscleforge.nl\/product\/olimp-blackweiler-shred-480g-exotic-orange\/"},"modified":"2024-12-30T14:14:24","modified_gmt":"2024-12-30T13:14:24","slug":"olimp-blackweiler-shred-480g-exotic-orange","status":"publish","type":"product","link":"https:\/\/muscleforge.nl\/pl\/produkt\/olimp-blackweiler-shred-480g-exotic-orange\/","title":{"rendered":"OLIMP BLACKWEILER SHRED 480g Pomara\u0144cza"},"content":{"rendered":"<h1 class=\"page-title-wrapper product\">OLIMP BLACKWEILER SHRED<\/h1>\n<div class=\"futured-list\">\n<h4><strong>OLIMP BLACKWEILER SHRED<\/strong> to zaawansowany suplement przedtreningowy, kt\u00f3ry \u0142\u0105czy w sobie sk\u0142adniki wspieraj\u0105ce energi\u0119, wydolno\u015b\u0107, redukcj\u0119 tkanki t\u0142uszczowej oraz koncentracj\u0119. Opracowany z my\u015bl\u0105 o osobach aktywnych fizycznie, ten produkt pozwala na osi\u0105ganie maksymalnych wynik\u00f3w treningowych dzi\u0119ki wielowymiarowemu dzia\u0142aniu.<\/h4>\n<h4><strong>Zalety produktu:<\/strong><\/h4>\n<ul>\n<li>Pot\u0119\u017cna dawka energii dzi\u0119ki kofeinie i sk\u0142adnikom termogenicznym<\/li>\n<li>Wspiera produkcj\u0119 tlenku azotu (NO) dla lepszej &#8222;pompy mi\u0119\u015bniowej&#8221;<\/li>\n<li>Zawiera sk\u0142adniki wspomagaj\u0105ce spalanie tkanki t\u0142uszczowej<\/li>\n<li>Zwi\u0119ksza koncentracj\u0119 i motywacj\u0119 podczas treningu<\/li>\n<li>Formu\u0142a o intensywnym dzia\u0142aniu, idealna dla wymagaj\u0105cych sportowc\u00f3w<\/li>\n<\/ul>\n<p><strong>OLIMP BLACKWEILER SHRED<\/strong> to innowacyjny suplement przedtreningowy, kt\u00f3ry dzia\u0142a na wielu p\u0142aszczyznach. Dzi\u0119ki kompleksowi sk\u0142adnik\u00f3w aktywuj\u0105cych termogenez\u0119 i metabolizm (m.in. ekstrakt z pieprzu kaje\u0144skiego i zielonej herbaty), wspiera efektywn\u0105 redukcj\u0119 tkanki t\u0142uszczowej. Dodatek prekursor\u00f3w tlenku azotu (arginina i cytrulina) poprawia przep\u0142yw krwi i intensyfikuje &#8222;pomp\u0119 mi\u0119\u015bniow\u0105&#8221;, co sprzyja lepszemu ukrwieniu i dotlenieniu mi\u0119\u015bni.<\/p>\n<p>Produkt dostarcza tak\u017ce solidnej dawki kofeiny, kt\u00f3ra zwi\u0119ksza poziom energii i poprawia koncentracj\u0119, co pozwala na bardziej efektywne treningi. Wzbogacenie o tauryn\u0119 i tyrozyn\u0119 wspiera funkcje umys\u0142owe, motywacj\u0119 i regeneracj\u0119, czyni\u0105c <strong>BLACKWEILER SHRED<\/strong> doskona\u0142ym wyborem dla os\u00f3b d\u0105\u017c\u0105cych do maksymalnych wynik\u00f3w treningowych.<\/p>\n<\/div>\n<p>&nbsp;<\/p>\n<h3><strong>Zalecana dzienna porcja<\/strong>:<\/h3>\n<p>1 porcja 3 razy dziennie, na oko\u0142o 30 minut przed treningami. 1 porcje 6 g (\u00bd miarki) rozpu\u015bci\u0107 w 100 ml wody. Spo\u017cy\u0107 zaraz po przygotowaniu.<\/p>\n<p>&nbsp;<\/p>\n<h3>Tabela warto\u015bci od\u017cywczych<\/h3>\n<div class=\"flex max-w-full flex-col flex-grow\">\n<div class=\"min-h-8 text-message flex w-full flex-col items-end gap-2 whitespace-normal break-words text-start [.text-message+&amp;]:mt-5\" dir=\"auto\" data-message-author-role=\"assistant\" data-message-id=\"ea6470ce-fe6e-4825-a53e-245debc8eb4c\" data-message-model-slug=\"gpt-4o\">\n<div class=\"flex w-full flex-col gap-1 empty:hidden first:pt-[3px]\">\n<div class=\"markdown prose w-full break-words dark:prose-invert light\">\n<table>\n<thead>\n<tr>\n<th><strong>Sk\u0142adnik aktywny<\/strong><\/th>\n<th><strong>1 porcja (6 g)<\/strong><\/th>\n<th><strong>2 porcje (12 g)<\/strong><\/th>\n<th><strong>3 porcje (18 g)<\/strong><\/th>\n<\/tr>\n<\/thead>\n<tbody>\n<tr>\n<td><strong>Armageddon Pump Formula<\/strong><\/td>\n<td><strong>2101 mg<\/strong><\/td>\n<td><strong>4202 mg<\/strong><\/td>\n<td><strong>6303 mg<\/strong><\/td>\n<\/tr>\n<tr>\n<td>Alfa-ketoglutaran L-argininy (AAKG)<\/td>\n<td><strong>1100 mg<\/strong><\/td>\n<td><strong>2200 mg<\/strong><\/td>\n<td><strong>3300 mg<\/strong><\/td>\n<\/tr>\n<tr>\n<td>&#8211; w tym L-arginina<\/td>\n<td>721 mg<\/td>\n<td>1441 mg<\/td>\n<td>2162 mg<\/td>\n<\/tr>\n<tr>\n<td>L-cytrulina<\/td>\n<td>500 mg<\/td>\n<td>1000 mg<\/td>\n<td>1500 mg<\/td>\n<\/tr>\n<tr>\n<td>Cytrynian sodu<\/td>\n<td>500 mg<\/td>\n<td>1000 mg<\/td>\n<td>1500 mg<\/td>\n<\/tr>\n<tr>\n<td>&#8211; w tym s\u00f3d<\/td>\n<td>115 mg<\/td>\n<td>230 mg<\/td>\n<td>345 mg<\/td>\n<\/tr>\n<tr>\n<td>Witamina B6<\/td>\n<td>0,93 mg (66%**)<\/td>\n<td>1,86 mg (133%**)<\/td>\n<td>2,79 mg (199%**)<\/td>\n<\/tr>\n<tr>\n<td><strong>Energy Storm Formula<\/strong><\/td>\n<td><strong>1283 mg<\/strong><\/td>\n<td><strong>2567 mg<\/strong><\/td>\n<td><strong>3850 mg<\/strong><\/td>\n<\/tr>\n<tr>\n<td>Beta-alanina<\/td>\n<td>800 mg<\/td>\n<td>1600 mg<\/td>\n<td>2400 mg<\/td>\n<\/tr>\n<tr>\n<td>Tauryna<\/td>\n<td>300 mg<\/td>\n<td>600 mg<\/td>\n<td>900 mg<\/td>\n<\/tr>\n<tr>\n<td>Wap\u0144<\/td>\n<td>93,7 mg<\/td>\n<td>187,4 mg (23%**)<\/td>\n<td>281,1 mg (35%**)<\/td>\n<\/tr>\n<tr>\n<td>Fosfor<\/td>\n<td>72,7 mg<\/td>\n<td>145,4 mg (21%**)<\/td>\n<td>218,1 mg (31%**)<\/td>\n<\/tr>\n<tr>\n<td>Niacyna (mg NE)<\/td>\n<td>16 mg (100%**)<\/td>\n<td>32 mg (200%**)<\/td>\n<td>48 mg (300%**)<\/td>\n<\/tr>\n<tr>\n<td>Tiamina (wit. B1)<\/td>\n<td>0,92 mg (84%**)<\/td>\n<td>1,84 mg (167%**)<\/td>\n<td>2,76 mg (251%**)<\/td>\n<\/tr>\n<tr>\n<td><strong>Inferno Shredding Matrix<\/strong><\/td>\n<td><strong>476 mg<\/strong><\/td>\n<td><strong>951 mg<\/strong><\/td>\n<td><strong>1427 mg<\/strong><\/td>\n<\/tr>\n<tr>\n<td>Ekstrakt wasabi (Wasabia japonica)<\/td>\n<td>200 mg<\/td>\n<td>400 mg<\/td>\n<td>600 mg<\/td>\n<\/tr>\n<tr>\n<td>Kofeina<\/td>\n<td>100 mg<\/td>\n<td>200 mg<\/td>\n<td>300 mg<\/td>\n<\/tr>\n<tr>\n<td>Ekstrakt kakaowca (Theobroma cacao L.)<\/td>\n<td>70 mg<\/td>\n<td>140 mg<\/td>\n<td>210 mg<\/td>\n<\/tr>\n<tr>\n<td>&#8211; w tym teobromina (24%)<\/td>\n<td>17 mg<\/td>\n<td>34 mg<\/td>\n<td>50 mg<\/td>\n<\/tr>\n<tr>\n<td>Ekstrakt imbiru (Zingiber officinale Rosc.)<\/td>\n<td>50 mg<\/td>\n<td>100 mg<\/td>\n<td>150 mg<\/td>\n<\/tr>\n<tr>\n<td>&#8211; w tym gingerole (5%)<\/td>\n<td>2,5 mg<\/td>\n<td>5 mg<\/td>\n<td>7,5 mg<\/td>\n<\/tr>\n<tr>\n<td>Ekstrakt zielonej herbaty (Camellia sinensis)<\/td>\n<td>50 mg<\/td>\n<td>100 mg<\/td>\n<td>150 mg<\/td>\n<\/tr>\n<tr>\n<td>&#8211; w tym EGCG (55%)<\/td>\n<td>27,5 mg<\/td>\n<td>55 mg<\/td>\n<td>82,5 mg<\/td>\n<\/tr>\n<tr>\n<td>Ekstrakt pieprzu kaje\u0144skiego (Capsicum annuum L.)<\/td>\n<td>5 mg<\/td>\n<td>10 mg<\/td>\n<td>15 mg<\/td>\n<\/tr>\n<tr>\n<td>&#8211; w tym kapsaicyna (8%)<\/td>\n<td>0,4 mg<\/td>\n<td>0,8 mg<\/td>\n<td>1,2 mg<\/td>\n<\/tr>\n<tr>\n<td>Ekstrakt pieprzu czarnego (Piper nigrum L.)<\/td>\n<td>0,7 mg<\/td>\n<td>1,4 mg<\/td>\n<td>2,1 mg<\/td>\n<\/tr>\n<tr>\n<td>&#8211; w tym piperyna (95%)<\/td>\n<td>0,67 mg<\/td>\n<td>1,3 mg<\/td>\n<td>2 mg<\/td>\n<\/tr>\n<\/tbody>\n<\/table>\n<p><strong>RWS<\/strong> \u2013 referencyjne warto\u015bci spo\u017cycia.<\/p>\n<p>&nbsp;<\/p>\n<\/div>\n<\/div>\n<\/div>\n<\/div>\n<p><strong>Sk\u0142adniki<\/strong>: alfa-ketoglutaran L-argininy, aromaty, beta-alanina, regulator kwasowo\u015bci &#8211; kwas cytrynowy; L-cytrulina, cytrynian sodu, sole wapniowe kwasu ortofosforowego (fosforan wapnia), tauryna, ekstrakt z korzenia wasabi (<em>Wasabia japonica<\/em>\u00a0(Miq.) Matsum.), substancja przeciwzbrylaj\u0105ca &#8211; dwutlenek krzemu; barwnik &#8211; E 150d (dla smaku spicy cola); kofeina, substancja zag\u0119szczaj\u0105ca &#8211; guma arabska; ekstrakt z nasion kakaowca (<em>Theobroma cacao<\/em>\u00a0L.), ekstrakt z k\u0142\u0105cza imbiru (<em>Zingiber officinale<\/em>\u00a0Rosc.), ekstrakt z li\u015bci zielonej herbaty (<em>Camellia sinensis<\/em>\u00a0(L.) Kuntze), substancje s\u0142odz\u0105ce &#8211; acesulfam K, sukraloza; amid kwasu nikotynowego &#8211; niacyna, ekstrakt z owocu pieprzu kaje\u0144skiego (<em>Capsicum annuum<\/em>\u00a0L.), ekstrakt z owocu pieprzu czarnego (<em>Piper nigrum<\/em>\u00a0L.), chlorowodorek pirydoksyny &#8211; wit. B6, chlorowodorek tiaminy &#8211; tiamina (wit. B1), barwniki: karoteny (A), karmin (B), ryboflawiny (C), E 150c (D), E 150d (E), E 133 (F).<\/p>\n<p>(A)-(F) &#8211; W zale\u017cno\u015bci od smaku produktu symbol (A-F) u\u017cytego sk\u0142adnika znajduje si\u0119 obok daty minimalnej trwa\u0142o\u015bci (najlepiej spo\u017cy\u0107 przed).<\/p>\n<p>&nbsp;<\/p>\n<p><strong>Uwaga:<\/strong>\u00a0wysoka zawarto\u015b\u0107 kofeiny; nie zaleca si\u0119 stosowania u dzieci, kobiet w ci\u0105\u017cy i kobiet karmi\u0105cych piersi\u0105 (zawarto\u015b\u0107 kofeiny: 100 mg\/ porcj\u0119 6 g, 200 mg\/ porcj\u0119 12 g, 300 mg\/ porcj\u0119 18 g = 95 mg\/ 100 ml). Nie zaleca si\u0119 stosowania u os\u00f3b z chorobami serca, nadci\u015bnieniem lub w przypadku nadwra\u017cliwo\u015bci na kt\u00f3rykolwiek ze sk\u0142adnik\u00f3w preparatu. Przechowywa\u0107 w spos\u00f3b niedost\u0119pnym dla ma\u0142ych dzieci. Dopuszczalne zbrylenie produktu nie wp\u0142ywaj\u0105ce na jego jako\u015b\u0107.<\/p>\n<p>Suplement diety przeznaczony dla os\u00f3b doros\u0142ych, aktywnych fizycznie oraz sportowc\u00f3w wyczynowych.<\/p>\n","protected":false},"excerpt":{"rendered":"<p>OLIMP BLACKWEILER SHRED OLIMP BLACKWEILER SHRED to zaawansowany suplement przedtreningowy, kt\u00f3ry \u0142\u0105czy w sobie sk\u0142adniki wspieraj\u0105ce energi\u0119, wydolno\u015b\u0107, redukcj\u0119 tkanki t\u0142uszczowej oraz koncentracj\u0119. Opracowany z my\u015bl\u0105 o osobach aktywnych fizycznie, ten produkt pozwala na osi\u0105ganie maksymalnych wynik\u00f3w treningowych dzi\u0119ki wielowymiarowemu dzia\u0142aniu. Zalety produktu: Pot\u0119\u017cna dawka energii dzi\u0119ki kofeinie i sk\u0142adnikom termogenicznym Wspiera produkcj\u0119 tlenku azotu&#8230;<\/p>\n","protected":false},"featured_media":8607,"comment_status":"closed","ping_status":"closed","template":"","meta":[],"product_brand":[],"product_cat":[728,862],"product_tag":[],"class_list":{"0":"post-6603","1":"product","2":"type-product","3":"status-publish","4":"has-post-thumbnail","6":"product_cat-suplementy-diety","7":"product_cat-przedtreningowki","9":"first","10":"instock","11":"featured","12":"taxable","13":"shipping-taxable","14":"purchasable","15":"product-type-simple"},"_links":{"self":[{"href":"https:\/\/muscleforge.nl\/pl\/wp-json\/wp\/v2\/product\/6603","targetHints":{"allow":["GET"]}}],"collection":[{"href":"https:\/\/muscleforge.nl\/pl\/wp-json\/wp\/v2\/product"}],"about":[{"href":"https:\/\/muscleforge.nl\/pl\/wp-json\/wp\/v2\/types\/product"}],"replies":[{"embeddable":true,"href":"https:\/\/muscleforge.nl\/pl\/wp-json\/wp\/v2\/comments?post=6603"}],"wp:featuredmedia":[{"embeddable":true,"href":"https:\/\/muscleforge.nl\/pl\/wp-json\/wp\/v2\/media\/8607"}],"wp:attachment":[{"href":"https:\/\/muscleforge.nl\/pl\/wp-json\/wp\/v2\/media?parent=6603"}],"wp:term":[{"taxonomy":"product_brand","embeddable":true,"href":"https:\/\/muscleforge.nl\/pl\/wp-json\/wp\/v2\/product_brand?post=6603"},{"taxonomy":"product_cat","embeddable":true,"href":"https:\/\/muscleforge.nl\/pl\/wp-json\/wp\/v2\/product_cat?post=6603"},{"taxonomy":"product_tag","embeddable":true,"href":"https:\/\/muscleforge.nl\/pl\/wp-json\/wp\/v2\/product_tag?post=6603"}],"curies":[{"name":"wp","href":"https:\/\/api.w.org\/{rel}","templated":true}]}}