{"id":9907,"date":"2020-12-08T16:18:56","date_gmt":"2020-12-08T15:18:56","guid":{"rendered":"https:\/\/muscleforge.nl\/product\/pit-bull-pasek-parciany-tnt-czarny\/"},"modified":"2025-02-09T17:27:52","modified_gmt":"2025-02-09T16:27:52","slug":"pit-bull-pasek-parciany-tnt-czarny","status":"publish","type":"product","link":"https:\/\/muscleforge.nl\/pl\/produkt\/pit-bull-pasek-parciany-tnt-czarny\/","title":{"rendered":"PIT BULL Pasek parciany TNT Czarny"},"content":{"rendered":"<div class=\"product__desc__content\" data-qa-product-description=\"\">\n<h3>Pasek parciany firmy\u00a0<span class=\"caps\">PIT<\/span>\u00a0<span class=\"caps\">BULL<\/span>\u00a0<span class=\"caps\">WEST<\/span>\u00a0<span class=\"caps\">COAST<\/span>.<\/h3>\n<ul>\n<li>\u0141atwa regulacja<\/li>\n<li>Wykonany z bardzo wytrzyma\u0142ych materia\u0142\u00f3w<\/li>\n<li>Metalowa klamra<\/li>\n<li>Klasyczny styl<\/li>\n<\/ul>\n<p><span class=\"caps\">D\u0141UGO\u015a\u0106<\/span>\u00a0120 CM<br \/>\n<span class=\"caps\">WYSOKO\u015a\u0106<\/span>\u00a0<span class=\"caps\">PASKA<\/span>\u00a04 CM<br \/>\n<span class=\"caps\">D\u0141UGO\u015a\u0106<\/span>\u00a0<span class=\"caps\">KLAMRY<\/span>\u00a010 CM<br \/>\n<span class=\"caps\">WYSOKO\u015a\u0106<\/span>\u00a0<span class=\"caps\">KLAMRY<\/span>\u00a04 CM<\/p>\n<\/div>\n<table class=\"product__desc__profile_table\">\n<tbody>\n<tr class=\"ng-star-inserted\">\n<th>Producent:<\/th>\n<td class=\"property_value\">Pit Bull<\/td>\n<\/tr>\n<tr class=\"ng-star-inserted\">\n<th class=\"ng-star-inserted\">Kolor:<\/th>\n<td class=\"property_value ng-star-inserted\"><span class=\"ng-star-inserted\">Czarny<\/span><\/td>\n<\/tr>\n<\/tbody>\n<\/table>\n","protected":false},"excerpt":{"rendered":"<p>Pasek parciany firmy\u00a0PIT\u00a0BULL\u00a0WEST\u00a0COAST. \u0141atwa regulacja Wykonany z bardzo wytrzyma\u0142ych materia\u0142\u00f3w Metalowa klamra Klasyczny styl D\u0141UGO\u015a\u0106\u00a0120 CM WYSOKO\u015a\u0106\u00a0PASKA\u00a04 CM D\u0141UGO\u015a\u0106\u00a0KLAMRY\u00a010 CM WYSOKO\u015a\u0106\u00a0KLAMRY\u00a04 CM Producent: Pit Bull Kolor: Czarny<\/p>\n","protected":false},"featured_media":13766,"comment_status":"closed","ping_status":"closed","template":"","meta":[],"product_brand":[],"product_cat":[774,780,788],"product_tag":[],"class_list":{"0":"post-9907","1":"product","2":"type-product","3":"status-publish","4":"has-post-thumbnail","6":"product_cat-akcesoria","7":"product_cat-akcesoria-uliczne","8":"product_cat-paski","10":"first","11":"instock","12":"sale","13":"taxable","14":"shipping-taxable","15":"purchasable","16":"product-type-simple"},"_links":{"self":[{"href":"https:\/\/muscleforge.nl\/pl\/wp-json\/wp\/v2\/product\/9907","targetHints":{"allow":["GET"]}}],"collection":[{"href":"https:\/\/muscleforge.nl\/pl\/wp-json\/wp\/v2\/product"}],"about":[{"href":"https:\/\/muscleforge.nl\/pl\/wp-json\/wp\/v2\/types\/product"}],"replies":[{"embeddable":true,"href":"https:\/\/muscleforge.nl\/pl\/wp-json\/wp\/v2\/comments?post=9907"}],"wp:featuredmedia":[{"embeddable":true,"href":"https:\/\/muscleforge.nl\/pl\/wp-json\/wp\/v2\/media\/13766"}],"wp:attachment":[{"href":"https:\/\/muscleforge.nl\/pl\/wp-json\/wp\/v2\/media?parent=9907"}],"wp:term":[{"taxonomy":"product_brand","embeddable":true,"href":"https:\/\/muscleforge.nl\/pl\/wp-json\/wp\/v2\/product_brand?post=9907"},{"taxonomy":"product_cat","embeddable":true,"href":"https:\/\/muscleforge.nl\/pl\/wp-json\/wp\/v2\/product_cat?post=9907"},{"taxonomy":"product_tag","embeddable":true,"href":"https:\/\/muscleforge.nl\/pl\/wp-json\/wp\/v2\/product_tag?post=9907"}],"curies":[{"name":"wp","href":"https:\/\/api.w.org\/{rel}","templated":true}]}}